{"id":818,"date":"2024-06-25T19:32:53","date_gmt":"2024-06-25T17:32:53","guid":{"rendered":"https:\/\/catinacciodolomiti.it\/sciare-sul-catinaccio-rosengarten\/"},"modified":"2024-08-05T16:58:16","modified_gmt":"2024-08-05T14:58:16","slug":"sciare-sul-catinaccio-rosengarten","status":"publish","type":"page","link":"https:\/\/catinacciodolomiti.it\/en\/sciare-sul-catinaccio-rosengarten\/","title":{"rendered":"SKIING ON THE CATINACCIO\/ROSENGARTEN"},"content":{"rendered":"<section class=\"l-section wpb_row us_custom_3976049e height_medium with_img\"><div class=\"l-section-img\" role=\"img\" data-img-width=\"2000\" data-img-height=\"859\" style=\"background-image: url(https:\/\/catinacciodolomiti.it\/wp-content\/uploads\/2024\/06\/background-inverno-2.jpg);background-position: center left;background-repeat: no-repeat;background-size: contain;\"><\/div><div class=\"l-section-overlay\" style=\"background:rgba(255,255,255,0.60)\"><\/div><div class=\"l-section-h i-cf\"><div class=\"g-cols vc_row via_grid cols_2 laptops-cols_inherit tablets-cols_inherit mobiles-cols_1 valign_middle type_default stacking_default\"><div class=\"wpb_column vc_column_container\"><div class=\"vc_column-inner\"><div class=\"ult-spacer spacer-69e22119732b5\" data-id=\"69e22119732b5\" data-height=\"50\" data-height-mobile=\"0\" data-height-tab=\"\" data-height-tab-portrait=\"0\" data-height-mobile-landscape=\"0\" style=\"clear:both;display:block;\"><\/div><div id=\"ultimate-heading-2669e22119732f9\" class=\"uvc-heading ult-adjust-bottom-margin ultimate-heading-2669e22119732f9 uvc-115 \" data-hspacer=\"line_only\"  data-halign=\"left\" style=\"text-align:left\"><div class=\"uvc-sub-heading ult-responsive\"  data-ultimate-target='.uvc-heading.ultimate-heading-2669e22119732f9 .uvc-sub-heading '  data-responsive-json-new='{\"font-size\":\"\",\"line-height\":\"\"}'  style=\"font-weight:normal;\">\n<h2>SKIING ON THE CATINACCIO\/ROSENGARTEN<\/h2>\n<\/div><div class=\"uvc-heading-spacer line_only\" style=\"margin-top:15px;margin-bottom:15px;height:2px;\"><span class=\"uvc-headings-line\" style=\"border-style:solid;border-bottom-width:2px;border-color:#f68b20;width:120px;\"><\/span><\/div><\/div><div class=\"ult-spacer spacer-69e221197332e\" data-id=\"69e221197332e\" data-height=\"20\" data-height-mobile=\"20\" data-height-tab=\"20\" data-height-tab-portrait=\"\" data-height-mobile-landscape=\"\" style=\"clear:both;display:block;\"><\/div><div class=\"wpb_text_column\"><div class=\"wpb_wrapper\"><p>You can reach the skiing area from Vigo di Fassa via a modern escalator that takes skiers from the centre of the village to the &#8220;Catinaccio&#8221; cable car departure station, or from Pera di Fassa with the &#8220;Vajolet 1&#8221;, &#8220;Vajolet 2&#8221; and &#8220;Pian Pecei&#8221; chairlifts.<\/p>\n<p>The area is well equipped for families: there\u2019s a large Baby Park where children can be left in the care of the Vigo Ski School, which organises skiing lessons, or the Mini Club for fun activities (www.scuolascivigo.com).<\/p>\n<\/div><\/div><\/div><\/div><div class=\"wpb_column vc_column_container us_custom_ff13c409 us_animate_this\"><div class=\"vc_column-inner\"><div class=\"g-cols wpb_row via_grid cols_1 laptops-cols_inherit tablets-cols_inherit mobiles-cols_1 valign_top type_default stacking_default\" style=\"--gap:1rem;\"><div data-us-scroll=\"{&quot;from_initial_position&quot;:&quot;0&quot;,&quot;start_position&quot;:&quot;0%&quot;,&quot;end_position&quot;:&quot;60%&quot;,&quot;delay&quot;:&quot;0.1s&quot;,&quot;translate_y_direction&quot;:&quot;up&quot;,&quot;translate_y_speed&quot;:&quot;0.3x&quot;}\" class=\"wpb_column vc_column_container has_scroll_effects has_translate_y\"><div class=\"vc_column-inner\"><div class=\"w-image align_none\" id=\"foto-1\"><div class=\"w-image-h\"><img decoding=\"async\" width=\"947\" height=\"1024\" src=\"https:\/\/catinacciodolomiti.it\/wp-content\/uploads\/2024\/06\/ski-947x1024.jpg\" class=\"attachment-large size-large\" alt=\"\" loading=\"lazy\" srcset=\"https:\/\/catinacciodolomiti.it\/wp-content\/uploads\/2024\/06\/ski-947x1024.jpg 947w, https:\/\/catinacciodolomiti.it\/wp-content\/uploads\/2024\/06\/ski-277x300.jpg 277w, https:\/\/catinacciodolomiti.it\/wp-content\/uploads\/2024\/06\/ski.jpg 1232w\" sizes=\"auto, (max-width: 947px) 100vw, 947px\" \/><\/div><\/div><\/div><\/div><div class=\"wpb_column vc_column_container\"><div class=\"vc_column-inner\"><div class=\"w-image align_none\" id=\"foto-2\"><div class=\"w-image-h\"><img decoding=\"async\" width=\"700\" height=\"666\" src=\"https:\/\/catinacciodolomiti.it\/wp-content\/uploads\/2024\/06\/ski-2.jpg\" class=\"attachment-large size-large\" alt=\"\" loading=\"lazy\" srcset=\"https:\/\/catinacciodolomiti.it\/wp-content\/uploads\/2024\/06\/ski-2.jpg 700w, https:\/\/catinacciodolomiti.it\/wp-content\/uploads\/2024\/06\/ski-2-300x285.jpg 300w\" sizes=\"auto, (max-width: 700px) 100vw, 700px\" \/><\/div><\/div><\/div><\/div><\/div><\/div><\/div><\/div><\/div><\/section><section class=\"l-section wpb_row height_medium width_full with_img\"><div class=\"l-section-img\" role=\"img\" data-img-width=\"1600\" data-img-height=\"925\" style=\"background-image: url(https:\/\/catinacciodolomiti.it\/wp-content\/uploads\/2024\/06\/background-inverno-1.jpg);\"><\/div><div class=\"l-section-h i-cf\"><div class=\"g-cols vc_row via_grid cols_1-4-1 laptops-cols_inherit tablets-cols_inherit mobiles-cols_1 valign_middle type_default stacking_default\"><div class=\"wpb_column vc_column_container us_custom_6df4bc3a has_text_color\"><div class=\"vc_column-inner\"><\/div><\/div><div class=\"wpb_column vc_column_container us_custom_044f310d\"><div class=\"vc_column-inner\"><div class=\"g-cols wpb_row via_grid cols_1 laptops-cols_inherit tablets-cols_inherit mobiles-cols_1 valign_middle type_default stacking_default\" style=\"--gap:3rem;\" id=\"caja-blanca\"><div class=\"wpb_column vc_column_container us_custom_8f7b07a9 us_animate_this\"><div class=\"vc_column-inner\"><div class=\"wpb_text_column\"><div class=\"wpb_wrapper\"><p style=\"text-align: center;\">The Th\u00f6ni slope running for 4.5 km from Pr\u00e0 Martin to Vigo di Fassa is both fun and a challenge. Today, you can reach it with one strong push! The new &#8220;Pr\u00e0 Martin-Th\u00f6ni&#8221; link is one of the most enjoyable and varied slopes in the Val di Fassa, and includes a red slope with a 700-metre descent full of bends and gradients that all skiers can enjoy. Capable skiers can test their skills on the black \u201cAlberto Tomba\u201d slope: the international champion trained at Ciampedie for many years, to the joy of many skiing enthusiasts and his fans<\/p>\n<p style=\"text-align: center;\">There are 6 refuges to choose from, 5 of which can also be reached on foot from the Vigo-Ciampedie cableway arrival station:<\/p>\n<p style=\"text-align: center;\">Baita Checco, Baita La Zondra, Baita Pr\u00e0 Martin, Rifugio Bellavista, Rifugio Ciampedie, Rifugio Negritella.<\/p>\n<p style=\"text-align: center;\">Rifugio Negritella is actually a high-altitude hotel with rooms for overnight stays.<\/p>\n<\/div><\/div><\/div><\/div><\/div><\/div><\/div><div class=\"wpb_column vc_column_container\"><div class=\"vc_column-inner\"><\/div><\/div><\/div><\/div><\/section>\n","protected":false},"excerpt":{"rendered":"SKIING ON THE CATINACCIO\/ROSENGARTEN You can reach the skiing area from Vigo di Fassa via a modern escalator that takes skiers from the centre of the village to the &#8220;Catinaccio&#8221; cable car departure station, or from Pera di Fassa with the &#8220;Vajolet 1&#8221;, &#8220;Vajolet 2&#8221; and &#8220;Pian Pecei&#8221; chairlifts. The area is well equipped for...","protected":false},"author":1,"featured_media":0,"parent":0,"menu_order":0,"comment_status":"closed","ping_status":"closed","template":"","meta":{"footnotes":""},"class_list":["post-818","page","type-page","status-publish","hentry"],"_links":{"self":[{"href":"https:\/\/catinacciodolomiti.it\/en\/wp-json\/wp\/v2\/pages\/818","targetHints":{"allow":["GET"]}}],"collection":[{"href":"https:\/\/catinacciodolomiti.it\/en\/wp-json\/wp\/v2\/pages"}],"about":[{"href":"https:\/\/catinacciodolomiti.it\/en\/wp-json\/wp\/v2\/types\/page"}],"author":[{"embeddable":true,"href":"https:\/\/catinacciodolomiti.it\/en\/wp-json\/wp\/v2\/users\/1"}],"replies":[{"embeddable":true,"href":"https:\/\/catinacciodolomiti.it\/en\/wp-json\/wp\/v2\/comments?post=818"}],"version-history":[{"count":3,"href":"https:\/\/catinacciodolomiti.it\/en\/wp-json\/wp\/v2\/pages\/818\/revisions"}],"predecessor-version":[{"id":821,"href":"https:\/\/catinacciodolomiti.it\/en\/wp-json\/wp\/v2\/pages\/818\/revisions\/821"}],"wp:attachment":[{"href":"https:\/\/catinacciodolomiti.it\/en\/wp-json\/wp\/v2\/media?parent=818"}],"curies":[{"name":"wp","href":"https:\/\/api.w.org\/{rel}","templated":true}]}}