{"id":774,"date":"2024-07-11T21:48:11","date_gmt":"2024-07-11T19:48:11","guid":{"rendered":"https:\/\/catinacciodolomiti.it\/contattaci-2\/"},"modified":"2024-09-11T16:42:35","modified_gmt":"2024-09-11T14:42:35","slug":"kontakt","status":"publish","type":"page","link":"https:\/\/catinacciodolomiti.it\/de\/kontakt\/","title":{"rendered":"KONTAKT"},"content":{"rendered":"<section class=\"l-section wpb_row us_custom_3976049e height_medium with_img\"><div class=\"l-section-img\" role=\"img\" data-img-width=\"1600\" data-img-height=\"1166\" style=\"background-image: url(https:\/\/catinacciodolomiti.it\/wp-content\/uploads\/2024\/07\/montana-02.jpg);background-repeat: no-repeat;\"><\/div><div class=\"l-section-overlay\" style=\"background:rgba(255,255,255,0.60)\"><\/div><div class=\"l-section-h i-cf\"><div class=\"g-cols vc_row via_grid cols_5-7 laptops-cols_inherit tablets-cols_inherit mobiles-cols_1 valign_top type_default stacking_default\"><div class=\"wpb_column vc_column_container\"><div class=\"vc_column-inner\"><div class=\"g-cols wpb_row via_grid cols_1 laptops-cols_inherit tablets-cols_inherit mobiles-cols_1 valign_top type_default stacking_default\" style=\"--gap:3rem;\"><div class=\"wpb_column vc_column_container\"><div class=\"vc_column-inner\"><div class=\"ult-spacer spacer-69d569dae7558\" data-id=\"69d569dae7558\" data-height=\"40\" data-height-mobile=\"40\" data-height-tab=\"40\" data-height-tab-portrait=\"\" data-height-mobile-landscape=\"\" style=\"clear:both;display:block;\"><\/div><div id=\"ultimate-heading-9469d569dae75a2\" class=\"uvc-heading ult-adjust-bottom-margin ultimate-heading-9469d569dae75a2 uvc-3775 \" data-hspacer=\"line_only\"  data-halign=\"left\" style=\"text-align:left\"><div class=\"uvc-sub-heading ult-responsive\"  data-ultimate-target='.uvc-heading.ultimate-heading-9469d569dae75a2 .uvc-sub-heading '  data-responsive-json-new='{\"font-size\":\"\",\"line-height\":\"\"}'  style=\"font-weight:normal;\">\n<h2>KONTAKT<\/h2>\n<\/div><div class=\"uvc-heading-spacer line_only\" style=\"margin-top:15px;margin-bottom:15px;height:2px;\"><span class=\"uvc-headings-line\" style=\"border-style:solid;border-bottom-width:2px;border-color:#f68b20;width:120px;\"><\/span><\/div><\/div><div class=\"ult-spacer spacer-69d569dae75da\" data-id=\"69d569dae75da\" data-height=\"20\" data-height-mobile=\"20\" data-height-tab=\"20\" data-height-tab-portrait=\"\" data-height-mobile-landscape=\"\" style=\"clear:both;display:block;\"><\/div><div class=\"wpb_text_column\"><div class=\"wpb_wrapper\"><p><strong>CATINACCIO IMPIANTI A FUNE S.P.A.<\/strong><\/p>\n<p>Strada de Col de M\u00e8, 10<br \/>\n38039 Vigo di Fassa (TN)<br \/>\nT. +<a href=\"tel:390462763242\">39 0462 763242<\/a> F. +<a href=\"tel:390462764533\">39 0462 764533<\/a><br \/>\n<a href=\"mailto:info@catinacciodolomiti.it\">info@catinacciodolomiti.it<\/a><br \/>\nPIVA 00180370223<\/p>\n<\/div><\/div><div class=\"w-socials us_custom_6fc2045e has_text_color color_text shape_square style_outlined hover_fade\" style=\"--gap:5px;\"><div class=\"w-socials-list\"><div class=\"w-socials-item facebook\"><a target=\"_blank\" href=\"https:\/\/www.facebook.com\/catinacciofunivie\" class=\"w-socials-item-link\" title=\"Facebook\" aria-label=\"Facebook\"><span class=\"w-socials-item-link-hover\"><\/span><i class=\"fab fa-facebook\"><\/i><\/a><div class=\"w-socials-item-popup\"><span>Facebook<\/span><\/div><\/div><div class=\"w-socials-item instagram\"><a target=\"_blank\" href=\"https:\/\/www.instagram.com\/catinaccio.rosengarten\/\" class=\"w-socials-item-link\" title=\"Instagram\" aria-label=\"Instagram\"><span class=\"w-socials-item-link-hover\"><\/span><i class=\"fab fa-instagram\"><\/i><\/a><div class=\"w-socials-item-popup\"><span>Instagram<\/span><\/div><\/div><\/div><\/div>[vc_raw_html]JTNDaWZyYW1lJTIwc3JjJTNEJTIyJTJGJTJGbWFwcy5nb29nbGUuY29tJTJGbWFwcyUzRnElM0RDQVRJTkFDQ0lPJTIwSU1QSUFOVEklMjBBJTIwRlVORSUyMFMuUC5BLiUyMFN0cmFkYSUyMGRlJTIwQ29sJTIwZGUlMjBNJUMzJUE4JTJDJTIwMTAlMjAzODAzOSUyMFZpZ28lMjBkaSUyMEZhc3NhJTIwJTI4VE4lMjklMjZhbXAlM0J6JTNEMTAlMjZhbXAlM0JobCUzRGl0JTI2YW1wJTNCdCUzRGslMjZhbXAlM0JvdXRwdXQlM0RlbWJlZCUyMiUyMHdpZHRoJTNEJTIyMTAwJTI1JTIyJTIwaGVpZ2h0JTNEJTIyMzAwcHglMjIlM0UlM0MlMkZpZnJhbWUlM0U=[\/vc_raw_html]<\/div><\/div><\/div><\/div><\/div><div class=\"wpb_column vc_column_container us_custom_ff13c409 us_animate_this\"><div class=\"vc_column-inner\"><div class=\"g-cols wpb_row via_grid cols_1 laptops-cols_inherit tablets-cols_inherit mobiles-cols_1 valign_top type_default stacking_default\" style=\"--gap:3rem;\" id=\"back-box\"><div class=\"wpb_column vc_column_container\"><div class=\"vc_column-inner\"><div id=\"ultimate-heading-813869d569dae8640\" class=\"uvc-heading ult-adjust-bottom-margin ultimate-heading-813869d569dae8640 uvc-8354 \" data-hspacer=\"line_only\"  data-halign=\"left\" style=\"text-align:left\"><div class=\"uvc-sub-heading ult-responsive\"  data-ultimate-target='.uvc-heading.ultimate-heading-813869d569dae8640 .uvc-sub-heading '  data-responsive-json-new='{\"font-size\":\"\",\"line-height\":\"\"}'  style=\"font-weight:normal;\">\n<h2>INFORMATIONEN ANFORDERN<\/h2>\n<\/div><div class=\"uvc-heading-spacer line_only\" style=\"margin-top:15px;margin-bottom:15px;height:2px;\"><span class=\"uvc-headings-line\" style=\"border-style:solid;border-bottom-width:2px;border-color:#f68b20;width:120px;\"><\/span><\/div><\/div><div class=\"ult-spacer spacer-69d569dae867e\" data-id=\"69d569dae867e\" data-height=\"20\" data-height-mobile=\"20\" data-height-tab=\"20\" data-height-tab-portrait=\"\" data-height-mobile-landscape=\"\" style=\"clear:both;display:block;\"><\/div><div class=\"wpb_text_column\"><div class=\"wpb_wrapper\"><p>Um weitere Informationen zu erhalten, k\u00f6nnen Sie das folgende Formular ausf\u00fcllen. Einer unserer Mitarbeiter wird Ihnen so schnell wie m\u00f6glich antworten und Ihnen alle notwendigen Informationen zur Verf\u00fcgung stellen.<\/p>\n<\/div><\/div>\n<div class=\"wpcf7 no-js\" id=\"wpcf7-f780-o1\" lang=\"de-DE\" dir=\"ltr\">\n<div class=\"screen-reader-response\"><p role=\"status\" aria-live=\"polite\" aria-atomic=\"true\"><\/p> <ul><\/ul><\/div>\n<form action=\"\/de\/wp-json\/wp\/v2\/pages\/774#wpcf7-f780-o1\" method=\"post\" class=\"wpcf7-form init\" aria-label=\"Kontaktformular\" novalidate=\"novalidate\" data-status=\"init\">\n<div style=\"display: none;\">\n<input type=\"hidden\" name=\"_wpcf7\" value=\"780\" \/>\n<input type=\"hidden\" name=\"_wpcf7_version\" value=\"5.9.8\" \/>\n<input type=\"hidden\" name=\"_wpcf7_locale\" value=\"de_DE\" \/>\n<input type=\"hidden\" name=\"_wpcf7_unit_tag\" value=\"wpcf7-f780-o1\" \/>\n<input type=\"hidden\" name=\"_wpcf7_container_post\" value=\"0\" \/>\n<input type=\"hidden\" name=\"_wpcf7_posted_data_hash\" value=\"\" \/>\n<\/div>\n<div id=\"responsive-form\" class=\"clearfix\">\n\t<div class=\"form-row\">\n\t\t<div class=\"column-half\">\n\t\t\t<p><span class=\"wpcf7-form-control-wrap\" data-name=\"first-name\"><input size=\"40\" maxlength=\"400\" class=\"wpcf7-form-control wpcf7-text wpcf7-validates-as-required\" aria-required=\"true\" aria-invalid=\"false\" placeholder=\"Vorname *\" value=\"\" type=\"text\" name=\"first-name\" \/><\/span>\n\t\t\t<\/p>\n\t\t<\/div>\n\t\t<div class=\"column-half\">\n\t\t\t<p><span class=\"wpcf7-form-control-wrap\" data-name=\"last-name\"><input size=\"40\" maxlength=\"400\" class=\"wpcf7-form-control wpcf7-text wpcf7-validates-as-required\" aria-required=\"true\" aria-invalid=\"false\" placeholder=\"Nachname *\" value=\"\" type=\"text\" name=\"last-name\" \/><\/span>\n\t\t\t<\/p>\n\t\t<\/div>\n\t<\/div>\n\t<div class=\"form-row\">\n\t\t<div class=\"column-half\">\n\t\t\t<p><span class=\"wpcf7-form-control-wrap\" data-name=\"your-emai\"><input size=\"40\" maxlength=\"400\" class=\"wpcf7-form-control wpcf7-email wpcf7-validates-as-required wpcf7-text wpcf7-validates-as-email\" aria-required=\"true\" aria-invalid=\"false\" placeholder=\"E-mail *\" value=\"\" type=\"email\" name=\"your-emai\" \/><\/span>\n\t\t\t<\/p>\n\t\t<\/div>\n\t\t<div class=\"column-half\">\n\t\t\t<p><span class=\"wpcf7-form-control-wrap\" data-name=\"your-phone\"><input size=\"40\" maxlength=\"400\" class=\"wpcf7-form-control wpcf7-tel wpcf7-validates-as-required wpcf7-text wpcf7-validates-as-tel\" aria-required=\"true\" aria-invalid=\"false\" placeholder=\"Telefon\" value=\"\" type=\"tel\" name=\"your-phone\" \/><\/span>\n\t\t\t<\/p>\n\t\t<\/div>\n\t<\/div>\n\t<div class=\"form-row\">\n\t\t<div class=\"column-full\">\n\t\t\t<p><span class=\"wpcf7-form-control-wrap\" data-name=\"acceptance-datenshutzauskunft\"><span class=\"wpcf7-form-control wpcf7-acceptance optional\"><span class=\"wpcf7-list-item\"><label><input type=\"checkbox\" name=\"acceptance-datenshutzauskunft\" value=\"1\" aria-invalid=\"false\" \/><span class=\"wpcf7-list-item-label\">F\u00fcr Newsletter einschreiben<\/span><\/label><\/span><\/span><\/span>\n\t\t\t<\/p>\n\t\t<\/div>\n\t\t<div class=\"column-full\">\n\t\t\t<p><span class=\"wpcf7-form-control-wrap\" data-name=\"acceptance-datenshutzauskunft\"><span class=\"wpcf7-form-control wpcf7-acceptance\"><span class=\"wpcf7-list-item\"><label><input type=\"checkbox\" name=\"acceptance-datenshutzauskunft\" value=\"1\" aria-invalid=\"false\" \/><span class=\"wpcf7-list-item-label\">* Ich nehme die Datenschutzauskunft an<\/span><\/label><\/span><\/span><\/span>\n\t\t\t<\/p>\n\t\t<\/div>\n\t<\/div>\n\t<div class=\"form-row\">\n\t\t<div class=\"column-full\">\n\t\t\t<p><span class=\"wpcf7-form-control-wrap\" data-name=\"your-message\"><textarea cols=\"40\" rows=\"10\" maxlength=\"2000\" class=\"wpcf7-form-control wpcf7-textarea\" aria-invalid=\"false\" placeholder=\"Nachricht *\" name=\"your-message\"><\/textarea><\/span>\n\t\t\t<\/p>\n\t\t<\/div>\n\t<\/div>\n\t<div class=\"form-row\">\n\t\t<div class=\"column-full\">\n\t\t\t<p><input class=\"wpcf7-form-control wpcf7-submit has-spinner\" type=\"submit\" value=\"SEND FORM\" \/>\n\t\t\t<\/p>\n\t\t<\/div>\n\t<\/div>\n<\/div><div class=\"wpcf7-response-output\" aria-hidden=\"true\"><\/div>\n<\/form>\n<\/div>\n<\/div><\/div><\/div><\/div><\/div><\/div><\/div><\/section>\n","protected":false},"excerpt":{"rendered":"KONTAKT CATINACCIO IMPIANTI A FUNE S.P.A. Strada de Col de M\u00e8, 10 38039 Vigo di Fassa (TN) T. +39 0462 763242 F. +39 0462 764533 info@catinacciodolomiti.it PIVA 00180370223 FacebookInstagram[vc_raw_html]JTNDaWZyYW1lJTIwc3JjJTNEJTIyJTJGJTJGbWFwcy5nb29nbGUuY29tJTJGbWFwcyUzRnElM0RDQVRJTkFDQ0lPJTIwSU1QSUFOVEklMjBBJTIwRlVORSUyMFMuUC5BLiUyMFN0cmFkYSUyMGRlJTIwQ29sJTIwZGUlMjBNJUMzJUE4JTJDJTIwMTAlMjAzODAzOSUyMFZpZ28lMjBkaSUyMEZhc3NhJTIwJTI4VE4lMjklMjZhbXAlM0J6JTNEMTAlMjZhbXAlM0JobCUzRGl0JTI2YW1wJTNCdCUzRGslMjZhbXAlM0JvdXRwdXQlM0RlbWJlZCUyMiUyMHdpZHRoJTNEJTIyMTAwJTI1JTIyJTIwaGVpZ2h0JTNEJTIyMzAwcHglMjIlM0UlM0MlMkZpZnJhbWUlM0U=[\/vc_raw_html] INFORMATIONEN ANFORDERN Um weitere Informationen zu erhalten, k\u00f6nnen Sie das folgende Formular ausf\u00fcllen. Einer unserer Mitarbeiter wird Ihnen so schnell wie m\u00f6glich antworten und Ihnen alle...","protected":false},"author":1,"featured_media":0,"parent":0,"menu_order":0,"comment_status":"closed","ping_status":"closed","template":"","meta":{"footnotes":""},"class_list":["post-774","page","type-page","status-publish","hentry"],"_links":{"self":[{"href":"https:\/\/catinacciodolomiti.it\/de\/wp-json\/wp\/v2\/pages\/774","targetHints":{"allow":["GET"]}}],"collection":[{"href":"https:\/\/catinacciodolomiti.it\/de\/wp-json\/wp\/v2\/pages"}],"about":[{"href":"https:\/\/catinacciodolomiti.it\/de\/wp-json\/wp\/v2\/types\/page"}],"author":[{"embeddable":true,"href":"https:\/\/catinacciodolomiti.it\/de\/wp-json\/wp\/v2\/users\/1"}],"replies":[{"embeddable":true,"href":"https:\/\/catinacciodolomiti.it\/de\/wp-json\/wp\/v2\/comments?post=774"}],"version-history":[{"count":9,"href":"https:\/\/catinacciodolomiti.it\/de\/wp-json\/wp\/v2\/pages\/774\/revisions"}],"predecessor-version":[{"id":1046,"href":"https:\/\/catinacciodolomiti.it\/de\/wp-json\/wp\/v2\/pages\/774\/revisions\/1046"}],"wp:attachment":[{"href":"https:\/\/catinacciodolomiti.it\/de\/wp-json\/wp\/v2\/media?parent=774"}],"curies":[{"name":"wp","href":"https:\/\/api.w.org\/{rel}","templated":true}]}}