{"id":758,"date":"2024-07-11T17:54:37","date_gmt":"2024-07-11T15:54:37","guid":{"rendered":"https:\/\/catinacciodolomiti.it\/il-sentiero-della-foresta\/"},"modified":"2025-06-03T08:43:47","modified_gmt":"2025-06-03T06:43:47","slug":"il-sentiero-della-foresta","status":"publish","type":"page","link":"https:\/\/catinacciodolomiti.it\/de\/il-sentiero-della-foresta\/","title":{"rendered":"DER WALDWEG"},"content":{"rendered":"<section class=\"l-section wpb_row us_custom_3976049e height_medium\"><div class=\"l-section-overlay\" style=\"background:rgba(255,255,255,0.60)\"><\/div><div class=\"l-section-h i-cf\"><div class=\"g-cols vc_row via_grid cols_2 laptops-cols_inherit tablets-cols_inherit mobiles-cols_1 valign_middle type_default stacking_default\"><div class=\"wpb_column vc_column_container\"><div class=\"vc_column-inner\"><div class=\"ult-spacer spacer-69da5ecc3a4b6\" data-id=\"69da5ecc3a4b6\" data-height=\"50\" data-height-mobile=\"0\" data-height-tab=\"\" data-height-tab-portrait=\"0\" data-height-mobile-landscape=\"0\" style=\"clear:both;display:block;\"><\/div><div id=\"ultimate-heading-888269da5ecc3a4fd\" class=\"uvc-heading ult-adjust-bottom-margin ultimate-heading-888269da5ecc3a4fd uvc-773 \" data-hspacer=\"line_only\"  data-halign=\"left\" style=\"text-align:left\"><div class=\"uvc-sub-heading ult-responsive\"  data-ultimate-target='.uvc-heading.ultimate-heading-888269da5ecc3a4fd .uvc-sub-heading '  data-responsive-json-new='{\"font-size\":\"\",\"line-height\":\"\"}'  style=\"font-weight:normal;\">\n<h2>DER WALDWEG<\/h2>\n<\/div><div class=\"uvc-heading-spacer line_only\" style=\"margin-top:15px;margin-bottom:15px;height:2px;\"><span class=\"uvc-headings-line\" style=\"border-style:solid;border-bottom-width:2px;border-color:#f68b20;width:120px;\"><\/span><\/div><\/div><div class=\"ult-spacer spacer-69da5ecc3a53a\" data-id=\"69da5ecc3a53a\" data-height=\"20\" data-height-mobile=\"20\" data-height-tab=\"20\" data-height-tab-portrait=\"\" data-height-mobile-landscape=\"\" style=\"clear:both;display:block;\"><\/div><div class=\"wpb_text_column\"><div class=\"wpb_wrapper\"><p>Der Waldweg ist ein Wanderweg mit zahlreichen Informationstafeln \u00fcber die Natur und das Hochgebirge. Kleine Totems, die dabei helfen sollen, die Besonderheiten unserer Umgebung zu verstehen und das Interesse f\u00fcr das Leben im Hochgebirgswald auf 2.000 Metern H\u00f6he zu wecken.<\/p>\n<p>Der Weg verl\u00e4uft entlang des Pfades Nr. 540 von Ciampedie nach Gardeccia. Ein einfacher Weg, der f\u00fcr alle geeignet ist. Es ist ein sehr beliebter Weg, der den vielen Wanderern n\u00fctzliche Informationen geben m\u00f6chte.<\/p>\n<\/div><\/div><div class=\"ult-spacer spacer-69da5ecc3a9c4\" data-id=\"69da5ecc3a9c4\" data-height=\"30\" data-height-mobile=\"30\" data-height-tab=\"30\" data-height-tab-portrait=\"\" data-height-mobile-landscape=\"\" style=\"clear:both;display:block;\"><\/div><div class=\"w-btn-wrapper align_none\"><a class=\"w-btn us-btn-style_2\" target=\"_blank\" href=\"https:\/\/catinacciodolomiti.it\/wp-content\/uploads\/2025\/05\/Testo-tedesco-sentiero-della-foresta.pdf\"><span class=\"w-btn-label\">LESEN SIE MEHR<\/span><\/a><\/div><\/div><\/div><div class=\"wpb_column vc_column_container us_custom_ff13c409 us_animate_this\"><div class=\"vc_column-inner\"><div class=\"w-image align_none\"><a target=\"_blank\" href=\"https:\/\/catinacciodolomiti.it\/wp-content\/uploads\/2025\/06\/DEPLIANT-SENTIERO-DELLA-FORESTA-2010-3.pdf\" aria-label=\"DEPLIANT SENTIERO DELLA FORESTA 2010\" class=\"w-image-h\"><img decoding=\"async\" width=\"1024\" height=\"768\" src=\"https:\/\/catinacciodolomiti.it\/wp-content\/uploads\/2025\/06\/DEPLIANT-SENTIERO-DELLA-FORESTA-2010-3-pdf-1024x768.jpg\" class=\"attachment-large size-large\" alt=\"\" loading=\"lazy\" \/><\/a><\/div><\/div><\/div><\/div><\/div><\/section>\n","protected":false},"excerpt":{"rendered":"DER WALDWEG Der Waldweg ist ein Wanderweg mit zahlreichen Informationstafeln \u00fcber die Natur und das Hochgebirge. Kleine Totems, die dabei helfen sollen, die Besonderheiten unserer Umgebung zu verstehen und das Interesse f\u00fcr das Leben im Hochgebirgswald auf 2.000 Metern H\u00f6he zu wecken. Der Weg verl\u00e4uft entlang des Pfades Nr. 540 von Ciampedie nach Gardeccia. Ein...","protected":false},"author":1,"featured_media":0,"parent":0,"menu_order":0,"comment_status":"closed","ping_status":"closed","template":"","meta":{"footnotes":""},"class_list":["post-758","page","type-page","status-publish","hentry"],"_links":{"self":[{"href":"https:\/\/catinacciodolomiti.it\/de\/wp-json\/wp\/v2\/pages\/758","targetHints":{"allow":["GET"]}}],"collection":[{"href":"https:\/\/catinacciodolomiti.it\/de\/wp-json\/wp\/v2\/pages"}],"about":[{"href":"https:\/\/catinacciodolomiti.it\/de\/wp-json\/wp\/v2\/types\/page"}],"author":[{"embeddable":true,"href":"https:\/\/catinacciodolomiti.it\/de\/wp-json\/wp\/v2\/users\/1"}],"replies":[{"embeddable":true,"href":"https:\/\/catinacciodolomiti.it\/de\/wp-json\/wp\/v2\/comments?post=758"}],"version-history":[{"count":7,"href":"https:\/\/catinacciodolomiti.it\/de\/wp-json\/wp\/v2\/pages\/758\/revisions"}],"predecessor-version":[{"id":1481,"href":"https:\/\/catinacciodolomiti.it\/de\/wp-json\/wp\/v2\/pages\/758\/revisions\/1481"}],"wp:attachment":[{"href":"https:\/\/catinacciodolomiti.it\/de\/wp-json\/wp\/v2\/media?parent=758"}],"curies":[{"name":"wp","href":"https:\/\/api.w.org\/{rel}","templated":true}]}}