{"id":752,"date":"2024-08-02T16:15:56","date_gmt":"2024-08-02T14:15:56","guid":{"rendered":"https:\/\/catinacciodolomiti.it\/panorama-pass\/"},"modified":"2025-03-21T12:11:01","modified_gmt":"2025-03-21T11:11:01","slug":"panorama-pass","status":"publish","type":"page","link":"https:\/\/catinacciodolomiti.it\/de\/panorama-pass\/","title":{"rendered":"PANORAMA PASS"},"content":{"rendered":"<section class=\"l-section wpb_row us_custom_3976049e height_medium\"><div class=\"l-section-overlay\" style=\"background:rgba(255,255,255,0.60)\"><\/div><div class=\"l-section-h i-cf\"><div class=\"g-cols vc_row via_grid cols_custom laptops-cols_inherit tablets-cols_inherit mobiles-cols_1 valign_middle type_default stacking_default\" style=\"--custom-columns:1fr 4fr 1fr \"><div class=\"wpb_column vc_column_container\"><div class=\"vc_column-inner\"><\/div><\/div><div class=\"wpb_column vc_column_container us_custom_ff13c409 us_animate_this\"><div class=\"vc_column-inner\"><div class=\"ult-spacer spacer-69e00a3d99918\" data-id=\"69e00a3d99918\" data-height=\"50\" data-height-mobile=\"0\" data-height-tab=\"\" data-height-tab-portrait=\"0\" data-height-mobile-landscape=\"0\" style=\"clear:both;display:block;\"><\/div><div id=\"ultimate-heading-545469e00a3d9995b\" class=\"uvc-heading ult-adjust-bottom-margin ultimate-heading-545469e00a3d9995b uvc-9686 \" data-hspacer=\"line_only\"  data-halign=\"center\" style=\"text-align:center\"><div class=\"uvc-sub-heading ult-responsive\"  data-ultimate-target='.uvc-heading.ultimate-heading-545469e00a3d9995b .uvc-sub-heading '  data-responsive-json-new='{\"font-size\":\"\",\"line-height\":\"\"}'  style=\"font-weight:normal;\">\n<h2>PANORAMA PASS:<\/h2>\n<\/div><div class=\"uvc-heading-spacer line_only\" style=\"margin-top:15px;margin-bottom:15px;height:2px;\"><span class=\"uvc-headings-line\" style=\"border-style:solid;border-bottom-width:2px;border-color:#f68b20;width:120px;\"><\/span><\/div><\/div><div class=\"ult-spacer spacer-69e00a3d99991\" data-id=\"69e00a3d99991\" data-height=\"20\" data-height-mobile=\"20\" data-height-tab=\"20\" data-height-tab-portrait=\"\" data-height-mobile-landscape=\"\" style=\"clear:both;display:block;\"><\/div><div class=\"wpb_text_column\"><div class=\"wpb_wrapper\"><h3 style=\"text-align: center;\">Ihre Eintrittskarte f\u00fcr die Dolomiten im Sommer<\/h3>\n<\/div><\/div><div class=\"wpb_text_column\"><div class=\"wpb_wrapper\"><p style=\"text-align: center;\"><strong>Der Panorama Pass<\/strong>\u00a0wurde nach dem Vorbild des Winterskipasses entwickelt und bietet die M\u00f6glichkeit, alle im Sommer ge\u00f6ffneten Bergbahnen im Fassatal zu nutzen: von der Marmolada \u00fcber den Pordoi, den Langkofel, den Rosengarten bis hin zur Costabella- und Monzoni-Gruppe.<\/p>\n<p style=\"text-align: center;\">Lernen Sie die Dolomiten kennen und lassen Sie sich in luftige H\u00f6hen bringen, um dann auf den vielen Wegen mit unterschiedlichen Schwierigkeitsgraden die Umgebung zu erkunden oder einfach auf der Terrasse einer der vielen Bergh\u00fctten gem\u00fctlich das bezaubernde Panorama zu genie\u00dfen.<\/p>\n<\/div><\/div><\/div><\/div><div class=\"wpb_column vc_column_container\"><div class=\"vc_column-inner\"><\/div><\/div><\/div><\/div><\/section><section class=\"l-section wpb_row height_medium with_img\"><div class=\"l-section-img\" role=\"img\" data-img-width=\"1000\" data-img-height=\"666\" style=\"background-image: url(https:\/\/catinacciodolomiti.it\/wp-content\/uploads\/2024\/06\/dsc0897_68-20210510-164439-60.jpg);background-repeat: no-repeat;\"><\/div><div class=\"l-section-h i-cf\"><div class=\"g-cols vc_row via_grid cols_custom laptops-cols_inherit tablets-cols_inherit mobiles-cols_1 valign_middle type_default stacking_default\" style=\"--custom-columns:1fr 4fr 1fr \"><div class=\"wpb_column vc_column_container us_custom_6df4bc3a has_text_color\"><div class=\"vc_column-inner\"><\/div><\/div><div class=\"wpb_column vc_column_container us_custom_044f310d\"><div class=\"vc_column-inner\"><div class=\"ult-spacer spacer-69e00a3d9ab3a\" data-id=\"69e00a3d9ab3a\" data-height=\"50\" data-height-mobile=\"50\" data-height-tab=\"50\" data-height-tab-portrait=\"\" data-height-mobile-landscape=\"\" style=\"clear:both;display:block;\"><\/div><div class=\"g-cols wpb_row via_grid cols_1 laptops-cols_inherit tablets-cols_inherit mobiles-cols_1 valign_top type_default stacking_default\" style=\"--gap:3rem;\" id=\"caja-blanca\"><div class=\"wpb_column vc_column_container\"><div class=\"vc_column-inner\"><div class=\"wpb_text_column\"><div class=\"wpb_wrapper\"><p style=\"text-align: center;\">Der Panorama Pass ist eine kostenlose und unbegrenzte (mehrere Fahrten pro Tag) Karte, die Ihnen Zugang zu den im Sommer im gesamten Fassatal ge\u00f6ffneten Bergbahnen bietet. Er kann an den Kassen der Skilifte in drei Formeln erworben werden: 3 in 6 Tagen, 6 in 6 Tagen oder 7 in 13 Tagen. .<\/p>\n<\/div><\/div><div class=\"ult-spacer spacer-69e00a3d9b329\" data-id=\"69e00a3d9b329\" data-height=\"30\" data-height-mobile=\"30\" data-height-tab=\"30\" data-height-tab-portrait=\"\" data-height-mobile-landscape=\"\" style=\"clear:both;display:block;\"><\/div><div class=\"w-btn-wrapper align_center\"><a class=\"w-btn us-btn-style_1\" target=\"_blank\" href=\"https:\/\/www.fassa.com\/de\/karten-und-vorteile\/panorama-pass\"><span class=\"w-btn-label\">Preise und Informationen<\/span><\/a><\/div><\/div><\/div><\/div><div class=\"ult-spacer spacer-69e00a3d9b957\" data-id=\"69e00a3d9b957\" data-height=\"50\" data-height-mobile=\"50\" data-height-tab=\"50\" data-height-tab-portrait=\"\" data-height-mobile-landscape=\"\" style=\"clear:both;display:block;\"><\/div><\/div><\/div><div class=\"wpb_column vc_column_container\"><div class=\"vc_column-inner\"><\/div><\/div><\/div><\/div><\/section>\n","protected":false},"excerpt":{"rendered":"PANORAMA PASS: Ihre Eintrittskarte f\u00fcr die Dolomiten im Sommer Der Panorama Pass\u00a0wurde nach dem Vorbild des Winterskipasses entwickelt und bietet die M\u00f6glichkeit, alle im Sommer ge\u00f6ffneten Bergbahnen im Fassatal zu nutzen: von der Marmolada \u00fcber den Pordoi, den Langkofel, den Rosengarten bis hin zur Costabella- und Monzoni-Gruppe. Lernen Sie die Dolomiten kennen und lassen Sie...","protected":false},"author":1,"featured_media":0,"parent":0,"menu_order":0,"comment_status":"closed","ping_status":"closed","template":"","meta":{"footnotes":""},"class_list":["post-752","page","type-page","status-publish","hentry"],"_links":{"self":[{"href":"https:\/\/catinacciodolomiti.it\/de\/wp-json\/wp\/v2\/pages\/752","targetHints":{"allow":["GET"]}}],"collection":[{"href":"https:\/\/catinacciodolomiti.it\/de\/wp-json\/wp\/v2\/pages"}],"about":[{"href":"https:\/\/catinacciodolomiti.it\/de\/wp-json\/wp\/v2\/types\/page"}],"author":[{"embeddable":true,"href":"https:\/\/catinacciodolomiti.it\/de\/wp-json\/wp\/v2\/users\/1"}],"replies":[{"embeddable":true,"href":"https:\/\/catinacciodolomiti.it\/de\/wp-json\/wp\/v2\/comments?post=752"}],"version-history":[{"count":5,"href":"https:\/\/catinacciodolomiti.it\/de\/wp-json\/wp\/v2\/pages\/752\/revisions"}],"predecessor-version":[{"id":1267,"href":"https:\/\/catinacciodolomiti.it\/de\/wp-json\/wp\/v2\/pages\/752\/revisions\/1267"}],"wp:attachment":[{"href":"https:\/\/catinacciodolomiti.it\/de\/wp-json\/wp\/v2\/media?parent=752"}],"curies":[{"name":"wp","href":"https:\/\/api.w.org\/{rel}","templated":true}]}}