{"id":744,"date":"2024-07-10T22:53:55","date_gmt":"2024-07-10T20:53:55","guid":{"rendered":"https:\/\/catinacciodolomiti.it\/escursioni-a-pagamento-con-le-guide-alpine\/"},"modified":"2025-07-05T10:31:42","modified_gmt":"2025-07-05T08:31:42","slug":"escursioni-a-pagamento-con-le-guide-alpine","status":"publish","type":"page","link":"https:\/\/catinacciodolomiti.it\/de\/escursioni-a-pagamento-con-le-guide-alpine\/","title":{"rendered":"WANDERUNG MIT DEN BERGF\u00dcHRERN"},"content":{"rendered":"<section class=\"l-section wpb_row us_custom_b48b2d62 height_medium\"><div class=\"l-section-overlay\" style=\"background:rgba(255,255,255,0.60)\"><\/div><div class=\"l-section-h i-cf\"><div class=\"g-cols vc_row via_grid cols_1 laptops-cols_inherit tablets-cols_inherit mobiles-cols_1 valign_middle type_default stacking_default\"><div class=\"wpb_column vc_column_container\"><div class=\"vc_column-inner\"><div class=\"ult-spacer spacer-69d5844dc31d3\" data-id=\"69d5844dc31d3\" data-height=\"90\" data-height-mobile=\"90\" data-height-tab=\"90\" data-height-tab-portrait=\"\" data-height-mobile-landscape=\"\" style=\"clear:both;display:block;\"><\/div><div class=\"g-cols wpb_row via_grid cols_1-4-1 laptops-cols_inherit tablets-cols_inherit mobiles-cols_1 valign_top type_default stacking_default\" style=\"--gap:3rem;\"><div class=\"wpb_column vc_column_container\"><div class=\"vc_column-inner\"><\/div><\/div><div class=\"wpb_column vc_column_container\"><div class=\"vc_column-inner\"><div id=\"ultimate-heading-593469d5844dc398e\" class=\"uvc-heading ult-adjust-bottom-margin ultimate-heading-593469d5844dc398e uvc-8089 \" data-hspacer=\"line_only\"  data-halign=\"center\" style=\"text-align:center\"><div class=\"uvc-sub-heading ult-responsive\"  data-ultimate-target='.uvc-heading.ultimate-heading-593469d5844dc398e .uvc-sub-heading '  data-responsive-json-new='{\"font-size\":\"\",\"line-height\":\"\"}'  style=\"font-weight:normal;\">\n<h2>WANDERUNG MIT DEN BERGF\u00dcHRERN<\/h2>\n<\/div><div class=\"uvc-heading-spacer line_only\" style=\"margin-top:15px;margin-bottom:15px;height:2px;\"><span class=\"uvc-headings-line\" style=\"border-style:solid;border-bottom-width:2px;border-color:#f68b20;width:120px;\"><\/span><\/div><\/div><div class=\"ult-spacer spacer-69d5844dc39c8\" data-id=\"69d5844dc39c8\" data-height=\"20\" data-height-mobile=\"20\" data-height-tab=\"20\" data-height-tab-portrait=\"\" data-height-mobile-landscape=\"\" style=\"clear:both;display:block;\"><\/div><div class=\"wpb_text_column\"><div class=\"wpb_wrapper\"><h3><strong>Mittwoch<\/strong><\/h3>\n<p>8:45 Uhr <strong>\u201eDer Rosengarten und die Torri del Vajolet\u201c<\/strong>: Ein unumg\u00e4nglicher Ort im Fassatal ist das Herz des Rosengartens, eines der Juwelen der Dolomiten. Von Pera aus geht es mit den Sesselliften bequem hinauf nach Pr\u00e0 Martin, wo uns der Anblick der Larsech-Felsen erwartet, die von majest\u00e4tischen Gipfeln wie Monzoni, Costabella, Cima Uomo, Marmolada, Pordoi, Sella und Langkofel umrahmt werden. Von hier aus beginnen wir unsere herrliche Rundwanderung am Fu\u00dfe des Rosengartenmassivs und der Vajolet-T\u00fcrme, mit einem Halt an der Vajolet- und Preuss-H\u00fctte f\u00fcr ein st\u00e4rkendes Mittagessen. Weiter geht es \u00fcber den Sentiero Panoramico di Re Laurino (K\u00f6nig-Laurin-Panoramaweg) zur\u00fcck nach Gardeccia, dann \u00fcber den Sentiero delle Leggende (Legendenweg) nach Pian Pecei und schlie\u00dflich mit dem Sessellift zur\u00fcck zu den Autos.<br \/>\nF\u00fcr Informationen und Reservierungen: tel. (0039) (0)462 763125 &#8211; <a href=\"mailto:infovigo@fassasport.com\">infovigo@fassasport.com<\/a><\/p>\n<\/div><\/div><\/div><\/div><div class=\"wpb_column vc_column_container\"><div class=\"vc_column-inner\"><\/div><\/div><\/div><\/div><\/div><\/div><\/div><\/section><section class=\"l-section wpb_row height_medium\"><div class=\"l-section-h i-cf\"><div class=\"g-cols vc_row via_grid cols_1 laptops-cols_inherit tablets-cols_inherit mobiles-cols_1 valign_top type_default stacking_default\"><div class=\"wpb_column vc_column_container\"><div class=\"vc_column-inner\"><div class=\"g-cols wpb_row us_custom_e4b57629 via_grid cols_2 laptops-cols_inherit tablets-cols_inherit mobiles-cols_1 valign_middle type_boxes stacking_default\" style=\"--gap:0rem;\"><div class=\"wpb_column vc_column_container us_custom_6df4bc3a has_text_color\"><div class=\"vc_column-inner\"><div class=\"wpb_text_column\"><div class=\"wpb_wrapper\"><h3><strong>Donnerstag<\/strong><\/h3>\n<p>6.50 Uhr \u201eLa Grande Traversata del Lago di Antermoia\u201c, Treffpunkt an der Talstation der Seilbahn Col Rodella in Campitello. Ein Ausflug zur Entdeckung des ber\u00fchmten herzf\u00f6rmigen Sees, eingebettet zwischen den Bergen der Rosengartengruppe. Diese recht anspruchsvolle Wanderung wird erleichtert, wenn man das Val Duron mit dem Gel\u00e4ndetaxi erreicht. Die Genugtuung, diesen verwunschenen Ort zu erreichen, l\u00e4sst die M\u00fcdigkeit der Wanderung vergessen. Weiter geht es zum Antermoia-Pass auf 2.770 m, von wo aus man einen atemberaubenden Blick auf den Rosengarten und die Torri del Vajolet hat. Nach einer Mittagspause in der Passo Principe-H\u00fctte steigen wir durch das sch\u00f6ne Vajolet-Tal, vorbei an den H\u00fctten Vajolet und Preuss, zur Conca del Gardeccia ab. Von Pian Pecei bringen uns zwei Sessellifte nach Pera di Fassa, von wo aus wir mit dem Bus nach Campitello fahren. F\u00fcr Informationen und Buchungen: Tel. 0462 763125 &#8211; infovigo@fassasport.com<\/p>\n<\/div><\/div><\/div><\/div><div class=\"wpb_column vc_column_container us_custom_1e4d5340 has_bg_color\"><div class=\"vc_column-inner\"><div class=\"ult-spacer spacer-69d5844dc4d1d\" data-id=\"69d5844dc4d1d\" data-height=\"400\" data-height-mobile=\"400\" data-height-tab=\"400\" data-height-tab-portrait=\"\" data-height-mobile-landscape=\"\" style=\"clear:both;display:block;\"><\/div><\/div><\/div><\/div><div class=\"g-cols wpb_row us_custom_e4b57629 via_grid cols_2 laptops-cols_inherit tablets-cols_inherit mobiles-cols_1 valign_middle type_boxes stacking_default\" style=\"--gap:0rem;\"><div class=\"wpb_column vc_column_container us_custom_04f1c9fc has_text_color has_bg_color\"><div class=\"vc_column-inner\"><div class=\"ult-spacer spacer-69d5844dc4f66\" data-id=\"69d5844dc4f66\" data-height=\"400\" data-height-mobile=\"400\" data-height-tab=\"400\" data-height-tab-portrait=\"\" data-height-mobile-landscape=\"\" style=\"clear:both;display:block;\"><\/div><\/div><\/div><div class=\"wpb_column vc_column_container us_custom_0f0f604c has_text_color\"><div class=\"vc_column-inner\"><div class=\"wpb_text_column\"><div class=\"wpb_wrapper\"><h3><strong>Sonntag<\/strong><\/h3>\n<p>08.45 Uhr \u201e\u00dcberquerung der Gran Roda di Vael\u201c Wir fahren mit der Seilbahn auf die herrliche Ciampedie-Hochebene, von wo aus wir ein au\u00dfergew\u00f6hnliches Panorama auf den Rosengarten, die Vajolet-T\u00fcrme und die Larsech-Felsen genie\u00dfen k\u00f6nnen. Von hier aus beginnt unsere aufregende Wanderung durch W\u00e4lder und Almwiesen hinauf zum herrlichen Amphitheater von Vael, das von der Gran Roda, dem Torre Finestra, der Sforcella und den Mugoni eingerahmt wird.<br \/>\nAn der Roda de Vael-H\u00fctte angekommen, genie\u00dfen wir ein schmackhaftes Mittagessen, bevor wir zum Costalunga-Pass weiterfahren, wo wir den Bus zur\u00fcck nach Vigo di Fassa nehmen. F\u00fcr Informationen und Reservierungen: Tel. 0462 763125 &#8211; infovigo@fassasport.com<\/p>\n<\/div><\/div><\/div><\/div><\/div><\/div><\/div><\/div><\/div><\/section><section class=\"l-section wpb_row us_custom_3188818e height_medium\"><div class=\"l-section-h i-cf\"><div class=\"g-cols vc_row via_grid cols_1 laptops-cols_inherit tablets-cols_inherit mobiles-cols_1 valign_top type_default stacking_default\"><div class=\"wpb_column vc_column_container\"><div class=\"vc_column-inner\"><div class=\"g-cols wpb_row via_grid cols_1-4-1 laptops-cols_inherit tablets-cols_inherit mobiles-cols_1 valign_top type_default stacking_default\" style=\"--gap:3rem;\"><div class=\"wpb_column vc_column_container\"><div class=\"vc_column-inner\"><\/div><\/div><div class=\"wpb_column vc_column_container us_custom_38bb2da8\" id=\"gray-background\"><div class=\"vc_column-inner\"><div class=\"wpb_text_column\"><div class=\"wpb_wrapper\"><p style=\"text-align: center; text-transform: uppercase;\"><strong>F\u00dcR INFORMATIONEN UND RESERVIERUNGEN: TEL. (0039) (0)462 763125 \u2013 <a href=\"mailto:infovigo@fassasport.com\">infovigo@fassasport.com<\/a><\/strong><\/p>\n<\/div><\/div><div class=\"ult-spacer spacer-69d5844dc59b8\" data-id=\"69d5844dc59b8\" data-height=\"30\" data-height-mobile=\"30\" data-height-tab=\"30\" data-height-tab-portrait=\"\" data-height-mobile-landscape=\"\" style=\"clear:both;display:block;\"><\/div><div class=\"w-btn-wrapper align_center\"><a class=\"w-btn us-btn-style_1\" href=\"https:\/\/fareharbor.com\/embeds\/book\/fassasport\/items\/?flow=572093&amp;full-items=yes\"><span class=\"w-btn-label\">HIER ONLINE BUCHEN!<\/span><\/a><\/div><\/div><\/div><div class=\"wpb_column vc_column_container\"><div class=\"vc_column-inner\"><\/div><\/div><\/div><\/div><\/div><\/div><\/div><\/section>\n","protected":false},"excerpt":{"rendered":"WANDERUNG MIT DEN BERGF\u00dcHRERN Mittwoch 8:45 Uhr \u201eDer Rosengarten und die Torri del Vajolet\u201c: Ein unumg\u00e4nglicher Ort im Fassatal ist das Herz des Rosengartens, eines der Juwelen der Dolomiten. Von Pera aus geht es mit den Sesselliften bequem hinauf nach Pr\u00e0 Martin, wo uns der Anblick der Larsech-Felsen erwartet, die von majest\u00e4tischen Gipfeln wie Monzoni,...","protected":false},"author":1,"featured_media":0,"parent":0,"menu_order":0,"comment_status":"closed","ping_status":"closed","template":"","meta":{"footnotes":""},"class_list":["post-744","page","type-page","status-publish","hentry"],"_links":{"self":[{"href":"https:\/\/catinacciodolomiti.it\/de\/wp-json\/wp\/v2\/pages\/744","targetHints":{"allow":["GET"]}}],"collection":[{"href":"https:\/\/catinacciodolomiti.it\/de\/wp-json\/wp\/v2\/pages"}],"about":[{"href":"https:\/\/catinacciodolomiti.it\/de\/wp-json\/wp\/v2\/types\/page"}],"author":[{"embeddable":true,"href":"https:\/\/catinacciodolomiti.it\/de\/wp-json\/wp\/v2\/users\/1"}],"replies":[{"embeddable":true,"href":"https:\/\/catinacciodolomiti.it\/de\/wp-json\/wp\/v2\/comments?post=744"}],"version-history":[{"count":28,"href":"https:\/\/catinacciodolomiti.it\/de\/wp-json\/wp\/v2\/pages\/744\/revisions"}],"predecessor-version":[{"id":1553,"href":"https:\/\/catinacciodolomiti.it\/de\/wp-json\/wp\/v2\/pages\/744\/revisions\/1553"}],"wp:attachment":[{"href":"https:\/\/catinacciodolomiti.it\/de\/wp-json\/wp\/v2\/media?parent=744"}],"curies":[{"name":"wp","href":"https:\/\/api.w.org\/{rel}","templated":true}]}}