{"id":737,"date":"2024-07-11T17:24:09","date_gmt":"2024-07-11T15:24:09","guid":{"rendered":"https:\/\/catinacciodolomiti.it\/escursioni-accompagnate-sul-catinaccio-2\/"},"modified":"2025-05-30T09:04:48","modified_gmt":"2025-05-30T07:04:48","slug":"begleitete-ausfluege","status":"publish","type":"page","link":"https:\/\/catinacciodolomiti.it\/de\/begleitete-ausfluege\/","title":{"rendered":"BEGLEITETE AUSFL\u00dcGE"},"content":{"rendered":"<section class=\"l-section wpb_row us_custom_3976049e height_medium with_img\"><div class=\"l-section-img\" role=\"img\" data-img-width=\"2000\" data-img-height=\"859\" style=\"background-image: url(https:\/\/catinacciodolomiti.it\/wp-content\/uploads\/2024\/06\/background.jpg);background-position: center left;background-repeat: no-repeat;background-size: contain;\"><\/div><div class=\"l-section-overlay\" style=\"background:rgba(255,255,255,0.60)\"><\/div><div class=\"l-section-h i-cf\"><div class=\"g-cols vc_row via_grid cols_2 laptops-cols_inherit tablets-cols_inherit mobiles-cols_1 valign_middle type_default stacking_default\"><div class=\"wpb_column vc_column_container\"><div class=\"vc_column-inner\"><div class=\"ult-spacer spacer-69e912faa0ef0\" data-id=\"69e912faa0ef0\" data-height=\"50\" data-height-mobile=\"0\" data-height-tab=\"\" data-height-tab-portrait=\"0\" data-height-mobile-landscape=\"0\" style=\"clear:both;display:block;\"><\/div><div id=\"ultimate-heading-383069e912faa0f3a\" class=\"uvc-heading ult-adjust-bottom-margin ultimate-heading-383069e912faa0f3a uvc-6478 \" data-hspacer=\"line_only\"  data-halign=\"left\" style=\"text-align:left\"><div class=\"uvc-sub-heading ult-responsive\"  data-ultimate-target='.uvc-heading.ultimate-heading-383069e912faa0f3a .uvc-sub-heading '  data-responsive-json-new='{\"font-size\":\"\",\"line-height\":\"\"}'  style=\"font-weight:normal;\">\n<h2>BEGLEITETE AUSFL\u00dcGE AM ROSENGARTEN<\/h2>\n<\/div><div class=\"uvc-heading-spacer line_only\" style=\"margin-top:15px;margin-bottom:15px;height:2px;\"><span class=\"uvc-headings-line\" style=\"border-style:solid;border-bottom-width:2px;border-color:#f68b20;width:120px;\"><\/span><\/div><\/div><div class=\"wpb_text_column\"><div class=\"wpb_wrapper\"><p>Programm\u00a0<strong>LEBE DEN BERG 2025 \u2026 LASS DICH MITREI\u00dfEN<\/strong>: In Vigo di Fassa und Pera di Fassa finden zahlreiche begleitete Aktivit\u00e4ten statt. Tauchen Sie in die Natur der Rosengarten-Gruppe ein und nehmen Sie nach Ihren Vorlieben und F\u00e4higkeiten an zahlreichen Ausfl\u00fcgen teil. Die Aktivit\u00e4ten finden in der H\u00f6he mit Ausgangspunkt Ciampedie statt und sind kostenlos (die Fahrt mit der Bergbahn ist zu zahlen).<\/p>\n<\/div><\/div><div class=\"ult-spacer spacer-69e912faa141c\" data-id=\"69e912faa141c\" data-height=\"20\" data-height-mobile=\"20\" data-height-tab=\"20\" data-height-tab-portrait=\"\" data-height-mobile-landscape=\"\" style=\"clear:both;display:block;\"><\/div><div class=\"ult-spacer spacer-69e912faa1445\" data-id=\"69e912faa1445\" data-height=\"30\" data-height-mobile=\"30\" data-height-tab=\"30\" data-height-tab-portrait=\"\" data-height-mobile-landscape=\"\" style=\"clear:both;display:block;\"><\/div><\/div><\/div><div class=\"wpb_column vc_column_container us_custom_ff13c409 us_animate_this\"><div class=\"vc_column-inner\"><div class=\"g-cols wpb_row via_grid cols_1 laptops-cols_inherit tablets-cols_inherit mobiles-cols_1 valign_top type_default stacking_default\" style=\"--gap:1rem;\"><div data-us-scroll=\"{&quot;from_initial_position&quot;:&quot;0&quot;,&quot;start_position&quot;:&quot;0%&quot;,&quot;end_position&quot;:&quot;60%&quot;,&quot;delay&quot;:&quot;0.1s&quot;,&quot;translate_y_direction&quot;:&quot;up&quot;,&quot;translate_y_speed&quot;:&quot;0.3x&quot;}\" class=\"wpb_column vc_column_container has_scroll_effects has_translate_y\"><div class=\"vc_column-inner\"><div class=\"w-image align_none\" id=\"foto-1\"><div class=\"w-image-h\"><img decoding=\"async\" width=\"750\" height=\"900\" src=\"https:\/\/catinacciodolomiti.it\/wp-content\/uploads\/2024\/07\/2.1.jpg\" class=\"attachment-large size-large\" alt=\"\" loading=\"lazy\" srcset=\"https:\/\/catinacciodolomiti.it\/wp-content\/uploads\/2024\/07\/2.1.jpg 750w, https:\/\/catinacciodolomiti.it\/wp-content\/uploads\/2024\/07\/2.1-250x300.jpg 250w\" sizes=\"auto, (max-width: 750px) 100vw, 750px\" \/><\/div><\/div><\/div><\/div><div class=\"wpb_column vc_column_container\"><div class=\"vc_column-inner\"><div class=\"w-image align_none\" id=\"foto-2\"><div class=\"w-image-h\"><img decoding=\"async\" width=\"1024\" height=\"930\" src=\"https:\/\/catinacciodolomiti.it\/wp-content\/uploads\/2024\/07\/2.2-1024x930.jpg\" class=\"attachment-large size-large\" alt=\"\" loading=\"lazy\" srcset=\"https:\/\/catinacciodolomiti.it\/wp-content\/uploads\/2024\/07\/2.2-1024x930.jpg 1024w, https:\/\/catinacciodolomiti.it\/wp-content\/uploads\/2024\/07\/2.2-300x273.jpg 300w, https:\/\/catinacciodolomiti.it\/wp-content\/uploads\/2024\/07\/2.2.jpg 1200w\" sizes=\"auto, (max-width: 1024px) 100vw, 1024px\" \/><\/div><\/div><\/div><\/div><\/div><\/div><\/div><\/div><\/div><\/section><section class=\"l-section wpb_row height_medium\"><div class=\"l-section-h i-cf\"><div class=\"g-cols vc_row via_grid cols_2 laptops-cols_inherit tablets-cols_inherit mobiles-cols_1 valign_top type_default stacking_default\"><div class=\"wpb_column vc_column_container\"><div class=\"vc_column-inner\"><div class=\"w-tabs style_default switch_click accordion has_scrolling\" style=\"--sections-title-size:inherit\"><div class=\"w-tabs-sections titles-align_none icon_chevron cpos_right\"><div class=\"w-tabs-section\" id=\"g2da\"><button class=\"w-tabs-section-header with_icon\" aria-controls=\"content-g2da\" aria-expanded=\"false\"><i class=\"fas fa-calendar\"><\/i><div class=\"w-tabs-section-title\">Montags um 9.30 Uhr<\/div><div class=\"w-tabs-section-control\"><\/div><\/button><div  class=\"w-tabs-section-content\" id=\"content-g2da\"><div class=\"w-tabs-section-content-h i-cf\"><div class=\"wpb_text_column\"><div class=\"wpb_wrapper\"><p><strong>Montags um 9.30 Uhr findet das Nordic Wandern unter den Gipfeln der Dolomiten statt<\/strong>: Ausflug nach Gardeccia mit Erlernen der Technik des Nordic Walkings und des Bergwanderns. Entlang des Weges erleben Sie einen Hydrotherapiekurs zwischen den Kieseln eines Baches unterhalb der Dolomitengipfel.<\/p>\n<\/div><\/div><\/div><\/div><\/div><div class=\"w-tabs-section\" id=\"g45b\"><button class=\"w-tabs-section-header with_icon\" aria-controls=\"content-g45b\" aria-expanded=\"false\"><i class=\"fas fa-calendar\"><\/i><div class=\"w-tabs-section-title\">Dienstags und Sonntags um 10.15 Uhr findet<\/div><div class=\"w-tabs-section-control\"><\/div><\/button><div  class=\"w-tabs-section-content\" id=\"content-g45b\"><div class=\"w-tabs-section-content-h i-cf\"><div class=\"wpb_text_column\"><div class=\"wpb_wrapper\"><p><strong>Dienstags und Sonntags um 10.15 Uhr findet \u201eTe coa de la Schier\u00e0tola\u201c\u00a0<\/strong>&#8211; im Bau des Eichh\u00f6rnchens- statt. Es handelt sich um eine leichte 2-st\u00fcndige Wanderung f\u00fcr alle geeignet, die es ihnen erm\u00f6glicht, den Wald und seine Pflanzen kennenzulernen. Wir werden auch f\u00e4hig sein, in den Lebensraum der Eichh\u00f6rnchen einzutauchen. Au\u00dferdem gibt es auch diese Neuheit: \u00a0man kann an unserem Wettbewerb &#8222;Mal einen Sessel aus&#8220; teilnehmen k\u00f6nnen: Zeichnen Sie, was Ihnen auf der Reise am besten gefallen hat, und geben Sie Ihre Zeichnung beim Bergf\u00fchrer oder bei den Kassen in Vigo oder Pera ab. Die drei sch\u00f6nsten Zeichnungen werden 3 Sessel vom lift Vajolet 1 schm\u00fccken.<\/p>\n<\/div><\/div><\/div><\/div><\/div><\/div><\/div><\/div><\/div><div class=\"wpb_column vc_column_container\"><div class=\"vc_column-inner\"><div class=\"w-tabs style_default switch_click accordion has_scrolling\" style=\"--sections-title-size:inherit\"><div class=\"w-tabs-sections titles-align_none icon_chevron cpos_right\"><div class=\"w-tabs-section\" id=\"qcfa\"><button class=\"w-tabs-section-header with_icon\" aria-controls=\"content-qcfa\" aria-expanded=\"false\"><i class=\"fas fa-calendar\"><\/i><div class=\"w-tabs-section-title\">Am Mittwoch um 9.15 Uhr<\/div><div class=\"w-tabs-section-control\"><\/div><\/button><div  class=\"w-tabs-section-content\" id=\"content-qcfa\"><div class=\"w-tabs-section-content-h i-cf\"><div class=\"wpb_text_column\"><div class=\"wpb_wrapper\"><p><strong>NICHT NUR BERG JUNGEN \/ ORIENTEERING (Die Lanternen von Vivane):<\/strong><\/p>\n<p>Teilen Sie Ihre Teilnahme an der Kasse f\u00fcr die Wanderung mit. Preis mit Liftanlage inbegriffen.In Ladinischen Legenden sind die Vivanen wundersch\u00f6ne Frauen mit menschlichen und \u00fcbernat\u00fcrlichen Merkmalen. Sie sind mysteri\u00f6se Kreaturen, die die W\u00e4lder des Fassatals bev\u00f6lkern und in der N\u00e4he von Wasserquellen in den H\u00f6hlen leben. Im Wald wird man sie kaum treffen k\u00f6nnen, und wenn das passiert, wird man eine Bregostena sehen.<\/p>\n<p>Es gibt viele Legenden, die mit diesen mystischen Figuren verbunden sind, aber heute beschr\u00e4nken wir uns darauf, ihre Laternen im Wald wiederzubekommen. Wir beginnen mit einer Abfahrt mit der Fly-line zu den Wiesen von Pian Pecei, dann Aufstieg mit dem Sessellift nach Ciampedie zur\u00fcck. Hier beginnt die Teamherausforderung. Jedem Team wird eine Farbe zugewiesen und Sie werden gleichzeitig zu verschiedenen Zielen fahren. Sie werden einen Kompass und die Richtung in Grad erhalten \u2026 und gute Schatzsuche! Das Team, das alle Laternen der Vivanen findet, wird mit einer Fly-Line fahrt belohnt.<\/p>\n<\/div><\/div><\/div><\/div><\/div><div class=\"w-tabs-section\" id=\"ye92\"><button class=\"w-tabs-section-header with_icon\" aria-controls=\"content-ye92\" aria-expanded=\"false\"><i class=\"fas fa-calendar\"><\/i><div class=\"w-tabs-section-title\">Donnerstag, 9.00 Uhr<\/div><div class=\"w-tabs-section-control\"><\/div><\/button><div  class=\"w-tabs-section-content\" id=\"content-ye92\"><div class=\"w-tabs-section-content-h i-cf\"><div class=\"wpb_text_column\"><div class=\"wpb_wrapper\"><p>Freitag, 10.00 Uhr:<\/p>\n<p>F\u00fcr den Falkner ist die Aus\u00fcbung seiner Kunst im wahrsten Sinne des Wortes kein Zeitvertreib, sondern eine Lebenseinstellung.<\/p>\n<p>Jeden Freitag im Juli und August, au\u00dfer Freitag, den 15. August<\/p>\n<p>\u201eDer Falkner soll die Kunst und die technische \u00dcbung nicht vernachl\u00e4ssigen, sondern sie mit Leidenschaft und Ausdauer aus\u00fcben, so dass er sich auch im Alter dieser Kunst nicht weniger widmen wird, da alles von der Liebe zu ihr herr\u00fchrt\u201c.<\/p>\n<p>(De arte venandi cum avibus)<\/p>\n<p>Erleben Sie einen Tag lang die Faszination einer jahrhundertealten Tradition und lassen Sie sich von einem mittelalterlichen Traum einlullen<\/p>\n<p>Sollte es regnen, findet die Veranstaltung im Veranstaltungszelt in Vigo di Fassa statt.<\/p>\n<\/div><\/div><\/div><\/div><\/div><\/div><\/div><\/div><\/div><\/div><\/div><\/section><section class=\"l-section wpb_row us_custom_26ba7309 height_auto width_full with_img\"><div class=\"l-section-img\" role=\"img\" data-img-width=\"1000\" data-img-height=\"750\" style=\"background-image: url(https:\/\/catinacciodolomiti.it\/wp-content\/uploads\/2024\/07\/07catinaccio-dolomit_2-20190327-163332-2.jpg);background-repeat: no-repeat;\"><\/div><div class=\"l-section-h i-cf\"><div class=\"g-cols vc_row via_grid cols_5-7 laptops-cols_inherit tablets-cols_inherit mobiles-cols_1 valign_middle type_default stacking_default\" style=\"--gap:0rem;\"><div class=\"wpb_column vc_column_container\"><div class=\"vc_column-inner\"><div class=\"ult-spacer spacer-69e912faa57a0\" data-id=\"69e912faa57a0\" data-height=\"350\" data-height-mobile=\"350\" data-height-tab=\"350\" data-height-tab-portrait=\"\" data-height-mobile-landscape=\"\" style=\"clear:both;display:block;\"><\/div><\/div><\/div><div class=\"wpb_column vc_column_container us_custom_8ee7804b has_text_color has_bg_color\"><div class=\"vc_column-inner\"><div class=\"ult-spacer spacer-69e912faa5967\" data-id=\"69e912faa5967\" data-height=\"100\" data-height-mobile=\"100\" data-height-tab=\"100\" data-height-tab-portrait=\"\" data-height-mobile-landscape=\"\" style=\"clear:both;display:block;\"><\/div><div class=\"wpb_text_column\"><div class=\"wpb_wrapper\"><p><em><strong>WIR EMPFEHLEN IHNEN, ANGEMESSENE SCHUHE UND KLEIDUNG ZU TRAGEN<\/strong><\/em><\/p>\n<\/div><\/div><div class=\"wpb_text_column\"><div class=\"wpb_wrapper\"><p>Nehmen Sie am Wettbewerb \u201eZeichnen Sie einen Stuhl\u201c teil. Zeichnen Sie nach der Exkursion \u201eTe coa de la schieratola\u201c oder dem \u201eDolo-MITICO CIRCUS WORKSHOP\u201c, was Ihnen am besten gefallen hat, und geben Sie Ihre Zeichnung beim Reiseleiter oder an den Kassen in Vigo oder Pera ab. Die drei repr\u00e4sentativsten Zeichnungen werden jeweils 3 Vajolet-St\u00fchle schm\u00fccken.<\/p>\n<p>Alle Termine des Programms \u201eLive the Mountain\u201c sind leicht und mittelschwer, um den Bed\u00fcrfnissen aller Wanderer gerecht zu werden. Sie richten sich sowohl an Anf\u00e4nger als auch an diejenigen, die keine allzu anspruchsvollen Wanderungen unternehmen m\u00f6chten, sowie an erfahrene Wanderer. Bei jedem Vorschlag erf\u00e4hrt man Interessantes \u00fcber die Gegend. F\u00fcr die Teilnahme ist keine Reservierung erforderlich. In jedem Fall k\u00f6nnen die Teilnehmer, sobald sie ihr Ziel erreicht haben, auf eigene Faust zu anderen Zielen der Rosengartengruppe weiterwandern.<\/p>\n<p>Ciampedie ist in 5 Minuten mit der Seilbahn von Vigo di Fassa oder in etwa 20 Minuten mit dem Sessellift von Pera di Fassa aus zu erreichen.<\/p>\n<\/div><\/div><div class=\"ult-spacer spacer-69e912faa5c2d\" data-id=\"69e912faa5c2d\" data-height=\"25\" data-height-mobile=\"25\" data-height-tab=\"25\" data-height-tab-portrait=\"\" data-height-mobile-landscape=\"\" style=\"clear:both;display:block;\"><\/div><div class=\"wpb_text_column\"><div class=\"wpb_wrapper\"><h3>Info:<\/h3>\n<p>tel. <a href=\"tel:0462763242\">0462 763242<\/a><br \/>\n<a href=\"mailto:info@catinacciodolomiti.it\">info@catinacciodolomiti.it<\/a><\/p>\n<\/div><\/div><div class=\"ult-spacer spacer-69e912faa5d8c\" data-id=\"69e912faa5d8c\" data-height=\"100\" data-height-mobile=\"100\" data-height-tab=\"100\" data-height-tab-portrait=\"\" data-height-mobile-landscape=\"\" style=\"clear:both;display:block;\"><\/div><\/div><\/div><\/div><\/div><\/section><section class=\"l-section wpb_row height_medium\"><div class=\"l-section-h i-cf\"><div class=\"g-cols vc_row via_grid cols_1 laptops-cols_inherit tablets-cols_inherit mobiles-cols_1 valign_top type_default stacking_default\"><div class=\"wpb_column vc_column_container\"><div class=\"vc_column-inner\"><div class=\"ult-spacer spacer-69e912faa60de\" data-id=\"69e912faa60de\" data-height=\"80\" data-height-mobile=\"80\" data-height-tab=\"80\" data-height-tab-portrait=\"\" data-height-mobile-landscape=\"\" style=\"clear:both;display:block;\"><\/div><div class=\"wpb_text_column\"><div class=\"wpb_wrapper\"><h2 style=\"text-align: center;\">NOVITA&#8216; ESTATE 2025<\/h2>\n<\/div><\/div><div class=\"ult-spacer spacer-69e912faa6235\" data-id=\"69e912faa6235\" data-height=\"40\" data-height-mobile=\"40\" data-height-tab=\"40\" data-height-tab-portrait=\"\" data-height-mobile-landscape=\"\" style=\"clear:both;display:block;\"><\/div><div class=\"g-cols wpb_row via_grid cols_2 laptops-cols_inherit tablets-cols_inherit mobiles-cols_1 valign_top type_default stacking_default\" style=\"--gap:3rem;\"><div class=\"wpb_column vc_column_container\"><div class=\"vc_column-inner\"><div class=\"wpb_text_column\" id=\"box-01\"><div class=\"wpb_wrapper\"><h4>Dolo-MYTHIC CIRCUS Workshop<br \/>\nJEDEN DIENSTAG IM JULI UND AUGUST um 14.30 Uhr Ciampedie c\/o Baby Park. (kostenlose Aktivit\u00e4t, Eintrittspreis Baby Park).<\/h4>\n<p>Unter der Leitung der Jongleure von Circensema k\u00f6nnen Sie die tausend Disziplinen des Zirkus erleben. B\u00e4lle, Taschent\u00fccher, Diabli und unz\u00e4hlige bunte Werkzeuge fliegen zwischen den Gipfeln des Rosengartens! Spielen, experimentieren, lernen und Spa\u00df haben; ein L\u00e4cheln ist garantiert.<\/p>\n<p>JEDEN DONNERSTAG IM JULI UND AUGUST um 14.30 Uhr Ciampedie c\/o Baby Park. (kostenlose Aktivit\u00e4t, Eintritt Baby Park).<\/p>\n<p>Ciapa la Montagnola (Fang das Murmeltier): Spiele und identifiziere dich mit den Figuren des verzauberten Waldes von Ciampedie, zeige die F\u00e4higkeiten des Murmeltiers, des Eichh\u00f6rnchens, des Adlers, des Fuchses, des J\u00e4gers und des F\u00f6rsters. Wirst du es schaffen, die verschwundenen Murmeltiere zu retten?<\/p>\n<\/div><\/div><\/div><\/div><div class=\"wpb_column vc_column_container\"><div class=\"vc_column-inner\"><div class=\"wpb_text_column\" id=\"box-01\"><div class=\"wpb_wrapper\"><h4><strong>PILATES\u00a0<\/strong><\/h4>\n<p>mit Elisa Penna (kostenpflichtige Aktivit\u00e4t mit Reservierung, f\u00fcr eine Erm\u00e4\u00dfigung an der Kasse vorzulegen)<br \/>\nBeweglichkeit und Widerstand gegen isometrische Kraft \/ Kontrolle und Gleichgewicht<br \/>\nFreitags<\/p>\n<p>Juli 3 &#8211; 10 &#8211; 24<\/p>\n<p>August 7 &#8211; 21 &#8211; 28<\/p>\n<p>BUCHEN<\/p>\n<\/div><\/div><div class=\"w-btn-wrapper align_center\"><a class=\"w-btn us-btn-style_2\" target=\"_blank\" href=\"https:\/\/docs.google.com\/forms\/d\/e\/1FAIpQLSe5ZPFbmWpO2Dpcmwna8YooMkhlyWn2twFOlnwKlEjvTe24KQ\/viewform\"><span class=\"w-btn-label\">KLICKEN SIE HIER<\/span><\/a><\/div><\/div><\/div><\/div><div class=\"ult-spacer spacer-69e912faa6cf7\" data-id=\"69e912faa6cf7\" data-height=\"30\" data-height-mobile=\"30\" data-height-tab=\"30\" data-height-tab-portrait=\"\" data-height-mobile-landscape=\"\" style=\"clear:both;display:block;\"><\/div><div class=\"ult-spacer spacer-69e912faa6d1d\" data-id=\"69e912faa6d1d\" data-height=\"80\" data-height-mobile=\"80\" data-height-tab=\"80\" data-height-tab-portrait=\"\" data-height-mobile-landscape=\"\" style=\"clear:both;display:block;\"><\/div><div class=\"g-cols wpb_row via_grid cols_1-4-1 laptops-cols_inherit tablets-cols_inherit mobiles-cols_1 valign_top type_default stacking_default\" style=\"--gap:3rem;\"><div class=\"wpb_column vc_column_container\"><div class=\"vc_column-inner\"><\/div><\/div><div class=\"wpb_column vc_column_container\"><div class=\"vc_column-inner\"><div class=\"wpb_text_column\"><div class=\"wpb_wrapper\"><h1 style=\"text-align: center;\"><strong>NEW<\/strong><\/h1>\n<p style=\"text-align: center;\">DIGIKARTE HIER HERUNTERLADEN<\/p>\n<\/div><\/div><div class=\"w-btn-wrapper align_center\"><a class=\"w-btn us-btn-style_1\" target=\"_blank\" href=\"https:\/\/catinaccio-impianti-estate.digimap.virtualalps.info\/it\"><span class=\"w-btn-label\">KLICKEN SIE HIER<\/span><\/a><\/div><\/div><\/div><div class=\"wpb_column vc_column_container\"><div class=\"vc_column-inner\"><\/div><\/div><\/div><\/div><\/div><\/div><\/div><\/section>\n","protected":false},"excerpt":{"rendered":"BEGLEITETE AUSFL\u00dcGE AM ROSENGARTEN Programm\u00a0LEBE DEN BERG 2025 \u2026 LASS DICH MITREI\u00dfEN: In Vigo di Fassa und Pera di Fassa finden zahlreiche begleitete Aktivit\u00e4ten statt. Tauchen Sie in die Natur der Rosengarten-Gruppe ein und nehmen Sie nach Ihren Vorlieben und F\u00e4higkeiten an zahlreichen Ausfl\u00fcgen teil. Die Aktivit\u00e4ten finden in der H\u00f6he mit Ausgangspunkt Ciampedie statt...","protected":false},"author":1,"featured_media":0,"parent":0,"menu_order":0,"comment_status":"closed","ping_status":"closed","template":"","meta":{"footnotes":""},"class_list":["post-737","page","type-page","status-publish","hentry"],"_links":{"self":[{"href":"https:\/\/catinacciodolomiti.it\/de\/wp-json\/wp\/v2\/pages\/737","targetHints":{"allow":["GET"]}}],"collection":[{"href":"https:\/\/catinacciodolomiti.it\/de\/wp-json\/wp\/v2\/pages"}],"about":[{"href":"https:\/\/catinacciodolomiti.it\/de\/wp-json\/wp\/v2\/types\/page"}],"author":[{"embeddable":true,"href":"https:\/\/catinacciodolomiti.it\/de\/wp-json\/wp\/v2\/users\/1"}],"replies":[{"embeddable":true,"href":"https:\/\/catinacciodolomiti.it\/de\/wp-json\/wp\/v2\/comments?post=737"}],"version-history":[{"count":13,"href":"https:\/\/catinacciodolomiti.it\/de\/wp-json\/wp\/v2\/pages\/737\/revisions"}],"predecessor-version":[{"id":1408,"href":"https:\/\/catinacciodolomiti.it\/de\/wp-json\/wp\/v2\/pages\/737\/revisions\/1408"}],"wp:attachment":[{"href":"https:\/\/catinacciodolomiti.it\/de\/wp-json\/wp\/v2\/media?parent=737"}],"curies":[{"name":"wp","href":"https:\/\/api.w.org\/{rel}","templated":true}]}}