{"id":717,"date":"2024-06-25T19:29:47","date_gmt":"2024-06-25T17:29:47","guid":{"rendered":"https:\/\/catinacciodolomiti.it\/estate\/"},"modified":"2024-08-05T21:39:10","modified_gmt":"2024-08-05T19:39:10","slug":"sommer","status":"publish","type":"page","link":"https:\/\/catinacciodolomiti.it\/de\/sommer\/","title":{"rendered":"SOMMER"},"content":{"rendered":"<section class=\"l-section wpb_row us_custom_3976049e height_medium with_img\"><div class=\"l-section-img\" role=\"img\" data-img-width=\"2000\" data-img-height=\"859\" style=\"background-image: url(https:\/\/catinacciodolomiti.it\/wp-content\/uploads\/2024\/06\/background-inverno.jpg);background-position: center left;background-repeat: no-repeat;background-size: contain;\"><\/div><div class=\"l-section-overlay\" style=\"background:rgba(255,255,255,0.60)\"><\/div><div class=\"l-section-h i-cf\"><div class=\"g-cols vc_row via_grid cols_2 laptops-cols_inherit tablets-cols_inherit mobiles-cols_1 valign_middle type_default stacking_default\"><div class=\"wpb_column vc_column_container\"><div class=\"vc_column-inner\"><div class=\"g-cols wpb_row via_grid cols_1 laptops-cols_inherit tablets-cols_inherit mobiles-cols_1 valign_top type_default stacking_default\" style=\"--gap:1rem;\"><div data-us-scroll=\"{&quot;from_initial_position&quot;:&quot;0&quot;,&quot;start_position&quot;:&quot;0%&quot;,&quot;end_position&quot;:&quot;60%&quot;,&quot;delay&quot;:&quot;0.1s&quot;,&quot;translate_y_direction&quot;:&quot;up&quot;,&quot;translate_y_speed&quot;:&quot;0.3x&quot;}\" class=\"wpb_column vc_column_container has_scroll_effects has_translate_y\"><div class=\"vc_column-inner\"><div class=\"w-image align_none\" id=\"foto-1\"><div class=\"w-image-h\"><img decoding=\"async\" width=\"750\" height=\"900\" src=\"https:\/\/catinacciodolomiti.it\/wp-content\/uploads\/2024\/07\/5.jpg\" class=\"attachment-large size-large\" alt=\"\" loading=\"lazy\" srcset=\"https:\/\/catinacciodolomiti.it\/wp-content\/uploads\/2024\/07\/5.jpg 750w, https:\/\/catinacciodolomiti.it\/wp-content\/uploads\/2024\/07\/5-250x300.jpg 250w\" sizes=\"auto, (max-width: 750px) 100vw, 750px\" \/><\/div><\/div><\/div><\/div><div class=\"wpb_column vc_column_container\"><div class=\"vc_column-inner\"><div class=\"w-image align_none\" id=\"foto-2\"><div class=\"w-image-h\"><img decoding=\"async\" width=\"1024\" height=\"930\" src=\"https:\/\/catinacciodolomiti.it\/wp-content\/uploads\/2024\/07\/5.1-1024x930.jpg\" class=\"attachment-large size-large\" alt=\"\" loading=\"lazy\" srcset=\"https:\/\/catinacciodolomiti.it\/wp-content\/uploads\/2024\/07\/5.1-1024x930.jpg 1024w, https:\/\/catinacciodolomiti.it\/wp-content\/uploads\/2024\/07\/5.1-300x273.jpg 300w, https:\/\/catinacciodolomiti.it\/wp-content\/uploads\/2024\/07\/5.1.jpg 1200w\" sizes=\"auto, (max-width: 1024px) 100vw, 1024px\" \/><\/div><\/div><\/div><\/div><\/div><\/div><\/div><div class=\"wpb_column vc_column_container us_custom_ff13c409 us_animate_this\"><div class=\"vc_column-inner\"><div class=\"ult-spacer spacer-69d5562650377\" data-id=\"69d5562650377\" data-height=\"50\" data-height-mobile=\"0\" data-height-tab=\"\" data-height-tab-portrait=\"0\" data-height-mobile-landscape=\"0\" style=\"clear:both;display:block;\"><\/div><div id=\"ultimate-heading-936069d55626503ca\" class=\"uvc-heading ult-adjust-bottom-margin ultimate-heading-936069d55626503ca uvc-4260 \" data-hspacer=\"line_only\"  data-halign=\"left\" style=\"text-align:left\"><div class=\"uvc-sub-heading ult-responsive\"  data-ultimate-target='.uvc-heading.ultimate-heading-936069d55626503ca .uvc-sub-heading '  data-responsive-json-new='{\"font-size\":\"\",\"line-height\":\"\"}'  style=\"font-weight:normal;\">\n<h2>SOMMER AM ROSENGARTEN<\/h2>\n<\/div><div class=\"uvc-heading-spacer line_only\" style=\"margin-top:15px;margin-bottom:15px;height:2px;\"><span class=\"uvc-headings-line\" style=\"border-style:solid;border-bottom-width:2px;border-color:#f68b20;width:120px;\"><\/span><\/div><\/div><div class=\"ult-spacer spacer-69d556265040c\" data-id=\"69d556265040c\" data-height=\"20\" data-height-mobile=\"20\" data-height-tab=\"20\" data-height-tab-portrait=\"\" data-height-mobile-landscape=\"\" style=\"clear:both;display:block;\"><\/div><div class=\"wpb_text_column\"><div class=\"wpb_wrapper\"><p>Im Sommer ist der Rosengarten der ideale Ort, um seine Ferien in den Alpen zu verbringen und jeden Tag die rot leuchtenden Gipfel in der D\u00e4mmerung zu bewundern. In der Tat ist der Rosengarten durch die Legende des K\u00f6nigs Laurin mit der eindrucksvollen Szene der \u201ebleichen Berge\u201c ber\u00fchmt geworden:<\/p>\n<p>Man erz\u00e4hlt, dass K\u00f6nig Laurin den Rosengarten, der einst sein gr\u00f6\u00dfter Stolz war, aufgrund seiner unerwiderten Liebe zu Similde, der sch\u00f6nen K\u00f6nigstochter, verfluchte. \u201eWeder der helle Tag noch die finstere Nacht sollten den Rosengarten je wieder sehen!\u201c Laurin verga\u00df dabei jedoch die D\u00e4mmerung, den Moment, der den Tag von der Nacht trennt. Von da an f\u00e4rbt sich der Rosengarten morgens und abends rot \u2013 das Enrosadira-Ph\u00e4nomen.<\/p>\n<\/div><\/div><\/div><\/div><\/div><\/div><\/section><section class=\"l-section wpb_row height_medium width_full with_img\"><div class=\"l-section-img\" role=\"img\" data-img-width=\"2000\" data-img-height=\"1332\" style=\"background-image: url(https:\/\/catinacciodolomiti.it\/wp-content\/uploads\/2024\/06\/002-angeli-20_41-20190516-152105-6.jpg);background-repeat: no-repeat;\"><\/div><div class=\"l-section-h i-cf\"><div class=\"g-cols vc_row via_grid cols_1-2-1 laptops-cols_inherit tablets-cols_inherit mobiles-cols_1 valign_middle type_default stacking_default\"><div class=\"wpb_column vc_column_container us_custom_6df4bc3a has_text_color\"><div class=\"vc_column-inner\"><\/div><\/div><div class=\"wpb_column vc_column_container us_custom_044f310d\"><div class=\"vc_column-inner\"><div class=\"ult-spacer spacer-69d5562651673\" data-id=\"69d5562651673\" data-height=\"50\" data-height-mobile=\"50\" data-height-tab=\"50\" data-height-tab-portrait=\"\" data-height-mobile-landscape=\"\" style=\"clear:both;display:block;\"><\/div><div class=\"g-cols wpb_row via_grid cols_1 laptops-cols_inherit tablets-cols_inherit mobiles-cols_1 valign_top type_default stacking_default\" style=\"--gap:3rem;\" id=\"caja-blanca\"><div class=\"wpb_column vc_column_container\"><div class=\"vc_column-inner\"><div class=\"wpb_text_column\"><div class=\"wpb_wrapper\"><p style=\"text-align: center;\">Der Sommer am Rosengarten zwischen den Gipfeln der Dolomiten, die zum UNESCO-Weltkulturerbe geh\u00f6ren, wird Sie verzaubern und mit seinen zahlreichen M\u00f6glichkeiten \u00fcberraschen.<\/p>\n<\/div><\/div><div class=\"ult-spacer spacer-69d5562651b79\" data-id=\"69d5562651b79\" data-height=\"30\" data-height-mobile=\"30\" data-height-tab=\"30\" data-height-tab-portrait=\"\" data-height-mobile-landscape=\"\" style=\"clear:both;display:block;\"><\/div><div class=\"w-btn-wrapper align_center\"><a class=\"w-btn us-btn-style_1 icon_atleft\" href=\"https:\/\/www.calameo.com\/read\/00631034321ef2944fae5?page=1\"><i class=\"fas fa-list\"><\/i><span class=\"w-btn-label\">LADEN SIE HIER DIE WANDERKARTE HERUNTER<\/span><\/a><\/div><\/div><\/div><\/div><div class=\"ult-spacer spacer-69d55626520db\" data-id=\"69d55626520db\" data-height=\"50\" data-height-mobile=\"50\" data-height-tab=\"50\" data-height-tab-portrait=\"\" data-height-mobile-landscape=\"\" style=\"clear:both;display:block;\"><\/div><\/div><\/div><div class=\"wpb_column vc_column_container\"><div class=\"vc_column-inner\"><\/div><\/div><\/div><\/div><\/section><section class=\"l-section wpb_row height_medium\"><div class=\"l-section-h i-cf\"><div class=\"g-cols vc_row via_grid cols_1 laptops-cols_inherit tablets-cols_inherit mobiles-cols_1 valign_top type_default stacking_default\"><div class=\"wpb_column vc_column_container\"><div class=\"vc_column-inner\"><div class=\"ult-spacer spacer-69d5562652545\" data-id=\"69d5562652545\" data-height=\"50\" data-height-mobile=\"50\" data-height-tab=\"50\" data-height-tab-portrait=\"\" data-height-mobile-landscape=\"\" style=\"clear:both;display:block;\"><\/div><div class=\"w-grid type_grid layout_portfolio_12 cols_4 ratio_1x1\" id=\"us_grid_1\" style=\"--gap:0.5rem;\" data-filterable=\"true\"><style>@media (max-width:1380px){#us_grid_1 .w-grid-item{width:33.3333%}#us_grid_1 .w-grid-item.size_2x1,#us_grid_1 .w-grid-item.size_2x2{width:66.6667%}}@media (max-width:1024px){#us_grid_1 .w-grid-item{width:50%}#us_grid_1 .w-grid-item.size_2x1,#us_grid_1 .w-grid-item.size_2x2{width:100%}}@media (max-width:600px){#us_grid_1 .w-grid-list{margin:0}#us_grid_1 .w-grid-item{width:100%;padding:0;margin-bottom:var(--gap,0px)}}.layout_portfolio_12 .w-grid-item-h:before{padding-bottom:100%}@media (min-width:601px){.layout_portfolio_12 .w-grid-item.size_1x2 .w-grid-item-h:before{padding-bottom:calc(200% + var(--gap,0px) * 2)}.layout_portfolio_12 .w-grid-item.size_2x1 .w-grid-item-h:before{padding-bottom:calc(50% - var(--gap,0px) * 1)}.layout_portfolio_12 .w-grid-item.size_2x2 .w-grid-item-h:before{padding-bottom:calc(100% - var(--gap,0px) * 0)}}.layout_portfolio_12 .w-grid-item-h{}.layout_portfolio_12 .usg_post_image_1{transition-duration:0.25s;transform-origin:50% 50%;transform:scale(1) translate(0%,0%)}.layout_portfolio_12 .w-grid-item-h:hover .usg_post_image_1{transform:scale(1) translate(0%,0%);opacity:0.1}.layout_portfolio_12 .usg_post_title_1{transition-duration:0.25s;transform-origin:50% 50%;transform:scale(1) translate(0%,-50%);opacity:0}.layout_portfolio_12 .w-grid-item-h:hover .usg_post_title_1{transform:scale(1) translate(0%,0%);opacity:1}.layout_portfolio_12 .usg_post_taxonomy_1{transition-duration:0.25s;transform-origin:50% 50%;transform:scale(1) translate(0%,75%);opacity:0}.layout_portfolio_12 .w-grid-item-h:hover .usg_post_taxonomy_1{transform:scale(1) translate(0%,0%);opacity:0.75}.layout_portfolio_12 .usg_post_image_1{position:absolute!important;top:0!important;right:0!important;bottom:0!important;left:0!important}.layout_portfolio_12 .usg_vwrapper_1{position:absolute!important;top:0!important;right:0!important;bottom:0!important;left:0!important;padding:4rem!important}.layout_portfolio_12 .usg_post_title_1{color:inherit!important;font-size:1.4rem!important}<\/style><div class=\"w-grid-list\">\t<article class=\"w-grid-item size_1x1 post-601 attachment type-attachment status-inherit hentry\" data-id=\"601\">\r\n\t\t<div class=\"w-grid-item-h\">\r\n\t\t\t\t\t\t\t<a ref=\"magnificPopupGrid\" href=\"https:\/\/catinacciodolomiti.it\/wp-content\/uploads\/2024\/06\/19catinaccio-dolomit_33-20190516-152057-37.jpg\" class=\"w-grid-item-anchor\" aria-label=\"19catinaccio-dolomit_33-20190516-152057-37\" title=\"19catinaccio-dolomit_33-20190516-152057-37\"><\/a>\r\n\t\t\t\t\t\t<div class=\"w-post-elm post_image usg_post_image_1 stretched\"><img loading=\"lazy\" decoding=\"async\" width=\"1000\" height=\"723\" src=\"https:\/\/catinacciodolomiti.it\/wp-content\/uploads\/2024\/06\/19catinaccio-dolomit_33-20190516-152057-37.jpg\" class=\"attachment-large size-large\" alt=\"\" srcset=\"https:\/\/catinacciodolomiti.it\/wp-content\/uploads\/2024\/06\/19catinaccio-dolomit_33-20190516-152057-37.jpg 1000w, https:\/\/catinacciodolomiti.it\/wp-content\/uploads\/2024\/06\/19catinaccio-dolomit_33-20190516-152057-37-300x217.jpg 300w\" sizes=\"auto, (max-width: 1000px) 100vw, 1000px\" \/><\/div><div class=\"w-vwrapper usg_vwrapper_1 grid_style_12 align_center valign_middle\"><h2 class=\"w-post-elm post_title usg_post_title_1 has_text_color entry-title color_link_inherit\">19catinaccio-dolomit_33-20190516-152057-37<\/h2><\/div>\t\t<\/div>\r\n\t\t\t<\/article>\r\n\t<article class=\"w-grid-item size_1x1 post-599 attachment type-attachment status-inherit hentry\" data-id=\"599\">\r\n\t\t<div class=\"w-grid-item-h\">\r\n\t\t\t\t\t\t\t<a ref=\"magnificPopupGrid\" href=\"https:\/\/catinacciodolomiti.it\/wp-content\/uploads\/2024\/06\/11catinaccio-dolomit_39-20190516-152101-87.jpg\" class=\"w-grid-item-anchor\" aria-label=\"11catinaccio-dolomit_39-20190516-152101-87\" title=\"11catinaccio-dolomit_39-20190516-152101-87\"><\/a>\r\n\t\t\t\t\t\t<div class=\"w-post-elm post_image usg_post_image_1 stretched\"><img loading=\"lazy\" decoding=\"async\" width=\"1000\" height=\"753\" src=\"https:\/\/catinacciodolomiti.it\/wp-content\/uploads\/2024\/06\/11catinaccio-dolomit_39-20190516-152101-87.jpg\" class=\"attachment-large size-large\" alt=\"\" srcset=\"https:\/\/catinacciodolomiti.it\/wp-content\/uploads\/2024\/06\/11catinaccio-dolomit_39-20190516-152101-87.jpg 1000w, https:\/\/catinacciodolomiti.it\/wp-content\/uploads\/2024\/06\/11catinaccio-dolomit_39-20190516-152101-87-300x226.jpg 300w\" sizes=\"auto, (max-width: 1000px) 100vw, 1000px\" \/><\/div><div class=\"w-vwrapper usg_vwrapper_1 grid_style_12 align_center valign_middle\"><h2 class=\"w-post-elm post_title usg_post_title_1 has_text_color entry-title color_link_inherit\">11catinaccio-dolomit_39-20190516-152101-87<\/h2><\/div>\t\t<\/div>\r\n\t\t\t<\/article>\r\n\t<article class=\"w-grid-item size_1x1 post-597 attachment type-attachment status-inherit hentry\" data-id=\"597\">\r\n\t\t<div class=\"w-grid-item-h\">\r\n\t\t\t\t\t\t\t<a ref=\"magnificPopupGrid\" href=\"https:\/\/catinacciodolomiti.it\/wp-content\/uploads\/2024\/06\/10catinaccio-dolomit_40-20190516-152102-41.jpg\" class=\"w-grid-item-anchor\" aria-label=\"10catinaccio-dolomit_40-20190516-152102-41\" title=\"10catinaccio-dolomit_40-20190516-152102-41\"><\/a>\r\n\t\t\t\t\t\t<div class=\"w-post-elm post_image usg_post_image_1 stretched\"><img loading=\"lazy\" decoding=\"async\" width=\"1000\" height=\"734\" src=\"https:\/\/catinacciodolomiti.it\/wp-content\/uploads\/2024\/06\/10catinaccio-dolomit_40-20190516-152102-41.jpg\" class=\"attachment-large size-large\" alt=\"\" srcset=\"https:\/\/catinacciodolomiti.it\/wp-content\/uploads\/2024\/06\/10catinaccio-dolomit_40-20190516-152102-41.jpg 1000w, https:\/\/catinacciodolomiti.it\/wp-content\/uploads\/2024\/06\/10catinaccio-dolomit_40-20190516-152102-41-300x220.jpg 300w\" sizes=\"auto, (max-width: 1000px) 100vw, 1000px\" \/><\/div><div class=\"w-vwrapper usg_vwrapper_1 grid_style_12 align_center valign_middle\"><h2 class=\"w-post-elm post_title usg_post_title_1 has_text_color entry-title color_link_inherit\">10catinaccio-dolomit_40-20190516-152102-41<\/h2><\/div>\t\t<\/div>\r\n\t\t\t<\/article>\r\n\t<article class=\"w-grid-item size_1x1 post-595 attachment type-attachment status-inherit hentry\" data-id=\"595\">\r\n\t\t<div class=\"w-grid-item-h\">\r\n\t\t\t\t\t\t\t<a ref=\"magnificPopupGrid\" href=\"https:\/\/catinacciodolomiti.it\/wp-content\/uploads\/2024\/06\/002-angeli-20_41-20190516-152105-6-1.jpg\" class=\"w-grid-item-anchor\" aria-label=\"002-angeli-20_41-20190516-152105-6\" title=\"002-angeli-20_41-20190516-152105-6\"><\/a>\r\n\t\t\t\t\t\t<div class=\"w-post-elm post_image usg_post_image_1 stretched\"><img loading=\"lazy\" decoding=\"async\" width=\"1000\" height=\"666\" src=\"https:\/\/catinacciodolomiti.it\/wp-content\/uploads\/2024\/06\/002-angeli-20_41-20190516-152105-6-1.jpg\" class=\"attachment-large size-large\" alt=\"\" srcset=\"https:\/\/catinacciodolomiti.it\/wp-content\/uploads\/2024\/06\/002-angeli-20_41-20190516-152105-6-1.jpg 1000w, https:\/\/catinacciodolomiti.it\/wp-content\/uploads\/2024\/06\/002-angeli-20_41-20190516-152105-6-1-300x200.jpg 300w\" sizes=\"auto, (max-width: 1000px) 100vw, 1000px\" \/><\/div><div class=\"w-vwrapper usg_vwrapper_1 grid_style_12 align_center valign_middle\"><h2 class=\"w-post-elm post_title usg_post_title_1 has_text_color entry-title color_link_inherit\">002-angeli-20_41-20190516-152105-6<\/h2><\/div>\t\t<\/div>\r\n\t\t\t<\/article>\r\n\t<article class=\"w-grid-item size_1x1 post-593 attachment type-attachment status-inherit hentry\" data-id=\"593\">\r\n\t\t<div class=\"w-grid-item-h\">\r\n\t\t\t\t\t\t\t<a ref=\"magnificPopupGrid\" href=\"https:\/\/catinacciodolomiti.it\/wp-content\/uploads\/2024\/06\/escursioni-catinaccio-dolomit_29-20190516-152054-43.jpg\" class=\"w-grid-item-anchor\" aria-label=\"escursioni-catinaccio-dolomit_29-20190516-152054-43\" title=\"escursioni-catinaccio-dolomit_29-20190516-152054-43\"><\/a>\r\n\t\t\t\t\t\t<div class=\"w-post-elm post_image usg_post_image_1 stretched\"><img loading=\"lazy\" decoding=\"async\" width=\"1000\" height=\"665\" src=\"https:\/\/catinacciodolomiti.it\/wp-content\/uploads\/2024\/06\/escursioni-catinaccio-dolomit_29-20190516-152054-43.jpg\" class=\"attachment-large size-large\" alt=\"\" srcset=\"https:\/\/catinacciodolomiti.it\/wp-content\/uploads\/2024\/06\/escursioni-catinaccio-dolomit_29-20190516-152054-43.jpg 1000w, https:\/\/catinacciodolomiti.it\/wp-content\/uploads\/2024\/06\/escursioni-catinaccio-dolomit_29-20190516-152054-43-300x200.jpg 300w\" sizes=\"auto, (max-width: 1000px) 100vw, 1000px\" \/><\/div><div class=\"w-vwrapper usg_vwrapper_1 grid_style_12 align_center valign_middle\"><h2 class=\"w-post-elm post_title usg_post_title_1 has_text_color entry-title color_link_inherit\">escursioni-catinaccio-dolomit_29-20190516-152054-43<\/h2><\/div>\t\t<\/div>\r\n\t\t\t<\/article>\r\n\t<article class=\"w-grid-item size_1x1 post-591 attachment type-attachment status-inherit hentry\" data-id=\"591\">\r\n\t\t<div class=\"w-grid-item-h\">\r\n\t\t\t\t\t\t\t<a ref=\"magnificPopupGrid\" href=\"https:\/\/catinacciodolomiti.it\/wp-content\/uploads\/2024\/06\/dsc0920_73-20210510-164442-4-1.jpg\" class=\"w-grid-item-anchor\" aria-label=\"dsc0920_73-20210510-164442-4\" title=\"dsc0920_73-20210510-164442-4\"><\/a>\r\n\t\t\t\t\t\t<div class=\"w-post-elm post_image usg_post_image_1 stretched\"><img loading=\"lazy\" decoding=\"async\" width=\"1000\" height=\"666\" src=\"https:\/\/catinacciodolomiti.it\/wp-content\/uploads\/2024\/06\/dsc0920_73-20210510-164442-4-1.jpg\" class=\"attachment-large size-large\" alt=\"\" srcset=\"https:\/\/catinacciodolomiti.it\/wp-content\/uploads\/2024\/06\/dsc0920_73-20210510-164442-4-1.jpg 1000w, https:\/\/catinacciodolomiti.it\/wp-content\/uploads\/2024\/06\/dsc0920_73-20210510-164442-4-1-300x200.jpg 300w\" sizes=\"auto, (max-width: 1000px) 100vw, 1000px\" \/><\/div><div class=\"w-vwrapper usg_vwrapper_1 grid_style_12 align_center valign_middle\"><h2 class=\"w-post-elm post_title usg_post_title_1 has_text_color entry-title color_link_inherit\">dsc0920_73-20210510-164442-4<\/h2><\/div>\t\t<\/div>\r\n\t\t\t<\/article>\r\n\t<article class=\"w-grid-item size_1x1 post-589 attachment type-attachment status-inherit hentry\" data-id=\"589\">\r\n\t\t<div class=\"w-grid-item-h\">\r\n\t\t\t\t\t\t\t<a ref=\"magnificPopupGrid\" href=\"https:\/\/catinacciodolomiti.it\/wp-content\/uploads\/2024\/06\/dsc0917_70-20210510-164440-43.jpg\" class=\"w-grid-item-anchor\" aria-label=\"dsc0917_70-20210510-164440-43\" title=\"dsc0917_70-20210510-164440-43\"><\/a>\r\n\t\t\t\t\t\t<div class=\"w-post-elm post_image usg_post_image_1 stretched\"><img loading=\"lazy\" decoding=\"async\" width=\"1000\" height=\"666\" src=\"https:\/\/catinacciodolomiti.it\/wp-content\/uploads\/2024\/06\/dsc0917_70-20210510-164440-43.jpg\" class=\"attachment-large size-large\" alt=\"\" srcset=\"https:\/\/catinacciodolomiti.it\/wp-content\/uploads\/2024\/06\/dsc0917_70-20210510-164440-43.jpg 1000w, https:\/\/catinacciodolomiti.it\/wp-content\/uploads\/2024\/06\/dsc0917_70-20210510-164440-43-300x200.jpg 300w\" sizes=\"auto, (max-width: 1000px) 100vw, 1000px\" \/><\/div><div class=\"w-vwrapper usg_vwrapper_1 grid_style_12 align_center valign_middle\"><h2 class=\"w-post-elm post_title usg_post_title_1 has_text_color entry-title color_link_inherit\">dsc0917_70-20210510-164440-43<\/h2><\/div>\t\t<\/div>\r\n\t\t\t<\/article>\r\n\t<article class=\"w-grid-item size_1x1 post-587 attachment type-attachment status-inherit hentry\" data-id=\"587\">\r\n\t\t<div class=\"w-grid-item-h\">\r\n\t\t\t\t\t\t\t<a ref=\"magnificPopupGrid\" href=\"https:\/\/catinacciodolomiti.it\/wp-content\/uploads\/2024\/06\/dsc0907_71-20210510-164440-27.jpg\" class=\"w-grid-item-anchor\" aria-label=\"dsc0907_71-20210510-164440-27\" title=\"dsc0907_71-20210510-164440-27\"><\/a>\r\n\t\t\t\t\t\t<div class=\"w-post-elm post_image usg_post_image_1 stretched\"><img loading=\"lazy\" decoding=\"async\" width=\"1000\" height=\"666\" src=\"https:\/\/catinacciodolomiti.it\/wp-content\/uploads\/2024\/06\/dsc0907_71-20210510-164440-27.jpg\" class=\"attachment-large size-large\" alt=\"\" srcset=\"https:\/\/catinacciodolomiti.it\/wp-content\/uploads\/2024\/06\/dsc0907_71-20210510-164440-27.jpg 1000w, https:\/\/catinacciodolomiti.it\/wp-content\/uploads\/2024\/06\/dsc0907_71-20210510-164440-27-300x200.jpg 300w\" sizes=\"auto, (max-width: 1000px) 100vw, 1000px\" \/><\/div><div class=\"w-vwrapper usg_vwrapper_1 grid_style_12 align_center valign_middle\"><h2 class=\"w-post-elm post_title usg_post_title_1 has_text_color entry-title color_link_inherit\">dsc0907_71-20210510-164440-27<\/h2><\/div>\t\t<\/div>\r\n\t\t\t<\/article>\r\n\t<article class=\"w-grid-item size_1x1 post-585 attachment type-attachment status-inherit hentry\" data-id=\"585\">\r\n\t\t<div class=\"w-grid-item-h\">\r\n\t\t\t\t\t\t\t<a ref=\"magnificPopupGrid\" href=\"https:\/\/catinacciodolomiti.it\/wp-content\/uploads\/2024\/06\/dsc0901_69-20210510-164439-14.jpg\" class=\"w-grid-item-anchor\" aria-label=\"dsc0901_69-20210510-164439-14\" title=\"dsc0901_69-20210510-164439-14\"><\/a>\r\n\t\t\t\t\t\t<div class=\"w-post-elm post_image usg_post_image_1 stretched\"><img loading=\"lazy\" decoding=\"async\" width=\"1000\" height=\"666\" src=\"https:\/\/catinacciodolomiti.it\/wp-content\/uploads\/2024\/06\/dsc0901_69-20210510-164439-14.jpg\" class=\"attachment-large size-large\" alt=\"\" srcset=\"https:\/\/catinacciodolomiti.it\/wp-content\/uploads\/2024\/06\/dsc0901_69-20210510-164439-14.jpg 1000w, https:\/\/catinacciodolomiti.it\/wp-content\/uploads\/2024\/06\/dsc0901_69-20210510-164439-14-300x200.jpg 300w\" sizes=\"auto, (max-width: 1000px) 100vw, 1000px\" \/><\/div><div class=\"w-vwrapper usg_vwrapper_1 grid_style_12 align_center valign_middle\"><h2 class=\"w-post-elm post_title usg_post_title_1 has_text_color entry-title color_link_inherit\">dsc0901_69-20210510-164439-14<\/h2><\/div>\t\t<\/div>\r\n\t\t\t<\/article>\r\n<\/div><div class=\"w-grid-preloader\">\t<div class=\"g-preloader type_1\">\r\n\t\t<div><\/div>\r\n\t<\/div>\r\n\t<\/div>\t\t\t<div class=\"g-loadmore \">\r\n\t\t\t\t<div class=\"g-preloader type_1\">\r\n\t\t\t\t\t<div><\/div>\r\n\t\t\t\t<\/div>\r\n\t\t\t\t<button class=\"w-btn us-btn-style_1\">\r\n\t\t\t\t\t<span class=\"w-btn-label\">Mehr laden<\/span>\r\n\t\t\t\t<\/button>\r\n\t\t\t<\/div>\r\n\t\t\t\t<div class=\"w-grid-json hidden\" onclick='return {&quot;action&quot;:&quot;us_ajax_grid&quot;,&quot;infinite_scroll&quot;:0,&quot;max_num_pages&quot;:2,&quot;pagination&quot;:&quot;ajax&quot;,&quot;template_vars&quot;:{&quot;columns&quot;:&quot;4&quot;,&quot;exclude_items&quot;:&quot;none&quot;,&quot;img_size&quot;:&quot;default&quot;,&quot;ignore_items_size&quot;:0,&quot;items_layout&quot;:&quot;portfolio_12&quot;,&quot;items_offset&quot;:&quot;1&quot;,&quot;load_animation&quot;:&quot;none&quot;,&quot;overriding_link&quot;:&quot;%7B%22type%22%3A%22popup_image%22%7D&quot;,&quot;post_id&quot;:0,&quot;query_args&quot;:{&quot;post_type&quot;:[&quot;attachment&quot;],&quot;post__in&quot;:[&quot;202&quot;,&quot;203&quot;,&quot;204&quot;,&quot;205&quot;,&quot;206&quot;,&quot;207&quot;,&quot;208&quot;,&quot;209&quot;,&quot;210&quot;,&quot;211&quot;,&quot;212&quot;,&quot;213&quot;,&quot;214&quot;,&quot;215&quot;,&quot;216&quot;,&quot;217&quot;,&quot;218&quot;,&quot;219&quot;],&quot;post_status&quot;:&quot;inherit&quot;,&quot;post_mime_type&quot;:&quot;image&quot;,&quot;posts_per_page&quot;:&quot;9&quot;},&quot;orderby_query_args&quot;:{&quot;orderby&quot;:{&quot;date&quot;:&quot;DESC&quot;}},&quot;type&quot;:&quot;grid&quot;,&quot;us_grid_post_type&quot;:&quot;attachment&quot;,&quot;us_grid_ajax_index&quot;:1,&quot;us_grid_filter_params&quot;:[],&quot;us_grid_index&quot;:1,&quot;page_args&quot;:[],&quot;lang&quot;:&quot;de&quot;}}'><\/div>\r\n\t<\/div><\/div><\/div><\/div><\/div><\/section>\n","protected":false},"excerpt":{"rendered":"","protected":false},"author":1,"featured_media":0,"parent":0,"menu_order":0,"comment_status":"closed","ping_status":"closed","template":"","meta":{"footnotes":""},"class_list":["post-717","page","type-page","status-publish","hentry"],"_links":{"self":[{"href":"https:\/\/catinacciodolomiti.it\/de\/wp-json\/wp\/v2\/pages\/717","targetHints":{"allow":["GET"]}}],"collection":[{"href":"https:\/\/catinacciodolomiti.it\/de\/wp-json\/wp\/v2\/pages"}],"about":[{"href":"https:\/\/catinacciodolomiti.it\/de\/wp-json\/wp\/v2\/types\/page"}],"author":[{"embeddable":true,"href":"https:\/\/catinacciodolomiti.it\/de\/wp-json\/wp\/v2\/users\/1"}],"replies":[{"embeddable":true,"href":"https:\/\/catinacciodolomiti.it\/de\/wp-json\/wp\/v2\/comments?post=717"}],"version-history":[{"count":3,"href":"https:\/\/catinacciodolomiti.it\/de\/wp-json\/wp\/v2\/pages\/717\/revisions"}],"predecessor-version":[{"id":720,"href":"https:\/\/catinacciodolomiti.it\/de\/wp-json\/wp\/v2\/pages\/717\/revisions\/720"}],"wp:attachment":[{"href":"https:\/\/catinacciodolomiti.it\/de\/wp-json\/wp\/v2\/media?parent=717"}],"curies":[{"name":"wp","href":"https:\/\/api.w.org\/{rel}","templated":true}]}}