{"id":712,"date":"2024-07-11T19:40:35","date_gmt":"2024-07-11T17:40:35","guid":{"rendered":"https:\/\/catinacciodolomiti.it\/escursioni-con-le-racchette-da-neve\/"},"modified":"2025-10-24T15:29:11","modified_gmt":"2025-10-24T13:29:11","slug":"escursioni-con-le-racchette-da-neve-2","status":"publish","type":"page","link":"https:\/\/catinacciodolomiti.it\/de\/escursioni-con-le-racchette-da-neve-2\/","title":{"rendered":"SCHNEESCHUHWANDERUNGEN"},"content":{"rendered":"<section class=\"l-section wpb_row us_custom_eaf27e3d height_medium with_img\"><div class=\"l-section-img\" role=\"img\" data-img-width=\"2000\" data-img-height=\"859\" style=\"background-image: url(https:\/\/catinacciodolomiti.it\/wp-content\/uploads\/2024\/07\/background-01.jpg);background-repeat: no-repeat;background-size: contain;\"><\/div><div class=\"l-section-overlay\" style=\"background:rgba(255,255,255,0.70)\"><\/div><div class=\"l-section-h i-cf\"><div class=\"g-cols vc_row via_grid cols_2 laptops-cols_inherit tablets-cols_inherit mobiles-cols_1 valign_middle type_default stacking_default\"><div class=\"wpb_column vc_column_container\"><div class=\"vc_column-inner\"><div class=\"g-cols wpb_row via_grid cols_1 laptops-cols_inherit tablets-cols_inherit mobiles-cols_1 valign_top type_default stacking_default\" style=\"--gap:3rem;\"><div class=\"wpb_column vc_column_container\"><div class=\"vc_column-inner\"><div id=\"ultimate-heading-8569d554042c14b\" class=\"uvc-heading ult-adjust-bottom-margin ultimate-heading-8569d554042c14b uvc-5099 \" data-hspacer=\"line_only\"  data-halign=\"left\" style=\"text-align:left\"><div class=\"uvc-sub-heading ult-responsive\"  data-ultimate-target='.uvc-heading.ultimate-heading-8569d554042c14b .uvc-sub-heading '  data-responsive-json-new='{\"font-size\":\"\",\"line-height\":\"\"}'  style=\"font-weight:normal;\">\n<h2>SCHNEESCHUHWANDERUNGEN<\/h2>\n<\/div><div class=\"uvc-heading-spacer line_only\" style=\"margin-top:15px;margin-bottom:15px;height:2px;\"><span class=\"uvc-headings-line\" style=\"border-style:solid;border-bottom-width:2px;border-color:#f68b20;width:120px;\"><\/span><\/div><\/div><div class=\"ult-spacer spacer-69d554042c18c\" data-id=\"69d554042c18c\" data-height=\"20\" data-height-mobile=\"20\" data-height-tab=\"20\" data-height-tab-portrait=\"\" data-height-mobile-landscape=\"\" style=\"clear:both;display:block;\"><\/div><div class=\"wpb_text_column\"><div class=\"wpb_wrapper\"><p>Am Ciampedie k\u00f6nnen Schneeschuhwanderungen gemacht werden: So erleben Sie die winterlichen Berge nicht nur mit den Skiern und k\u00f6nnen ein uraltes Fortbewegungsmittel ausprobieren. Der Rosengarten ist f\u00fcr Schneeschuhwanderungen bekannt. Es erwarten Sie entspannende, erholsame und unglaublich sch\u00f6ne Spazierg\u00e4nge in der verschneiten Landschaft der sagenhaften Rosengarten-Gruppe bei angenehmen Temperaturen dank der Gipfel der Dolomiten, durch die sie vor den harten Winterwinden gesch\u00fctzt sind. Der Rosengarten ist ideal f\u00fcr einen romantischen und aktiven Winterspaziergang.<\/p>\n<\/div><\/div><\/div><\/div><\/div><\/div><\/div><div class=\"wpb_column vc_column_container\"><div class=\"vc_column-inner\"><div class=\"g-cols wpb_row via_grid cols_1 laptops-cols_inherit tablets-cols_inherit mobiles-cols_1 valign_top type_default stacking_default\" style=\"--gap:1rem;\"><div data-us-scroll=\"{&quot;from_initial_position&quot;:&quot;0&quot;,&quot;start_position&quot;:&quot;0%&quot;,&quot;end_position&quot;:&quot;60%&quot;,&quot;delay&quot;:&quot;0.1s&quot;,&quot;translate_y_direction&quot;:&quot;up&quot;,&quot;translate_y_speed&quot;:&quot;0.3x&quot;}\" class=\"wpb_column vc_column_container has_scroll_effects has_translate_y\"><div class=\"vc_column-inner\"><div class=\"w-image align_none\" id=\"foto-1\"><div class=\"w-image-h\"><img decoding=\"async\" width=\"750\" height=\"900\" src=\"https:\/\/catinacciodolomiti.it\/wp-content\/uploads\/2024\/07\/6.jpg\" class=\"attachment-large size-large\" alt=\"\" loading=\"lazy\" srcset=\"https:\/\/catinacciodolomiti.it\/wp-content\/uploads\/2024\/07\/6.jpg 750w, https:\/\/catinacciodolomiti.it\/wp-content\/uploads\/2024\/07\/6-250x300.jpg 250w\" sizes=\"auto, (max-width: 750px) 100vw, 750px\" \/><\/div><\/div><\/div><\/div><div class=\"wpb_column vc_column_container\"><div class=\"vc_column-inner\"><div class=\"w-image align_none\" id=\"foto-2\"><div class=\"w-image-h\"><img decoding=\"async\" width=\"1024\" height=\"930\" src=\"https:\/\/catinacciodolomiti.it\/wp-content\/uploads\/2024\/07\/6.1-1024x930.jpg\" class=\"attachment-large size-large\" alt=\"\" loading=\"lazy\" srcset=\"https:\/\/catinacciodolomiti.it\/wp-content\/uploads\/2024\/07\/6.1-1024x930.jpg 1024w, https:\/\/catinacciodolomiti.it\/wp-content\/uploads\/2024\/07\/6.1-300x273.jpg 300w, https:\/\/catinacciodolomiti.it\/wp-content\/uploads\/2024\/07\/6.1.jpg 1200w\" sizes=\"auto, (max-width: 1024px) 100vw, 1024px\" \/><\/div><\/div><\/div><\/div><\/div><\/div><\/div><\/div><\/div><\/section><section class=\"l-section wpb_row height_medium\"><div class=\"l-section-h i-cf\"><div class=\"g-cols vc_row via_grid cols_1 laptops-cols_inherit tablets-cols_inherit mobiles-cols_1 valign_top type_default stacking_default\"><div class=\"wpb_column vc_column_container\"><div class=\"vc_column-inner\"><div class=\"wpb_text_column\"><div class=\"wpb_wrapper\"><h2 style=\"text-align: center;\"><strong>Wandervorschl\u00e4ge:<\/strong><\/h2>\n<\/div><\/div><div class=\"ult-spacer spacer-69d554042e02d\" data-id=\"69d554042e02d\" data-height=\"30\" data-height-mobile=\"30\" data-height-tab=\"30\" data-height-tab-portrait=\"\" data-height-mobile-landscape=\"\" style=\"clear:both;display:block;\"><\/div><div class=\"w-tabs layout_hor style_trendy switch_click has_scrolling\" style=\"--sections-title-size:1em\"><div class=\"w-tabs-list items_3 align_justify\"><div class=\"w-tabs-list-h\"><button class=\"w-tabs-item active defined-active\" aria-controls=\"content-af94\" aria-expanded=\"true\"><span class=\"w-tabs-item-title\">WANDERUNG \u00dcBER DAS CIAMPEDIE-PLATEAU:<\/span><\/button><button class=\"w-tabs-item\" aria-controls=\"content-y475\" aria-expanded=\"false\"><span class=\"w-tabs-item-title\">WANDERUNG CIAMPEDIE-GARDECCIA<\/span><\/button><button class=\"w-tabs-item\" aria-controls=\"content-a93d\" aria-expanded=\"false\"><span class=\"w-tabs-item-title\">IN GARDECCIA GIBT ES DREI OFFENE SCHUTZH\u00dcTTEN:<\/span><\/button><\/div><\/div><div class=\"w-tabs-sections titles-align_none icon_chevron cpos_right\"><div class=\"w-tabs-section active\" id=\"af94\"><button class=\"w-tabs-section-header active\" aria-controls=\"content-af94\" aria-expanded=\"true\"><div class=\"w-tabs-section-title\">WANDERUNG \u00dcBER DAS CIAMPEDIE-PLATEAU:<\/div><div class=\"w-tabs-section-control\"><\/div><\/button><div  class=\"w-tabs-section-content\" id=\"content-af94\"><div class=\"w-tabs-section-content-h i-cf\"><div class=\"g-cols wpb_row us_custom_e4b57629 via_grid cols_2 laptops-cols_inherit tablets-cols_inherit mobiles-cols_1 valign_middle type_boxes stacking_default\" style=\"--gap:0rem;\"><div class=\"wpb_column vc_column_container us_custom_6df4bc3a has_text_color\"><div class=\"vc_column-inner\"><div class=\"wpb_text_column\"><div class=\"wpb_wrapper\"><h4><strong>WANDERUNG \u00dcBER DAS CIAMPEDIE-PLATEAU:<\/strong><\/h4>\n<p>Dieser Rundweg f\u00fchrt Sie \u00fcber das Ciampedie-Plateau durch einen Wald mit wunderbaren Panoramablick auf das Fassatal und die Dolomiten. Die begleiteten Ausfl\u00fcge werden von der Skischule Vigo di Fassa organisiert.<\/p>\n<\/div><\/div><\/div><\/div><div class=\"wpb_column vc_column_container us_custom_b0fae5cb has_bg_color\"><div class=\"vc_column-inner\"><div class=\"ult-spacer spacer-69d554042ef64\" data-id=\"69d554042ef64\" data-height=\"400\" data-height-mobile=\"400\" data-height-tab=\"400\" data-height-tab-portrait=\"\" data-height-mobile-landscape=\"\" style=\"clear:both;display:block;\"><\/div><\/div><\/div><\/div><\/div><\/div><\/div><div class=\"w-tabs-section\" id=\"y475\"><button class=\"w-tabs-section-header\" aria-controls=\"content-y475\" aria-expanded=\"false\"><div class=\"w-tabs-section-title\">WANDERUNG CIAMPEDIE-GARDECCIA<\/div><div class=\"w-tabs-section-control\"><\/div><\/button><div  class=\"w-tabs-section-content\" id=\"content-y475\"><div class=\"w-tabs-section-content-h i-cf\"><div class=\"g-cols wpb_row us_custom_e4b57629 via_grid cols_2 laptops-cols_inherit tablets-cols_inherit mobiles-cols_1 valign_middle type_boxes stacking_default\" style=\"--gap:0rem;\"><div class=\"wpb_column vc_column_container us_custom_299bf420 has_bg_color\"><div class=\"vc_column-inner\"><div class=\"ult-spacer spacer-69d554042f1ff\" data-id=\"69d554042f1ff\" data-height=\"400\" data-height-mobile=\"400\" data-height-tab=\"400\" data-height-tab-portrait=\"\" data-height-mobile-landscape=\"\" style=\"clear:both;display:block;\"><\/div><\/div><\/div><div class=\"wpb_column vc_column_container us_custom_6df4bc3a has_text_color\"><div class=\"vc_column-inner\"><div class=\"wpb_text_column\"><div class=\"wpb_wrapper\"><h3><strong>WANDERUNG CIAMPEDIE-GARDECCIA:<\/strong><\/h3>\n<p><a href=\"https:\/\/www.youtube.com\/watch?v=9ptrhnkgFS0\">(SEHEN SIE SICH DIE VIDEOBESCHREIBUNG DER STRECKE AN!)<\/a> Von der Seilbahn Vigo-Ciampedie geht es zum Ort Pian Pecei auf dem Waldweg oder mit dem Sessellift Pian Pecei-Ciampedie (DIE FAHRT MIT DER BERGBAHN HIN\/ZUR\u00dcCK IST INBEGRIFFEN). Auf dem Pian Pecei-Plateau umrunden Sie die Sesselliftstation Pra Martin und biegen kurz danach rechts auf den \u201eLegendenpfad\u201c ab, der auf einem Forstweg zum Becken von Gardeccia f\u00fchrt, einem einzigartigen nat\u00fcrlichen Amphitheater. Ab hier wird die Strecke etwas anspruchsvoller, Sie k\u00f6nnen den Sommerweg Nr. 546 Richtung Vajolet- und Preussh\u00fctte nehmen oder weiter bis zum Grasleitenpass auf dem Weg Nr. 584 gelangen. Bei den beiden letztgenannten Optionen sollten Sie sich an einen Bergf\u00fchrer wenden.<\/p>\n<\/div><\/div><\/div><\/div><\/div><\/div><\/div><\/div><div class=\"w-tabs-section\" id=\"a93d\"><button class=\"w-tabs-section-header\" aria-controls=\"content-a93d\" aria-expanded=\"false\"><div class=\"w-tabs-section-title\">IN GARDECCIA GIBT ES DREI OFFENE SCHUTZH\u00dcTTEN:<\/div><div class=\"w-tabs-section-control\"><\/div><\/button><div  class=\"w-tabs-section-content\" id=\"content-a93d\"><div class=\"w-tabs-section-content-h i-cf\"><div class=\"g-cols wpb_row us_custom_e4b57629 via_grid cols_2 laptops-cols_inherit tablets-cols_inherit mobiles-cols_1 valign_middle type_boxes stacking_default\" style=\"--gap:0rem;\"><div class=\"wpb_column vc_column_container us_custom_6df4bc3a has_text_color\"><div class=\"vc_column-inner\"><div class=\"wpb_text_column\"><div class=\"wpb_wrapper\"><h4><strong>IN GARDECCIA GIBT ES DREI OFFENE SCHUTZH\u00dcTTEN: <\/strong><\/h4>\n<p>die Baita Enrosadira, das Rifugio Gardeccia und das Rifugio Stella Alpina. Letzteres bietet dank der j\u00fcngsten Umstrukturierung auch \u00dcbernachtungsm\u00f6glichkeiten (Reservierung erforderlich). Im Winter \u00f6ffnet je nach Schneelage auch die Grasleitenpassh\u00fctte (nach Absprache mit dem Betreiber) ihre T\u00fcren.<\/p>\n<\/div><\/div><\/div><\/div><div class=\"wpb_column vc_column_container us_custom_eb5e622a has_bg_color\"><div class=\"vc_column-inner\"><div class=\"ult-spacer spacer-69d554042f90e\" data-id=\"69d554042f90e\" data-height=\"400\" data-height-mobile=\"400\" data-height-tab=\"400\" data-height-tab-portrait=\"\" data-height-mobile-landscape=\"\" style=\"clear:both;display:block;\"><\/div><\/div><\/div><\/div><\/div><\/div><\/div><\/div><\/div><\/div><\/div><\/div><\/div><\/section><section class=\"l-section wpb_row height_medium\"><div class=\"l-section-h i-cf\"><div class=\"g-cols vc_row via_grid cols_1 laptops-cols_inherit tablets-cols_inherit mobiles-cols_1 valign_top type_default stacking_default\"><div class=\"wpb_column vc_column_container\"><div class=\"vc_column-inner\"><div id=\"ultimate-heading-109669d554043037d\" class=\"uvc-heading ult-adjust-bottom-margin ultimate-heading-109669d554043037d uvc-5469 \" data-hspacer=\"line_only\"  data-halign=\"center\" style=\"text-align:center\"><div class=\"uvc-sub-heading ult-responsive\"  data-ultimate-target='.uvc-heading.ultimate-heading-109669d554043037d .uvc-sub-heading '  data-responsive-json-new='{\"font-size\":\"\",\"line-height\":\"\"}'  style=\"font-weight:normal;\">\n<h2>Info Bergh\u00fctte<\/h2>\n<\/div><div class=\"uvc-heading-spacer line_only\" style=\"margin-top:15px;margin-bottom:15px;height:2px;\"><span class=\"uvc-headings-line\" style=\"border-style:solid;border-bottom-width:2px;border-color:#f68b20;width:120px;\"><\/span><\/div><\/div><div class=\"ult-spacer spacer-69d55404303b8\" data-id=\"69d55404303b8\" data-height=\"30\" data-height-mobile=\"30\" data-height-tab=\"30\" data-height-tab-portrait=\"\" data-height-mobile-landscape=\"\" style=\"clear:both;display:block;\"><\/div><div class=\"g-cols wpb_row via_grid cols_4 laptops-cols_inherit tablets-cols_inherit mobiles-cols_1 valign_top type_default stacking_default\" style=\"--gap:3rem;\"><div class=\"wpb_column vc_column_container\"><div class=\"vc_column-inner\"><div class=\"aio-icon-component    style_1\"><div id=\"Info-box-wrap-5458\" class=\"aio-icon-box left-icon\" style=\"\"  ><div class=\"aio-icon-left\"><div class=\"ult-just-icon-wrapper  \"><div class=\"align-icon\" style=\"text-align:center;\">\n<div class=\"aio-icon none \"  style=\"color:#f68b20;font-size:32px;display:inline-block;\">\n\t<i class=\"Defaults-fax\"><\/i>\n<\/div><\/div><\/div><\/div><div class=\"aio-ibd-block\"><div class=\"aio-icon-header\" ><a class=\"aio-icon-box-link\" href=\"http:\/\/www.ciasamikelin.com\/RistoranteBaitaEnrosadira.aspx\" target=\"_blank\" rel=\"noopener\" ><h3 class=\"aio-icon-title ult-responsive\"  data-ultimate-target='#Info-box-wrap-5458 .aio-icon-title'  data-responsive-json-new='{\"font-size\":\"\",\"line-height\":\"\"}'  style=\"\">Baita Enrosadira:<\/h3><\/a><\/div> <!-- header --><div class=\"aio-icon-description ult-responsive\"  data-ultimate-target='#Info-box-wrap-5458 .aio-icon-description'  data-responsive-json-new='{\"font-size\":\"\",\"line-height\":\"\"}'  style=\"\">tel. <a href=\"tel:0462763776\">0462 763776<\/a><br \/>\nmob. 348 5415757,<br \/>\nmob.349 2650344<\/div> <!-- description --><\/div> <!-- aio-ibd-block --><\/div> <!-- aio-icon-box --><\/div> <!-- aio-icon-component --><\/div><\/div><div class=\"wpb_column vc_column_container\"><div class=\"vc_column-inner\"><div class=\"aio-icon-component    style_1\"><div id=\"Info-box-wrap-3329\" class=\"aio-icon-box left-icon\" style=\"\"  ><div class=\"aio-icon-left\"><div class=\"ult-just-icon-wrapper  \"><div class=\"align-icon\" style=\"text-align:center;\">\n<div class=\"aio-icon none \"  style=\"color:#f68b20;font-size:32px;display:inline-block;\">\n\t<i class=\"Defaults-fax\"><\/i>\n<\/div><\/div><\/div><\/div><div class=\"aio-ibd-block\"><div class=\"aio-icon-header\" ><a class=\"aio-icon-box-link\" href=\"https:\/\/gardeccia.it\/\" target=\"_blank\" rel=\"noopener\" ><h3 class=\"aio-icon-title ult-responsive\"  data-ultimate-target='#Info-box-wrap-3329 .aio-icon-title'  data-responsive-json-new='{\"font-size\":\"\",\"line-height\":\"\"}'  style=\"\">Rifugio Gardeccia:<\/h3><\/a><\/div> <!-- header --><div class=\"aio-icon-description ult-responsive\"  data-ultimate-target='#Info-box-wrap-3329 .aio-icon-description'  data-responsive-json-new='{\"font-size\":\"\",\"line-height\":\"\"}'  style=\"\">tel. <a href=\"tel:0462763152\">0462 763152<\/a><br \/>\nmob. 335 7432677<br \/>\nmob. 335 7432676<\/div> <!-- description --><\/div> <!-- aio-ibd-block --><\/div> <!-- aio-icon-box --><\/div> <!-- aio-icon-component --><\/div><\/div><div class=\"wpb_column vc_column_container\"><div class=\"vc_column-inner\"><div class=\"aio-icon-component    style_1\"><div id=\"Info-box-wrap-7617\" class=\"aio-icon-box left-icon\" style=\"\"  ><div class=\"aio-icon-left\"><div class=\"ult-just-icon-wrapper  \"><div class=\"align-icon\" style=\"text-align:center;\">\n<div class=\"aio-icon none \"  style=\"color:#f68b20;font-size:32px;display:inline-block;\">\n\t<i class=\"Defaults-fax\"><\/i>\n<\/div><\/div><\/div><\/div><div class=\"aio-ibd-block\"><div class=\"aio-icon-header\" ><a class=\"aio-icon-box-link\" href=\"https:\/\/www.rifugiostellaalpinaspizpiaz.com\/?lang=it\" target=\"_blank\" rel=\"noopener\" ><h3 class=\"aio-icon-title ult-responsive\"  data-ultimate-target='#Info-box-wrap-7617 .aio-icon-title'  data-responsive-json-new='{\"font-size\":\"\",\"line-height\":\"\"}'  style=\"\">Rifugio Stella Alpina Spiz Piaz:<\/h3><\/a><\/div> <!-- header --><div class=\"aio-icon-description ult-responsive\"  data-ultimate-target='#Info-box-wrap-7617 .aio-icon-description'  data-responsive-json-new='{\"font-size\":\"\",\"line-height\":\"\"}'  style=\"\">tel. <a href=\"tel:0462760349\">0462 760349<\/a><\/div> <!-- description --><\/div> <!-- aio-ibd-block --><\/div> <!-- aio-icon-box --><\/div> <!-- aio-icon-component --><\/div><\/div><div class=\"wpb_column vc_column_container\"><div class=\"vc_column-inner\"><div class=\"aio-icon-component    style_1\"><a class=\"aio-icon-box-link\" href=\"https:\/\/www.rifugiopassoprincipe.com\/\" target=\"_blank\" rel=\"noopener\" ><div id=\"Info-box-wrap-6134\" class=\"aio-icon-box left-icon\" style=\"\"  ><div class=\"aio-icon-left\"><div class=\"ult-just-icon-wrapper  \"><div class=\"align-icon\" style=\"text-align:center;\">\n<div class=\"aio-icon none \"  style=\"color:#f68b20;font-size:32px;display:inline-block;\">\n\t<i class=\"Defaults-fax\"><\/i>\n<\/div><\/div><\/div><\/div><div class=\"aio-ibd-block\"><div class=\"aio-icon-header\" ><h3 class=\"aio-icon-title ult-responsive\"  data-ultimate-target='#Info-box-wrap-6134 .aio-icon-title'  data-responsive-json-new='{\"font-size\":\"\",\"line-height\":\"\"}'  style=\"\">Rifugio Passo Principe:<\/h3><\/div> <!-- header --><div class=\"aio-icon-description ult-responsive\"  data-ultimate-target='#Info-box-wrap-6134 .aio-icon-description'  data-responsive-json-new='{\"font-size\":\"\",\"line-height\":\"\"}'  style=\"\">mob. 339 4327101<\/div> <!-- description --><\/div> <!-- aio-ibd-block --><\/div> <!-- aio-icon-box --><\/a><\/div> <!-- aio-icon-component --><div class=\"aio-icon-component    style_1\"><a class=\"aio-icon-box-link\" href=\"https:\/\/www.rifugiopassoprincipe.com\/\" target=\"_blank\" rel=\"noopener\" ><div id=\"Info-box-wrap-8156\" class=\"aio-icon-box left-icon\" style=\"\"  ><div class=\"aio-icon-left\"><div class=\"ult-just-icon-wrapper  \"><div class=\"align-icon\" style=\"text-align:center;\">\n<div class=\"aio-icon none \"  style=\"color:#f68b20;font-size:32px;display:inline-block;\">\n\t<i class=\"Defaults-fax\"><\/i>\n<\/div><\/div><\/div><\/div><div class=\"aio-ibd-block\"><div class=\"aio-icon-header\" ><h3 class=\"aio-icon-title ult-responsive\"  data-ultimate-target='#Info-box-wrap-8156 .aio-icon-title'  data-responsive-json-new='{\"font-size\":\"\",\"line-height\":\"\"}'  style=\"\">Malga Couler<\/h3><\/div> <!-- header --><div class=\"aio-icon-description ult-responsive\"  data-ultimate-target='#Info-box-wrap-8156 .aio-icon-description'  data-responsive-json-new='{\"font-size\":\"\",\"line-height\":\"\"}'  style=\"\">mob. <a title=\"+39 370 1337655\" href=\"tel: +39 370 1337655\">+39 370 1337655<\/a><\/div> <!-- description --><\/div> <!-- aio-ibd-block --><\/div> <!-- aio-icon-box --><\/a><\/div> <!-- aio-icon-component --><\/div><\/div><\/div><div class=\"ult-spacer spacer-69d5540430d67\" data-id=\"69d5540430d67\" data-height=\"30\" data-height-mobile=\"30\" data-height-tab=\"30\" data-height-tab-portrait=\"\" data-height-mobile-landscape=\"\" style=\"clear:both;display:block;\"><\/div><div class=\"g-cols wpb_row via_grid cols_1-2-1 laptops-cols_inherit tablets-cols_inherit mobiles-cols_1 valign_top type_default stacking_default\" style=\"--gap:3rem;\"><div class=\"wpb_column vc_column_container\"><div class=\"vc_column-inner\"><\/div><\/div><div class=\"wpb_column vc_column_container\"><div class=\"vc_column-inner\"><div class=\"wpb_text_column\"><div class=\"wpb_wrapper\"><p style=\"text-align: center;\"><em><strong>KONSULTIEREN SIE IMMER DEN LAWINENBERICHT VOR DEN EXKURSIONEN<\/strong><\/em><\/p>\n<\/div><\/div><div class=\"ult-spacer spacer-69d554043121b\" data-id=\"69d554043121b\" data-height=\"20\" data-height-mobile=\"20\" data-height-tab=\"20\" data-height-tab-portrait=\"\" data-height-mobile-landscape=\"\" style=\"clear:both;display:block;\"><\/div><div class=\"w-btn-wrapper align_center\"><a class=\"w-btn us-btn-style_1\" target=\"_blank\" href=\"https:\/\/www.meteotrentino.it\/index.html#!\/home\"><span class=\"w-btn-label\">LAWINENBULLETIN METEOTRENTINO<\/span><\/a><\/div><div class=\"ult-spacer spacer-69d554043157b\" data-id=\"69d554043157b\" data-height=\"10\" data-height-mobile=\"10\" data-height-tab=\"10\" data-height-tab-portrait=\"\" data-height-mobile-landscape=\"\" style=\"clear:both;display:block;\"><\/div><div class=\"w-btn-wrapper align_center\"><a class=\"w-btn us-btn-style_1\" target=\"_blank\" href=\"https:\/\/wwwold.arpa.veneto.it\/neve_valanghe\/it\/html\/index.php\"><span class=\"w-btn-label\">LAWINENBULLETIN CENTRO ARPAV ARABBA<\/span><\/a><\/div><\/div><\/div><div class=\"wpb_column vc_column_container\"><div class=\"vc_column-inner\"><\/div><\/div><\/div><\/div><\/div><\/div><\/div><\/section>\n","protected":false},"excerpt":{"rendered":"SCHNEESCHUHWANDERUNGEN Am Ciampedie k\u00f6nnen Schneeschuhwanderungen gemacht werden: So erleben Sie die winterlichen Berge nicht nur mit den Skiern und k\u00f6nnen ein uraltes Fortbewegungsmittel ausprobieren. Der Rosengarten ist f\u00fcr Schneeschuhwanderungen bekannt. Es erwarten Sie entspannende, erholsame und unglaublich sch\u00f6ne Spazierg\u00e4nge in der verschneiten Landschaft der sagenhaften Rosengarten-Gruppe bei angenehmen Temperaturen dank der Gipfel der Dolomiten, durch...","protected":false},"author":1,"featured_media":0,"parent":0,"menu_order":0,"comment_status":"closed","ping_status":"closed","template":"","meta":{"footnotes":""},"class_list":["post-712","page","type-page","status-publish","hentry"],"_links":{"self":[{"href":"https:\/\/catinacciodolomiti.it\/de\/wp-json\/wp\/v2\/pages\/712","targetHints":{"allow":["GET"]}}],"collection":[{"href":"https:\/\/catinacciodolomiti.it\/de\/wp-json\/wp\/v2\/pages"}],"about":[{"href":"https:\/\/catinacciodolomiti.it\/de\/wp-json\/wp\/v2\/types\/page"}],"author":[{"embeddable":true,"href":"https:\/\/catinacciodolomiti.it\/de\/wp-json\/wp\/v2\/users\/1"}],"replies":[{"embeddable":true,"href":"https:\/\/catinacciodolomiti.it\/de\/wp-json\/wp\/v2\/comments?post=712"}],"version-history":[{"count":18,"href":"https:\/\/catinacciodolomiti.it\/de\/wp-json\/wp\/v2\/pages\/712\/revisions"}],"predecessor-version":[{"id":1683,"href":"https:\/\/catinacciodolomiti.it\/de\/wp-json\/wp\/v2\/pages\/712\/revisions\/1683"}],"wp:attachment":[{"href":"https:\/\/catinacciodolomiti.it\/de\/wp-json\/wp\/v2\/media?parent=712"}],"curies":[{"name":"wp","href":"https:\/\/api.w.org\/{rel}","templated":true}]}}