{"id":706,"date":"2024-06-25T19:32:53","date_gmt":"2024-06-25T17:32:53","guid":{"rendered":"https:\/\/catinacciodolomiti.it\/sciare-sul-catinaccio-rosengarten\/"},"modified":"2024-08-02T20:11:56","modified_gmt":"2024-08-02T18:11:56","slug":"sciare-sul-catinaccio-rosengarten","status":"publish","type":"page","link":"https:\/\/catinacciodolomiti.it\/de\/sciare-sul-catinaccio-rosengarten\/","title":{"rendered":"SKIFAHREN AM ROSENGARTEN"},"content":{"rendered":"<section class=\"l-section wpb_row us_custom_3976049e height_medium with_img\"><div class=\"l-section-img\" role=\"img\" data-img-width=\"2000\" data-img-height=\"859\" style=\"background-image: url(https:\/\/catinacciodolomiti.it\/wp-content\/uploads\/2024\/06\/background-inverno-2.jpg);background-position: center left;background-repeat: no-repeat;background-size: contain;\"><\/div><div class=\"l-section-overlay\" style=\"background:rgba(255,255,255,0.60)\"><\/div><div class=\"l-section-h i-cf\"><div class=\"g-cols vc_row via_grid cols_2 laptops-cols_inherit tablets-cols_inherit mobiles-cols_1 valign_middle type_default stacking_default\"><div class=\"wpb_column vc_column_container\"><div class=\"vc_column-inner\"><div class=\"ult-spacer spacer-69d56e48426ca\" data-id=\"69d56e48426ca\" data-height=\"50\" data-height-mobile=\"0\" data-height-tab=\"\" data-height-tab-portrait=\"0\" data-height-mobile-landscape=\"0\" style=\"clear:both;display:block;\"><\/div><div id=\"ultimate-heading-257469d56e4842713\" class=\"uvc-heading ult-adjust-bottom-margin ultimate-heading-257469d56e4842713 uvc-6738 \" data-hspacer=\"line_only\"  data-halign=\"left\" style=\"text-align:left\"><div class=\"uvc-sub-heading ult-responsive\"  data-ultimate-target='.uvc-heading.ultimate-heading-257469d56e4842713 .uvc-sub-heading '  data-responsive-json-new='{\"font-size\":\"\",\"line-height\":\"\"}'  style=\"font-weight:normal;\">\n<h2>SKIFAHREN AM ROSENGARTEN<\/h2>\n<\/div><div class=\"uvc-heading-spacer line_only\" style=\"margin-top:15px;margin-bottom:15px;height:2px;\"><span class=\"uvc-headings-line\" style=\"border-style:solid;border-bottom-width:2px;border-color:#f68b20;width:120px;\"><\/span><\/div><\/div><div class=\"ult-spacer spacer-69d56e484274a\" data-id=\"69d56e484274a\" data-height=\"20\" data-height-mobile=\"20\" data-height-tab=\"20\" data-height-tab-portrait=\"\" data-height-mobile-landscape=\"\" style=\"clear:both;display:block;\"><\/div><div class=\"wpb_text_column\"><div class=\"wpb_wrapper\"><p>Das Skigebiet ist direkt von Vigo di Fassa aus \u00fcber eine moderne Rolltreppe zu erreichen, die die Skifahrer vom Ortszentrum bis zur Seilbahnstation \u201eCatinaccio\u201c oder von Pera di Fassa zum Sessellift \u201eVajolet 1\u201c, \u201eVajolet 2\u201c und \u201ePian Pecei\u201c bringt.<\/p>\n<p>Das Gebiet ist familienfreundlich ausgerichtet. Es gibt einen gro\u00dfen Babypark, in dem Kinder die Skischule Vigo besuchen k\u00f6nnen, die Skikurse und den lustigen Miniclub organisiert (www.scuolascivigo.com).<\/p>\n<\/div><\/div><\/div><\/div><div class=\"wpb_column vc_column_container us_custom_ff13c409 us_animate_this\"><div class=\"vc_column-inner\"><div class=\"g-cols wpb_row via_grid cols_1 laptops-cols_inherit tablets-cols_inherit mobiles-cols_1 valign_top type_default stacking_default\" style=\"--gap:1rem;\"><div data-us-scroll=\"{&quot;from_initial_position&quot;:&quot;0&quot;,&quot;start_position&quot;:&quot;0%&quot;,&quot;end_position&quot;:&quot;60%&quot;,&quot;delay&quot;:&quot;0.1s&quot;,&quot;translate_y_direction&quot;:&quot;up&quot;,&quot;translate_y_speed&quot;:&quot;0.3x&quot;}\" class=\"wpb_column vc_column_container has_scroll_effects has_translate_y\"><div class=\"vc_column-inner\"><div class=\"w-image align_none\" id=\"foto-1\"><div class=\"w-image-h\"><img decoding=\"async\" width=\"947\" height=\"1024\" src=\"https:\/\/catinacciodolomiti.it\/wp-content\/uploads\/2024\/06\/ski-947x1024.jpg\" class=\"attachment-large size-large\" alt=\"\" loading=\"lazy\" srcset=\"https:\/\/catinacciodolomiti.it\/wp-content\/uploads\/2024\/06\/ski-947x1024.jpg 947w, https:\/\/catinacciodolomiti.it\/wp-content\/uploads\/2024\/06\/ski-277x300.jpg 277w, https:\/\/catinacciodolomiti.it\/wp-content\/uploads\/2024\/06\/ski.jpg 1232w\" sizes=\"auto, (max-width: 947px) 100vw, 947px\" \/><\/div><\/div><\/div><\/div><div class=\"wpb_column vc_column_container\"><div class=\"vc_column-inner\"><div class=\"w-image align_none\" id=\"foto-2\"><div class=\"w-image-h\"><img decoding=\"async\" width=\"700\" height=\"666\" src=\"https:\/\/catinacciodolomiti.it\/wp-content\/uploads\/2024\/06\/ski-2.jpg\" class=\"attachment-large size-large\" alt=\"\" loading=\"lazy\" srcset=\"https:\/\/catinacciodolomiti.it\/wp-content\/uploads\/2024\/06\/ski-2.jpg 700w, https:\/\/catinacciodolomiti.it\/wp-content\/uploads\/2024\/06\/ski-2-300x285.jpg 300w\" sizes=\"auto, (max-width: 700px) 100vw, 700px\" \/><\/div><\/div><\/div><\/div><\/div><\/div><\/div><\/div><\/div><\/section><section class=\"l-section wpb_row height_medium width_full with_img\"><div class=\"l-section-img\" role=\"img\" data-img-width=\"1600\" data-img-height=\"925\" style=\"background-image: url(https:\/\/catinacciodolomiti.it\/wp-content\/uploads\/2024\/06\/background-inverno-1.jpg);\"><\/div><div class=\"l-section-h i-cf\"><div class=\"g-cols vc_row via_grid cols_1-4-1 laptops-cols_inherit tablets-cols_inherit mobiles-cols_1 valign_middle type_default stacking_default\"><div class=\"wpb_column vc_column_container us_custom_6df4bc3a has_text_color\"><div class=\"vc_column-inner\"><\/div><\/div><div class=\"wpb_column vc_column_container us_custom_044f310d\"><div class=\"vc_column-inner\"><div class=\"g-cols wpb_row via_grid cols_1 laptops-cols_inherit tablets-cols_inherit mobiles-cols_1 valign_middle type_default stacking_default\" style=\"--gap:3rem;\" id=\"caja-blanca\"><div class=\"wpb_column vc_column_container us_custom_8f7b07a9 us_animate_this\"><div class=\"vc_column-inner\"><div class=\"wpb_text_column\"><div class=\"wpb_wrapper\"><p style=\"text-align: center;\">Die Th\u00f6ni-Piste ist mit 4,5 km von Pra Martin nach Vigo di Fassa eine echte Herausforderung, die besonders viel Spa\u00df bringt. Und heute ist es nicht mehr notwendig, sich \u00fcber die lange Gerade zu qu\u00e4len, um sie zu erreichen! Mit der neuen Verbindung \u201ePra Martin-Th\u00f6ni\u201c ist eine der sch\u00f6nsten und abwechslungsreichsten Pisten im Fassatal entstanden. Eine rote Piste mit 700 H\u00f6henmetern, abwechslungsreichen Kurven und Gef\u00e4llen f\u00fcr jeden Skifreund. Erfahrenere Skifahrer k\u00f6nnen sich auch auf die schwarze Piste wagen, die Alberto Tomba gewidmet ist. Der gro\u00dfe Weltmeister hat zur Freude der begeisterten Skifahrer und seiner Fans viele Jahre hier in Ciampedie trainiert.<\/p>\n<p style=\"text-align: center;\">6 Schutzh\u00fctten runden das Angebot ab, von denen 5 auch zu Fu\u00df von der Bergbahn Vigo-Ciampedie erreicht werden k\u00f6nnen:<\/p>\n<p style=\"text-align: center;\">Baita Checco, Baita La Zondra, Baita Pra Martin, Rifugio Bellavista, Rifugio Ciampedie, Rifugio Negritella.<\/p>\n<p style=\"text-align: center;\">Das Rifugio Negritella ist in Wirklichkeit ein hochgelegenes Hotel, in dem man auch \u00fcbernachten kann.<\/p>\n<\/div><\/div><\/div><\/div><\/div><\/div><\/div><div class=\"wpb_column vc_column_container\"><div class=\"vc_column-inner\"><\/div><\/div><\/div><\/div><\/section>\n","protected":false},"excerpt":{"rendered":"SKIFAHREN AM ROSENGARTEN Das Skigebiet ist direkt von Vigo di Fassa aus \u00fcber eine moderne Rolltreppe zu erreichen, die die Skifahrer vom Ortszentrum bis zur Seilbahnstation \u201eCatinaccio\u201c oder von Pera di Fassa zum Sessellift \u201eVajolet 1\u201c, \u201eVajolet 2\u201c und \u201ePian Pecei\u201c bringt. Das Gebiet ist familienfreundlich ausgerichtet. Es gibt einen gro\u00dfen Babypark, in dem Kinder...","protected":false},"author":1,"featured_media":0,"parent":0,"menu_order":0,"comment_status":"closed","ping_status":"closed","template":"","meta":{"footnotes":""},"class_list":["post-706","page","type-page","status-publish","hentry"],"_links":{"self":[{"href":"https:\/\/catinacciodolomiti.it\/de\/wp-json\/wp\/v2\/pages\/706","targetHints":{"allow":["GET"]}}],"collection":[{"href":"https:\/\/catinacciodolomiti.it\/de\/wp-json\/wp\/v2\/pages"}],"about":[{"href":"https:\/\/catinacciodolomiti.it\/de\/wp-json\/wp\/v2\/types\/page"}],"author":[{"embeddable":true,"href":"https:\/\/catinacciodolomiti.it\/de\/wp-json\/wp\/v2\/users\/1"}],"replies":[{"embeddable":true,"href":"https:\/\/catinacciodolomiti.it\/de\/wp-json\/wp\/v2\/comments?post=706"}],"version-history":[{"count":5,"href":"https:\/\/catinacciodolomiti.it\/de\/wp-json\/wp\/v2\/pages\/706\/revisions"}],"predecessor-version":[{"id":711,"href":"https:\/\/catinacciodolomiti.it\/de\/wp-json\/wp\/v2\/pages\/706\/revisions\/711"}],"wp:attachment":[{"href":"https:\/\/catinacciodolomiti.it\/de\/wp-json\/wp\/v2\/media?parent=706"}],"curies":[{"name":"wp","href":"https:\/\/api.w.org\/{rel}","templated":true}]}}