{"id":702,"date":"2024-06-25T17:30:03","date_gmt":"2024-06-25T15:30:03","guid":{"rendered":"https:\/\/catinacciodolomiti.it\/inverno\/"},"modified":"2024-08-05T21:38:00","modified_gmt":"2024-08-05T19:38:00","slug":"winter","status":"publish","type":"page","link":"https:\/\/catinacciodolomiti.it\/de\/winter\/","title":{"rendered":"WINTER"},"content":{"rendered":"<section class=\"l-section wpb_row us_custom_3976049e height_medium with_img\"><div class=\"l-section-img\" role=\"img\" data-img-width=\"2000\" data-img-height=\"859\" style=\"background-image: url(https:\/\/catinacciodolomiti.it\/wp-content\/uploads\/2024\/06\/background-inverno.jpg);background-position: center left;background-repeat: no-repeat;background-size: contain;\"><\/div><div class=\"l-section-overlay\" style=\"background:rgba(255,255,255,0.60)\"><\/div><div class=\"l-section-h i-cf\"><div class=\"g-cols vc_row via_grid cols_2 laptops-cols_inherit tablets-cols_inherit mobiles-cols_1 valign_middle type_default stacking_default\"><div class=\"wpb_column vc_column_container\"><div class=\"vc_column-inner\"><div class=\"g-cols wpb_row via_grid cols_1 laptops-cols_inherit tablets-cols_inherit mobiles-cols_1 valign_top type_default stacking_default\" style=\"--gap:1rem;\"><div data-us-scroll=\"{&quot;from_initial_position&quot;:&quot;0&quot;,&quot;start_position&quot;:&quot;0%&quot;,&quot;end_position&quot;:&quot;60%&quot;,&quot;delay&quot;:&quot;0.1s&quot;,&quot;translate_y_direction&quot;:&quot;up&quot;,&quot;translate_y_speed&quot;:&quot;0.3x&quot;}\" class=\"wpb_column vc_column_container has_scroll_effects has_translate_y\"><div class=\"vc_column-inner\"><div class=\"w-image align_none\" id=\"foto-1\"><div class=\"w-image-h\"><img decoding=\"async\" width=\"750\" height=\"900\" src=\"https:\/\/catinacciodolomiti.it\/wp-content\/uploads\/2024\/06\/01.jpg\" class=\"attachment-large size-large\" alt=\"\" loading=\"lazy\" srcset=\"https:\/\/catinacciodolomiti.it\/wp-content\/uploads\/2024\/06\/01.jpg 750w, https:\/\/catinacciodolomiti.it\/wp-content\/uploads\/2024\/06\/01-250x300.jpg 250w\" sizes=\"auto, (max-width: 750px) 100vw, 750px\" \/><\/div><\/div><\/div><\/div><div class=\"wpb_column vc_column_container\"><div class=\"vc_column-inner\"><div class=\"w-image align_none\" id=\"foto-2\"><div class=\"w-image-h\"><img decoding=\"async\" width=\"1024\" height=\"930\" src=\"https:\/\/catinacciodolomiti.it\/wp-content\/uploads\/2024\/06\/02-1024x930.jpg\" class=\"attachment-large size-large\" alt=\"\" loading=\"lazy\" srcset=\"https:\/\/catinacciodolomiti.it\/wp-content\/uploads\/2024\/06\/02-1024x930.jpg 1024w, https:\/\/catinacciodolomiti.it\/wp-content\/uploads\/2024\/06\/02-300x273.jpg 300w, https:\/\/catinacciodolomiti.it\/wp-content\/uploads\/2024\/06\/02.jpg 1200w\" sizes=\"auto, (max-width: 1024px) 100vw, 1024px\" \/><\/div><\/div><\/div><\/div><\/div><\/div><\/div><div class=\"wpb_column vc_column_container us_custom_ff13c409 us_animate_this\"><div class=\"vc_column-inner\"><div class=\"ult-spacer spacer-69da5fbd2f503\" data-id=\"69da5fbd2f503\" data-height=\"50\" data-height-mobile=\"0\" data-height-tab=\"\" data-height-tab-portrait=\"0\" data-height-mobile-landscape=\"0\" style=\"clear:both;display:block;\"><\/div><div id=\"ultimate-heading-218469da5fbd2f555\" class=\"uvc-heading ult-adjust-bottom-margin ultimate-heading-218469da5fbd2f555 uvc-7748 \" data-hspacer=\"line_only\"  data-halign=\"left\" style=\"text-align:left\"><div class=\"uvc-sub-heading ult-responsive\"  data-ultimate-target='.uvc-heading.ultimate-heading-218469da5fbd2f555 .uvc-sub-heading '  data-responsive-json-new='{\"font-size\":\"\",\"line-height\":\"\"}'  style=\"font-weight:normal;\">\n<h2>WINTER AM ROSENGARTEN<\/h2>\n<\/div><div class=\"uvc-heading-spacer line_only\" style=\"margin-top:15px;margin-bottom:15px;height:2px;\"><span class=\"uvc-headings-line\" style=\"border-style:solid;border-bottom-width:2px;border-color:#f68b20;width:120px;\"><\/span><\/div><\/div><div class=\"ult-spacer spacer-69da5fbd2f590\" data-id=\"69da5fbd2f590\" data-height=\"20\" data-height-mobile=\"20\" data-height-tab=\"20\" data-height-tab-portrait=\"\" data-height-mobile-landscape=\"\" style=\"clear:both;display:block;\"><\/div><div class=\"wpb_text_column\"><div class=\"wpb_wrapper\"><p>G\u00f6nnen Sie sich wundersch\u00f6ne Urlaubstage und genie\u00dfen Sie jeden Tag den unglaublichen Ausblick auf den Rosengarten in den Dolomiten, ein Paradies f\u00fcr all jene, die den Schnee lieben.<\/p>\n<p>Rund um den Rosengarten gibt es viele ruhige Pl\u00e4tze, an denen Sie sich erholen und entspannen k\u00f6nnen \u2013 und wenn Sie bei Ihrem wei\u00dfen Winter- oder Skiurlaub unber\u00fchrte Gebiete entdecken oder beim Sport Vollgas geben m\u00f6chten, sind Sie hier richtig.<\/p>\n<\/div><\/div><\/div><\/div><\/div><\/div><\/section><section class=\"l-section wpb_row height_auto width_full\"><div class=\"l-section-overlay\" style=\"background:#f68b20\"><\/div><div class=\"l-section-h i-cf\"><div class=\"g-cols vc_row via_grid cols_2 laptops-cols_inherit tablets-cols_inherit mobiles-cols_1 valign_middle type_default stacking_default\"><div class=\"wpb_column vc_column_container us_custom_6df4bc3a has_text_color\"><div class=\"vc_column-inner\"><div class=\"g-cols wpb_row via_grid cols_1 laptops-cols_inherit tablets-cols_inherit mobiles-cols_1 valign_middle type_boxes stacking_default\" style=\"--gap:3rem;\"><div class=\"wpb_column vc_column_container us_custom_8f7b07a9 us_animate_this\"><div class=\"vc_column-inner\"><div class=\"wpb_text_column\"><div class=\"wpb_wrapper\"><p>Der Ciampedie oder das \u201eFeld Gottes\u201c auf 2.000 Metern H\u00f6he ist ein wahrer Panoramabalkon \u00fcber das Fassatal und die Dolomiten, die auch f\u00fcr die au\u00dfergew\u00f6hnlichen Vajolet-T\u00fcrme bekannt sind.<\/p>\n<p>Von der Spitze des Ciampedie kann man den Langkofel, den Sella, die Marmolada, den Sasso Vernale, den Kamm des Costabella, den Buffaure, den Monzoni und den Vallaccia sowie in der Ferne die Latemar-Gruppe, den Pale di San Martino und den Lagorai sehen.<\/p>\n<\/div><\/div><\/div><\/div><\/div><\/div><\/div><div class=\"wpb_column vc_column_container us_custom_d2ea9631 has_bg_color\"><div class=\"vc_column-inner\"><div class=\"ult-spacer spacer-69da5fbd30926\" data-id=\"69da5fbd30926\" data-height=\"400\" data-height-mobile=\"400\" data-height-tab=\"400\" data-height-tab-portrait=\"\" data-height-mobile-landscape=\"\" style=\"clear:both;display:block;\"><\/div><\/div><\/div><\/div><\/div><\/section><section class=\"l-section wpb_row height_medium\"><div class=\"l-section-h i-cf\"><div class=\"g-cols vc_row via_grid cols_1 laptops-cols_inherit tablets-cols_inherit mobiles-cols_1 valign_top type_default stacking_default\"><div class=\"wpb_column vc_column_container\"><div class=\"vc_column-inner\"><div class=\"ult-spacer spacer-69da5fbd30c8f\" data-id=\"69da5fbd30c8f\" data-height=\"50\" data-height-mobile=\"50\" data-height-tab=\"50\" data-height-tab-portrait=\"\" data-height-mobile-landscape=\"\" style=\"clear:both;display:block;\"><\/div><div id=\"ultimate-heading-698069da5fbd30cdd\" class=\"uvc-heading ult-adjust-bottom-margin ultimate-heading-698069da5fbd30cdd uvc-8189 \" data-hspacer=\"line_only\"  data-halign=\"center\" style=\"text-align:center\"><div class=\"uvc-sub-heading ult-responsive\"  data-ultimate-target='.uvc-heading.ultimate-heading-698069da5fbd30cdd .uvc-sub-heading '  data-responsive-json-new='{\"font-size\":\"\",\"line-height\":\"\"}'  style=\"font-weight:normal;\">\n<h2>SCHMACKHAFTE TAGE<\/h2>\n<\/div><div class=\"uvc-heading-spacer line_only\" style=\"margin-top:15px;margin-bottom:15px;height:2px;\"><span class=\"uvc-headings-line\" style=\"border-style:solid;border-bottom-width:2px;border-color:#f68b20;width:120px;\"><\/span><\/div><\/div><div class=\"ult-spacer spacer-69da5fbd30d17\" data-id=\"69da5fbd30d17\" data-height=\"40\" data-height-mobile=\"40\" data-height-tab=\"40\" data-height-tab-portrait=\"\" data-height-mobile-landscape=\"\" style=\"clear:both;display:block;\"><\/div><div class=\"g-cols wpb_row via_grid cols_1-4-1 laptops-cols_inherit tablets-cols_inherit mobiles-cols_1 valign_top type_default stacking_default\" style=\"--gap:3rem;\"><div class=\"wpb_column vc_column_container\"><div class=\"vc_column-inner\"><\/div><\/div><div class=\"wpb_column vc_column_container\"><div class=\"vc_column-inner\"><div class=\"wpb_text_column\"><div class=\"wpb_wrapper\"><p style=\"text-align: center;\">Ein ruhiger Urlaub in der Rosengarten-Region bedeutet auch, eine erholsame Pause in der Bergh\u00fctte sch\u00e4tzen zu wissen, in der traditionelle ladinische sowie nationale und internationale Gerichte serviert werden. Ein frisches Bier begleitet gern die vielen Gerichte auf der Speisekarte, die stets h\u00fcbsch angerichtet werden und in einem k\u00f6stlichen Dessert enden, damit Sie wieder Kr\u00e4fte sammeln k\u00f6nnen. Selbst gemachte Lik\u00f6re und Grappas warten, aber \u00fcbertreiben Sie es nicht!<\/p>\n<\/div><\/div><\/div><\/div><div class=\"wpb_column vc_column_container\"><div class=\"vc_column-inner\"><\/div><\/div><\/div><div class=\"ult-spacer spacer-69da5fbd31255\" data-id=\"69da5fbd31255\" data-height=\"40\" data-height-mobile=\"40\" data-height-tab=\"40\" data-height-tab-portrait=\"\" data-height-mobile-landscape=\"\" style=\"clear:both;display:block;\"><\/div><div class=\"w-grid type_grid layout_portfolio_12 cols_4 ratio_1x1\" id=\"us_grid_1\" style=\"--gap:0.5rem;\" data-filterable=\"true\"><style>@media (max-width:1380px){#us_grid_1 .w-grid-item{width:33.3333%}#us_grid_1 .w-grid-item.size_2x1,#us_grid_1 .w-grid-item.size_2x2{width:66.6667%}}@media (max-width:1024px){#us_grid_1 .w-grid-item{width:50%}#us_grid_1 .w-grid-item.size_2x1,#us_grid_1 .w-grid-item.size_2x2{width:100%}}@media (max-width:600px){#us_grid_1 .w-grid-list{margin:0}#us_grid_1 .w-grid-item{width:100%;padding:0;margin-bottom:var(--gap,0px)}}.layout_portfolio_12 .w-grid-item-h:before{padding-bottom:100%}@media (min-width:601px){.layout_portfolio_12 .w-grid-item.size_1x2 .w-grid-item-h:before{padding-bottom:calc(200% + var(--gap,0px) * 2)}.layout_portfolio_12 .w-grid-item.size_2x1 .w-grid-item-h:before{padding-bottom:calc(50% - var(--gap,0px) * 1)}.layout_portfolio_12 .w-grid-item.size_2x2 .w-grid-item-h:before{padding-bottom:calc(100% - var(--gap,0px) * 0)}}.layout_portfolio_12 .w-grid-item-h{}.layout_portfolio_12 .usg_post_image_1{transition-duration:0.25s;transform-origin:50% 50%;transform:scale(1) translate(0%,0%)}.layout_portfolio_12 .w-grid-item-h:hover .usg_post_image_1{transform:scale(1) translate(0%,0%);opacity:0.1}.layout_portfolio_12 .usg_post_title_1{transition-duration:0.25s;transform-origin:50% 50%;transform:scale(1) translate(0%,-50%);opacity:0}.layout_portfolio_12 .w-grid-item-h:hover .usg_post_title_1{transform:scale(1) translate(0%,0%);opacity:1}.layout_portfolio_12 .usg_post_taxonomy_1{transition-duration:0.25s;transform-origin:50% 50%;transform:scale(1) translate(0%,75%);opacity:0}.layout_portfolio_12 .w-grid-item-h:hover .usg_post_taxonomy_1{transform:scale(1) translate(0%,0%);opacity:0.75}.layout_portfolio_12 .usg_post_image_1{position:absolute!important;top:0!important;right:0!important;bottom:0!important;left:0!important}.layout_portfolio_12 .usg_vwrapper_1{position:absolute!important;top:0!important;right:0!important;bottom:0!important;left:0!important;padding:4rem!important}.layout_portfolio_12 .usg_post_title_1{color:inherit!important;font-size:1.4rem!important}<\/style><div class=\"w-grid-list\">\t<article class=\"w-grid-item size_1x1 post-553 attachment type-attachment status-inherit hentry\" data-id=\"553\">\r\n\t\t<div class=\"w-grid-item-h\">\r\n\t\t\t\t\t\t\t<a ref=\"magnificPopupGrid\" href=\"https:\/\/catinacciodolomiti.it\/wp-content\/uploads\/2024\/06\/39catinaccio-dolomit_48-20190516-152355-13-1.jpg\" class=\"w-grid-item-anchor\" aria-label=\"39catinaccio-dolomit_48-20190516-152355-13\" title=\"39catinaccio-dolomit_48-20190516-152355-13\"><\/a>\r\n\t\t\t\t\t\t<div class=\"w-post-elm post_image usg_post_image_1 stretched\"><img loading=\"lazy\" decoding=\"async\" width=\"1000\" height=\"666\" src=\"https:\/\/catinacciodolomiti.it\/wp-content\/uploads\/2024\/06\/39catinaccio-dolomit_48-20190516-152355-13-1.jpg\" class=\"attachment-large size-large\" alt=\"\" srcset=\"https:\/\/catinacciodolomiti.it\/wp-content\/uploads\/2024\/06\/39catinaccio-dolomit_48-20190516-152355-13-1.jpg 1000w, https:\/\/catinacciodolomiti.it\/wp-content\/uploads\/2024\/06\/39catinaccio-dolomit_48-20190516-152355-13-1-300x200.jpg 300w\" sizes=\"auto, (max-width: 1000px) 100vw, 1000px\" \/><\/div><div class=\"w-vwrapper usg_vwrapper_1 grid_style_12 align_center valign_middle\"><h2 class=\"w-post-elm post_title usg_post_title_1 has_text_color entry-title color_link_inherit\">39catinaccio-dolomit_48-20190516-152355-13<\/h2><\/div>\t\t<\/div>\r\n\t\t\t<\/article>\r\n\t<article class=\"w-grid-item size_1x1 post-551 attachment type-attachment status-inherit hentry\" data-id=\"551\">\r\n\t\t<div class=\"w-grid-item-h\">\r\n\t\t\t\t\t\t\t<a ref=\"magnificPopupGrid\" href=\"https:\/\/catinacciodolomiti.it\/wp-content\/uploads\/2024\/06\/37catinaccio-dolomit_46-20190516-152353-49.jpg\" class=\"w-grid-item-anchor\" aria-label=\"37catinaccio-dolomit_46-20190516-152353-49\" title=\"37catinaccio-dolomit_46-20190516-152353-49\"><\/a>\r\n\t\t\t\t\t\t<div class=\"w-post-elm post_image usg_post_image_1 stretched\"><img loading=\"lazy\" decoding=\"async\" width=\"1000\" height=\"666\" src=\"https:\/\/catinacciodolomiti.it\/wp-content\/uploads\/2024\/06\/37catinaccio-dolomit_46-20190516-152353-49.jpg\" class=\"attachment-large size-large\" alt=\"\" srcset=\"https:\/\/catinacciodolomiti.it\/wp-content\/uploads\/2024\/06\/37catinaccio-dolomit_46-20190516-152353-49.jpg 1000w, https:\/\/catinacciodolomiti.it\/wp-content\/uploads\/2024\/06\/37catinaccio-dolomit_46-20190516-152353-49-300x200.jpg 300w\" sizes=\"auto, (max-width: 1000px) 100vw, 1000px\" \/><\/div><div class=\"w-vwrapper usg_vwrapper_1 grid_style_12 align_center valign_middle\"><h2 class=\"w-post-elm post_title usg_post_title_1 has_text_color entry-title color_link_inherit\">37catinaccio-dolomit_46-20190516-152353-49<\/h2><\/div>\t\t<\/div>\r\n\t\t\t<\/article>\r\n\t<article class=\"w-grid-item size_1x1 post-549 attachment type-attachment status-inherit hentry\" data-id=\"549\">\r\n\t\t<div class=\"w-grid-item-h\">\r\n\t\t\t\t\t\t\t<a ref=\"magnificPopupGrid\" href=\"https:\/\/catinacciodolomiti.it\/wp-content\/uploads\/2024\/06\/31catinaccio-dolomit_45-20190516-152353-5.jpg\" class=\"w-grid-item-anchor\" aria-label=\"31catinaccio-dolomit_45-20190516-152353-5\" title=\"31catinaccio-dolomit_45-20190516-152353-5\"><\/a>\r\n\t\t\t\t\t\t<div class=\"w-post-elm post_image usg_post_image_1 stretched\"><img loading=\"lazy\" decoding=\"async\" width=\"1000\" height=\"666\" src=\"https:\/\/catinacciodolomiti.it\/wp-content\/uploads\/2024\/06\/31catinaccio-dolomit_45-20190516-152353-5.jpg\" class=\"attachment-large size-large\" alt=\"\" srcset=\"https:\/\/catinacciodolomiti.it\/wp-content\/uploads\/2024\/06\/31catinaccio-dolomit_45-20190516-152353-5.jpg 1000w, https:\/\/catinacciodolomiti.it\/wp-content\/uploads\/2024\/06\/31catinaccio-dolomit_45-20190516-152353-5-300x200.jpg 300w\" sizes=\"auto, (max-width: 1000px) 100vw, 1000px\" \/><\/div><div class=\"w-vwrapper usg_vwrapper_1 grid_style_12 align_center valign_middle\"><h2 class=\"w-post-elm post_title usg_post_title_1 has_text_color entry-title color_link_inherit\">31catinaccio-dolomit_45-20190516-152353-5<\/h2><\/div>\t\t<\/div>\r\n\t\t\t<\/article>\r\n\t<article class=\"w-grid-item size_1x1 post-547 attachment type-attachment status-inherit hentry\" data-id=\"547\">\r\n\t\t<div class=\"w-grid-item-h\">\r\n\t\t\t\t\t\t\t<a ref=\"magnificPopupGrid\" href=\"https:\/\/catinacciodolomiti.it\/wp-content\/uploads\/2024\/06\/29catinaccio-dolomit_47-20190516-152354-75.jpg\" class=\"w-grid-item-anchor\" aria-label=\"29catinaccio-dolomit_47-20190516-152354-75\" title=\"29catinaccio-dolomit_47-20190516-152354-75\"><\/a>\r\n\t\t\t\t\t\t<div class=\"w-post-elm post_image usg_post_image_1 stretched\"><img loading=\"lazy\" decoding=\"async\" width=\"1000\" height=\"666\" src=\"https:\/\/catinacciodolomiti.it\/wp-content\/uploads\/2024\/06\/29catinaccio-dolomit_47-20190516-152354-75.jpg\" class=\"attachment-large size-large\" alt=\"\" srcset=\"https:\/\/catinacciodolomiti.it\/wp-content\/uploads\/2024\/06\/29catinaccio-dolomit_47-20190516-152354-75.jpg 1000w, https:\/\/catinacciodolomiti.it\/wp-content\/uploads\/2024\/06\/29catinaccio-dolomit_47-20190516-152354-75-300x200.jpg 300w\" sizes=\"auto, (max-width: 1000px) 100vw, 1000px\" \/><\/div><div class=\"w-vwrapper usg_vwrapper_1 grid_style_12 align_center valign_middle\"><h2 class=\"w-post-elm post_title usg_post_title_1 has_text_color entry-title color_link_inherit\">29catinaccio-dolomit_47-20190516-152354-75<\/h2><\/div>\t\t<\/div>\r\n\t\t\t<\/article>\r\n\t<article class=\"w-grid-item size_1x1 post-545 attachment type-attachment status-inherit hentry\" data-id=\"545\">\r\n\t\t<div class=\"w-grid-item-h\">\r\n\t\t\t\t\t\t\t<a ref=\"magnificPopupGrid\" href=\"https:\/\/catinacciodolomiti.it\/wp-content\/uploads\/2024\/06\/28catinaccio-dolomit_53-20190516-152357-5.jpg\" class=\"w-grid-item-anchor\" aria-label=\"28catinaccio-dolomit_53-20190516-152357-5\" title=\"28catinaccio-dolomit_53-20190516-152357-5\"><\/a>\r\n\t\t\t\t\t\t<div class=\"w-post-elm post_image usg_post_image_1 stretched\"><img loading=\"lazy\" decoding=\"async\" width=\"1000\" height=\"666\" src=\"https:\/\/catinacciodolomiti.it\/wp-content\/uploads\/2024\/06\/28catinaccio-dolomit_53-20190516-152357-5.jpg\" class=\"attachment-large size-large\" alt=\"\" srcset=\"https:\/\/catinacciodolomiti.it\/wp-content\/uploads\/2024\/06\/28catinaccio-dolomit_53-20190516-152357-5.jpg 1000w, https:\/\/catinacciodolomiti.it\/wp-content\/uploads\/2024\/06\/28catinaccio-dolomit_53-20190516-152357-5-300x200.jpg 300w\" sizes=\"auto, (max-width: 1000px) 100vw, 1000px\" \/><\/div><div class=\"w-vwrapper usg_vwrapper_1 grid_style_12 align_center valign_middle\"><h2 class=\"w-post-elm post_title usg_post_title_1 has_text_color entry-title color_link_inherit\">28catinaccio-dolomit_53-20190516-152357-5<\/h2><\/div>\t\t<\/div>\r\n\t\t\t<\/article>\r\n\t<article class=\"w-grid-item size_1x1 post-543 attachment type-attachment status-inherit hentry\" data-id=\"543\">\r\n\t\t<div class=\"w-grid-item-h\">\r\n\t\t\t\t\t\t\t<a ref=\"magnificPopupGrid\" href=\"https:\/\/catinacciodolomiti.it\/wp-content\/uploads\/2024\/06\/26catinaccio-dolomit_50-20190516-152355-29.jpg\" class=\"w-grid-item-anchor\" aria-label=\"26catinaccio-dolomit_50-20190516-152355-29\" title=\"26catinaccio-dolomit_50-20190516-152355-29\"><\/a>\r\n\t\t\t\t\t\t<div class=\"w-post-elm post_image usg_post_image_1 stretched\"><img loading=\"lazy\" decoding=\"async\" width=\"1000\" height=\"666\" src=\"https:\/\/catinacciodolomiti.it\/wp-content\/uploads\/2024\/06\/26catinaccio-dolomit_50-20190516-152355-29.jpg\" class=\"attachment-large size-large\" alt=\"\" srcset=\"https:\/\/catinacciodolomiti.it\/wp-content\/uploads\/2024\/06\/26catinaccio-dolomit_50-20190516-152355-29.jpg 1000w, https:\/\/catinacciodolomiti.it\/wp-content\/uploads\/2024\/06\/26catinaccio-dolomit_50-20190516-152355-29-300x200.jpg 300w\" sizes=\"auto, (max-width: 1000px) 100vw, 1000px\" \/><\/div><div class=\"w-vwrapper usg_vwrapper_1 grid_style_12 align_center valign_middle\"><h2 class=\"w-post-elm post_title usg_post_title_1 has_text_color entry-title color_link_inherit\">26catinaccio-dolomit_50-20190516-152355-29<\/h2><\/div>\t\t<\/div>\r\n\t\t\t<\/article>\r\n\t<article class=\"w-grid-item size_1x1 post-541 attachment type-attachment status-inherit hentry\" data-id=\"541\">\r\n\t\t<div class=\"w-grid-item-h\">\r\n\t\t\t\t\t\t\t<a ref=\"magnificPopupGrid\" href=\"https:\/\/catinacciodolomiti.it\/wp-content\/uploads\/2024\/06\/25catinaccio-dolomit_51-20190516-152356-88.jpg\" class=\"w-grid-item-anchor\" aria-label=\"25catinaccio-dolomit_51-20190516-152356-88\" title=\"25catinaccio-dolomit_51-20190516-152356-88\"><\/a>\r\n\t\t\t\t\t\t<div class=\"w-post-elm post_image usg_post_image_1 stretched\"><img loading=\"lazy\" decoding=\"async\" width=\"1000\" height=\"666\" src=\"https:\/\/catinacciodolomiti.it\/wp-content\/uploads\/2024\/06\/25catinaccio-dolomit_51-20190516-152356-88.jpg\" class=\"attachment-large size-large\" alt=\"\" srcset=\"https:\/\/catinacciodolomiti.it\/wp-content\/uploads\/2024\/06\/25catinaccio-dolomit_51-20190516-152356-88.jpg 1000w, https:\/\/catinacciodolomiti.it\/wp-content\/uploads\/2024\/06\/25catinaccio-dolomit_51-20190516-152356-88-300x200.jpg 300w\" sizes=\"auto, (max-width: 1000px) 100vw, 1000px\" \/><\/div><div class=\"w-vwrapper usg_vwrapper_1 grid_style_12 align_center valign_middle\"><h2 class=\"w-post-elm post_title usg_post_title_1 has_text_color entry-title color_link_inherit\">25catinaccio-dolomit_51-20190516-152356-88<\/h2><\/div>\t\t<\/div>\r\n\t\t\t<\/article>\r\n\t<article class=\"w-grid-item size_1x1 post-539 attachment type-attachment status-inherit hentry\" data-id=\"539\">\r\n\t\t<div class=\"w-grid-item-h\">\r\n\t\t\t\t\t\t\t<a ref=\"magnificPopupGrid\" href=\"https:\/\/catinacciodolomiti.it\/wp-content\/uploads\/2024\/06\/24catinaccio-dolomit_52-20190516-152357-86.jpg\" class=\"w-grid-item-anchor\" aria-label=\"24catinaccio-dolomit_52-20190516-152357-86\" title=\"24catinaccio-dolomit_52-20190516-152357-86\"><\/a>\r\n\t\t\t\t\t\t<div class=\"w-post-elm post_image usg_post_image_1 stretched\"><img loading=\"lazy\" decoding=\"async\" width=\"1000\" height=\"666\" src=\"https:\/\/catinacciodolomiti.it\/wp-content\/uploads\/2024\/06\/24catinaccio-dolomit_52-20190516-152357-86.jpg\" class=\"attachment-large size-large\" alt=\"\" srcset=\"https:\/\/catinacciodolomiti.it\/wp-content\/uploads\/2024\/06\/24catinaccio-dolomit_52-20190516-152357-86.jpg 1000w, https:\/\/catinacciodolomiti.it\/wp-content\/uploads\/2024\/06\/24catinaccio-dolomit_52-20190516-152357-86-300x200.jpg 300w\" sizes=\"auto, (max-width: 1000px) 100vw, 1000px\" \/><\/div><div class=\"w-vwrapper usg_vwrapper_1 grid_style_12 align_center valign_middle\"><h2 class=\"w-post-elm post_title usg_post_title_1 has_text_color entry-title color_link_inherit\">24catinaccio-dolomit_52-20190516-152357-86<\/h2><\/div>\t\t<\/div>\r\n\t\t\t<\/article>\r\n\t<article class=\"w-grid-item size_1x1 post-537 attachment type-attachment status-inherit hentry\" data-id=\"537\">\r\n\t\t<div class=\"w-grid-item-h\">\r\n\t\t\t\t\t\t\t<a ref=\"magnificPopupGrid\" href=\"https:\/\/catinacciodolomiti.it\/wp-content\/uploads\/2024\/06\/09catinaccio-dolomit_44-20190516-152352-37.jpg\" class=\"w-grid-item-anchor\" aria-label=\"09catinaccio-dolomit_44-20190516-152352-37\" title=\"09catinaccio-dolomit_44-20190516-152352-37\"><\/a>\r\n\t\t\t\t\t\t<div class=\"w-post-elm post_image usg_post_image_1 stretched\"><img loading=\"lazy\" decoding=\"async\" width=\"330\" height=\"220\" src=\"https:\/\/catinacciodolomiti.it\/wp-content\/uploads\/2024\/06\/09catinaccio-dolomit_44-20190516-152352-37.jpg\" class=\"attachment-large size-large\" alt=\"\" srcset=\"https:\/\/catinacciodolomiti.it\/wp-content\/uploads\/2024\/06\/09catinaccio-dolomit_44-20190516-152352-37.jpg 330w, https:\/\/catinacciodolomiti.it\/wp-content\/uploads\/2024\/06\/09catinaccio-dolomit_44-20190516-152352-37-300x200.jpg 300w\" sizes=\"auto, (max-width: 330px) 100vw, 330px\" \/><\/div><div class=\"w-vwrapper usg_vwrapper_1 grid_style_12 align_center valign_middle\"><h2 class=\"w-post-elm post_title usg_post_title_1 has_text_color entry-title color_link_inherit\">09catinaccio-dolomit_44-20190516-152352-37<\/h2><\/div>\t\t<\/div>\r\n\t\t\t<\/article>\r\n<\/div><div class=\"w-grid-preloader\">\t<div class=\"g-preloader type_1\">\r\n\t\t<div><\/div>\r\n\t<\/div>\r\n\t<\/div>\t<div class=\"w-grid-json hidden\" onclick='return {&quot;action&quot;:&quot;us_ajax_grid&quot;,&quot;infinite_scroll&quot;:0,&quot;max_num_pages&quot;:1,&quot;pagination&quot;:&quot;none&quot;,&quot;template_vars&quot;:{&quot;columns&quot;:&quot;4&quot;,&quot;exclude_items&quot;:&quot;none&quot;,&quot;img_size&quot;:&quot;default&quot;,&quot;ignore_items_size&quot;:0,&quot;items_layout&quot;:&quot;portfolio_12&quot;,&quot;items_offset&quot;:&quot;1&quot;,&quot;load_animation&quot;:&quot;none&quot;,&quot;overriding_link&quot;:&quot;%7B%22type%22%3A%22popup_image%22%7D&quot;,&quot;post_id&quot;:0,&quot;query_args&quot;:{&quot;post_type&quot;:[&quot;attachment&quot;],&quot;post__in&quot;:[&quot;145&quot;,&quot;146&quot;,&quot;147&quot;,&quot;148&quot;,&quot;149&quot;,&quot;150&quot;,&quot;151&quot;,&quot;152&quot;,&quot;153&quot;],&quot;post_status&quot;:&quot;inherit&quot;,&quot;post_mime_type&quot;:&quot;image&quot;,&quot;posts_per_page&quot;:&quot;10&quot;},&quot;orderby_query_args&quot;:{&quot;orderby&quot;:{&quot;date&quot;:&quot;DESC&quot;}},&quot;type&quot;:&quot;grid&quot;,&quot;us_grid_post_type&quot;:&quot;attachment&quot;,&quot;us_grid_ajax_index&quot;:1,&quot;us_grid_filter_params&quot;:[],&quot;us_grid_index&quot;:1,&quot;page_args&quot;:[],&quot;lang&quot;:&quot;de&quot;}}'><\/div>\r\n\t<\/div><\/div><\/div><\/div><\/div><\/section>\n","protected":false},"excerpt":{"rendered":"","protected":false},"author":1,"featured_media":0,"parent":0,"menu_order":0,"comment_status":"closed","ping_status":"closed","template":"","meta":{"footnotes":""},"class_list":["post-702","page","type-page","status-publish","hentry"],"_links":{"self":[{"href":"https:\/\/catinacciodolomiti.it\/de\/wp-json\/wp\/v2\/pages\/702","targetHints":{"allow":["GET"]}}],"collection":[{"href":"https:\/\/catinacciodolomiti.it\/de\/wp-json\/wp\/v2\/pages"}],"about":[{"href":"https:\/\/catinacciodolomiti.it\/de\/wp-json\/wp\/v2\/types\/page"}],"author":[{"embeddable":true,"href":"https:\/\/catinacciodolomiti.it\/de\/wp-json\/wp\/v2\/users\/1"}],"replies":[{"embeddable":true,"href":"https:\/\/catinacciodolomiti.it\/de\/wp-json\/wp\/v2\/comments?post=702"}],"version-history":[{"count":3,"href":"https:\/\/catinacciodolomiti.it\/de\/wp-json\/wp\/v2\/pages\/702\/revisions"}],"predecessor-version":[{"id":705,"href":"https:\/\/catinacciodolomiti.it\/de\/wp-json\/wp\/v2\/pages\/702\/revisions\/705"}],"wp:attachment":[{"href":"https:\/\/catinacciodolomiti.it\/de\/wp-json\/wp\/v2\/media?parent=702"}],"curies":[{"name":"wp","href":"https:\/\/api.w.org\/{rel}","templated":true}]}}