{"id":696,"date":"2024-07-11T20:27:58","date_gmt":"2024-07-11T18:27:58","guid":{"rendered":"https:\/\/catinacciodolomiti.it\/vigo-di-fassa\/"},"modified":"2024-08-02T20:05:04","modified_gmt":"2024-08-02T18:05:04","slug":"vigo-di-fassa","status":"publish","type":"page","link":"https:\/\/catinacciodolomiti.it\/de\/vigo-di-fassa\/","title":{"rendered":"VIGO DI FASSA"},"content":{"rendered":"<section class=\"l-section wpb_row us_custom_3976049e height_medium with_img\"><div class=\"l-section-img\" role=\"img\" data-img-width=\"2000\" data-img-height=\"859\" style=\"background-image: url(https:\/\/catinacciodolomiti.it\/wp-content\/uploads\/2024\/06\/background-inverno.jpg);background-position: center left;background-repeat: no-repeat;background-size: contain;\"><\/div><div class=\"l-section-overlay\" style=\"background:rgba(255,255,255,0.60)\"><\/div><div class=\"l-section-h i-cf\"><div class=\"g-cols vc_row via_grid cols_2 laptops-cols_inherit tablets-cols_inherit mobiles-cols_1 valign_middle type_default stacking_default\"><div class=\"wpb_column vc_column_container\"><div class=\"vc_column-inner\"><div class=\"g-cols wpb_row via_grid cols_1 laptops-cols_inherit tablets-cols_inherit mobiles-cols_1 valign_top type_default stacking_default\" style=\"--gap:1rem;\"><div data-us-scroll=\"{&quot;from_initial_position&quot;:&quot;0&quot;,&quot;start_position&quot;:&quot;0%&quot;,&quot;end_position&quot;:&quot;60%&quot;,&quot;delay&quot;:&quot;0.1s&quot;,&quot;translate_y_direction&quot;:&quot;up&quot;,&quot;translate_y_speed&quot;:&quot;0.3x&quot;}\" class=\"wpb_column vc_column_container has_scroll_effects has_translate_y\"><div class=\"vc_column-inner\"><div class=\"w-image align_none\" id=\"foto-1\"><div class=\"w-image-h\"><img decoding=\"async\" width=\"750\" height=\"900\" src=\"https:\/\/catinacciodolomiti.it\/wp-content\/uploads\/2024\/07\/7.1.jpg\" class=\"attachment-large size-large\" alt=\"\" loading=\"lazy\" srcset=\"https:\/\/catinacciodolomiti.it\/wp-content\/uploads\/2024\/07\/7.1.jpg 750w, https:\/\/catinacciodolomiti.it\/wp-content\/uploads\/2024\/07\/7.1-250x300.jpg 250w\" sizes=\"auto, (max-width: 750px) 100vw, 750px\" \/><\/div><\/div><\/div><\/div><div class=\"wpb_column vc_column_container\"><div class=\"vc_column-inner\"><div class=\"w-image align_none\" id=\"foto-2\"><div class=\"w-image-h\"><img decoding=\"async\" width=\"1024\" height=\"930\" src=\"https:\/\/catinacciodolomiti.it\/wp-content\/uploads\/2024\/07\/7-1024x930.jpg\" class=\"attachment-large size-large\" alt=\"\" loading=\"lazy\" srcset=\"https:\/\/catinacciodolomiti.it\/wp-content\/uploads\/2024\/07\/7-1024x930.jpg 1024w, https:\/\/catinacciodolomiti.it\/wp-content\/uploads\/2024\/07\/7-300x273.jpg 300w, https:\/\/catinacciodolomiti.it\/wp-content\/uploads\/2024\/07\/7.jpg 1200w\" sizes=\"auto, (max-width: 1024px) 100vw, 1024px\" \/><\/div><\/div><\/div><\/div><\/div><\/div><\/div><div class=\"wpb_column vc_column_container us_custom_ff13c409 us_animate_this\"><div class=\"vc_column-inner\"><div class=\"ult-spacer spacer-69da495e7ca6a\" data-id=\"69da495e7ca6a\" data-height=\"50\" data-height-mobile=\"0\" data-height-tab=\"\" data-height-tab-portrait=\"0\" data-height-mobile-landscape=\"0\" style=\"clear:both;display:block;\"><\/div><div id=\"ultimate-heading-649269da495e7caba\" class=\"uvc-heading ult-adjust-bottom-margin ultimate-heading-649269da495e7caba uvc-2056 \" data-hspacer=\"line_only\"  data-halign=\"left\" style=\"text-align:left\"><div class=\"uvc-sub-heading ult-responsive\"  data-ultimate-target='.uvc-heading.ultimate-heading-649269da495e7caba .uvc-sub-heading '  data-responsive-json-new='{\"font-size\":\"\",\"line-height\":\"\"}'  style=\"font-weight:normal;\">\n<h2>VIGO DI FASSA<\/h2>\n<\/div><div class=\"uvc-heading-spacer line_only\" style=\"margin-top:15px;margin-bottom:15px;height:2px;\"><span class=\"uvc-headings-line\" style=\"border-style:solid;border-bottom-width:2px;border-color:#f68b20;width:120px;\"><\/span><\/div><\/div><div class=\"ult-spacer spacer-69da495e7caf9\" data-id=\"69da495e7caf9\" data-height=\"20\" data-height-mobile=\"20\" data-height-tab=\"20\" data-height-tab-portrait=\"\" data-height-mobile-landscape=\"\" style=\"clear:both;display:block;\"><\/div><div class=\"wpb_text_column\"><div class=\"wpb_wrapper\"><p><strong>Vigo di Fassa<\/strong>\u00a0(im ladinischen Vich ausgesprochen Vik) ist eine Stadt mit 1.142 Einwohnern 1.382 Meter \u00fcber dem Meeresspiegel. Durch seine hervorragende Lage auf einer breiten und sonnigen Terrasse \u00fcberblickt Vigo di Fassa das gesamte Tal. Da es sehr zentral gelegen und ein Hauptverbindungsweg zum Norden ist, galt Vigo in der Vergangenheit als das administrative und religi\u00f6se Zentrum des Tals, als in der Zeit der Langobarden Pieve di Fassa und die Masseria die Corte gegr\u00fcndet wurden.<\/p>\n<p>Vigo di Fassa ist ein Skizentrum im Skigebiet Val di Fassa\/Dolomiti Superski. Das Dorf beherbergt zahlreiche Hotels und gilt als ein wichtiges Zentrum f\u00fcr Sommerausfl\u00fcge im Rosengarten-Massiv<\/p>\n<\/div><\/div><\/div><\/div><\/div><\/div><\/section><section class=\"l-section wpb_row height_medium width_full with_img\"><div class=\"l-section-img\" role=\"img\" data-img-width=\"1600\" data-img-height=\"600\" style=\"background-image: url(https:\/\/catinacciodolomiti.it\/wp-content\/uploads\/2024\/07\/ciampedie-01set2010-04_28-20190527_171732-22.jpg);background-repeat: no-repeat;\"><\/div><div class=\"l-section-h i-cf\"><div class=\"g-cols vc_row via_grid cols_1-2-1 laptops-cols_inherit tablets-cols_inherit mobiles-cols_1 valign_middle type_default stacking_default\"><div class=\"wpb_column vc_column_container us_custom_6df4bc3a has_text_color\"><div class=\"vc_column-inner\"><\/div><\/div><div data-us-scroll=\"{&quot;from_initial_position&quot;:&quot;0&quot;,&quot;start_position&quot;:&quot;0%&quot;,&quot;end_position&quot;:&quot;50%&quot;,&quot;delay&quot;:&quot;0.1s&quot;,&quot;translate_y_direction&quot;:&quot;up&quot;,&quot;translate_y_speed&quot;:&quot;0.5x&quot;}\" class=\"wpb_column vc_column_container us_custom_044f310d has_scroll_effects has_translate_y\"><div class=\"vc_column-inner\"><div class=\"ult-spacer spacer-69da495e7da16\" data-id=\"69da495e7da16\" data-height=\"50\" data-height-mobile=\"50\" data-height-tab=\"50\" data-height-tab-portrait=\"\" data-height-mobile-landscape=\"\" style=\"clear:both;display:block;\"><\/div><div class=\"g-cols wpb_row via_grid cols_1 laptops-cols_inherit tablets-cols_inherit mobiles-cols_1 valign_top type_default stacking_default\" style=\"--gap:3rem;\" id=\"caja-blanca\"><div class=\"wpb_column vc_column_container\"><div class=\"vc_column-inner\"><div class=\"wpb_text_column\"><div class=\"wpb_wrapper\"><p style=\"text-align: center;\">Die Rosengarten-Gruppe, deren Hauptzugang Vigo di Fassa ist, geh\u00f6rt zu den neun Dolomitengruppen, die von der UNESCO zum Weltnaturerbe erkl\u00e4rt wurden.<\/p>\n<p style=\"text-align: center;\">Das Dorfzentrum wird von der Staatsstra\u00dfe 241 des Eggtals durchquert, die \u00fcber den Karerpass nach Bozen f\u00fchrt.<\/p>\n<p style=\"text-align: center;\">Die moderne Seilbahn Vigo-Ciampedie f\u00e4hrt direkt vom Stadtzentrum ab und erreicht in wenigen Minuten das Ciampedie-Becken auf 2.000 Metern H\u00f6he, das einen au\u00dfergew\u00f6hnlichen Aussichtspunkt \u00fcber das Fassatal und die Fassadolomiten mit dem Rosengarten, den Vajolet-T\u00fcrmen und dem Larsech, der Langkofel-, Sella- und Monzoni-Gruppe sowie in der Ferne die Lagorai-Kette bietet. Ciampedie ist der bevorzugte Ausgangspunkt f\u00fcr Spazierg\u00e4nge, Wanderungen und Anstiege in der gesamten Rosengarten-Gruppe und bildet im Winter das Zentrum des Skigebiets Catinaccio.<\/p>\n<\/div><\/div><div class=\"ult-spacer spacer-69da495e7de02\" data-id=\"69da495e7de02\" data-height=\"30\" data-height-mobile=\"30\" data-height-tab=\"30\" data-height-tab-portrait=\"\" data-height-mobile-landscape=\"\" style=\"clear:both;display:block;\"><\/div><\/div><\/div><\/div><div class=\"ult-spacer spacer-69da495e7de3c\" data-id=\"69da495e7de3c\" data-height=\"50\" data-height-mobile=\"50\" data-height-tab=\"50\" data-height-tab-portrait=\"\" data-height-mobile-landscape=\"\" style=\"clear:both;display:block;\"><\/div><\/div><\/div><div class=\"wpb_column vc_column_container\"><div class=\"vc_column-inner\"><\/div><\/div><\/div><\/div><\/section><section class=\"l-section wpb_row height_auto width_full\"><div class=\"l-section-h i-cf\"><div class=\"g-cols vc_row via_grid cols_2 laptops-cols_inherit tablets-cols_inherit mobiles-cols_1 valign_top type_default stacking_default\"><div class=\"wpb_column vc_column_container\"><div class=\"vc_column-inner\"><div class=\"g-cols wpb_row via_grid cols_1 laptops-cols_inherit tablets-cols_inherit mobiles-cols_1 valign_top type_boxes stacking_default\" style=\"--gap:3rem;\"><div class=\"wpb_column vc_column_container\"><div class=\"vc_column-inner\"><div class=\"ult-spacer spacer-69da495e7e2e6\" data-id=\"69da495e7e2e6\" data-height=\"40\" data-height-mobile=\"40\" data-height-tab=\"40\" data-height-tab-portrait=\"\" data-height-mobile-landscape=\"\" style=\"clear:both;display:block;\"><\/div><div class=\"wpb_text_column\"><div class=\"wpb_wrapper\"><p>Die ersten historischen Aufzeichnungen von Vigo di Fassa, wie auch von fast allen anderen D\u00f6rfern des Fassatals, stammen aus dem Mittelalter, obwohl die ersten Spuren menschlicher Besiedelung in der Gegend auf die Altsteinzeit zur\u00fcckzuf\u00fchren sind, als nomadische J\u00e4ger den Avisio-Bach entlang wanderten.<\/p>\n<p>Dank der Landwirtschaft und Viehzucht florierte das Gebiet bis 1860, als der Bau der Dolomiten-Staatsstra\u00dfe die ersten, vor allem \u00f6sterreichischen, Touristen in die Region brachte. Von diesem Moment an wurden neben den alten Geb\u00e4ude der Altstadt Hotels und sonstige Unterk\u00fcnfte errichtet, w\u00e4hrend die T\u00e4tigkeiten des Prim\u00e4rsektors dem Tourismus Platz machten. Der Bau neuer Schutzh\u00fctten f\u00fcr Bergsteiger und Wanderfreunde am Fu\u00dfe der Rosengarten-Gruppe erfolgte ebenfalls zu dieser Zeit (unter den ersten wurde Ende des 19. Jahrhunderts die Vajolet-H\u00fctte errichtet).<\/p>\n<p>W\u00e4hrend des Ersten Weltkriegs geriet das Dorf zwischen die Fronten und erlebte einige der blutigsten Schlachten des gesamten Krieges. Nach dem ersten Weltkrieg wurde Vigo di Fassa, wie auch alle anderen D\u00f6rfer des Tals, Teil Italiens. Im Jahr 1921 wurde die Stadt von einem verheerenden Brand verw\u00fcstet.<\/p>\n<p>Nach dem zweiten Weltkrieg nahm der Tourismus einen immer gr\u00f6\u00dferen Stellenwert ein. Die ersten Berglifte wurden gebaut und die Unterk\u00fcnfte massiv ausgebaut.<\/p>\n<\/div><\/div><div class=\"ult-spacer spacer-69da495e7e45f\" data-id=\"69da495e7e45f\" data-height=\"40\" data-height-mobile=\"40\" data-height-tab=\"40\" data-height-tab-portrait=\"\" data-height-mobile-landscape=\"\" style=\"clear:both;display:block;\"><\/div><\/div><\/div><\/div><\/div><\/div><div class=\"wpb_column vc_column_container us_custom_7d9eb447 has_bg_color\"><div class=\"vc_column-inner\"><div class=\"ult-spacer spacer-69da495e7e5e3\" data-id=\"69da495e7e5e3\" data-height=\"400\" data-height-mobile=\"400\" data-height-tab=\"400\" data-height-tab-portrait=\"\" data-height-mobile-landscape=\"\" style=\"clear:both;display:block;\"><\/div><\/div><\/div><\/div><\/div><\/section>\n","protected":false},"excerpt":{"rendered":"VIGO DI FASSA Vigo di Fassa\u00a0(im ladinischen Vich ausgesprochen Vik) ist eine Stadt mit 1.142 Einwohnern 1.382 Meter \u00fcber dem Meeresspiegel. Durch seine hervorragende Lage auf einer breiten und sonnigen Terrasse \u00fcberblickt Vigo di Fassa das gesamte Tal. Da es sehr zentral gelegen und ein Hauptverbindungsweg zum Norden ist, galt Vigo in der Vergangenheit als...","protected":false},"author":1,"featured_media":0,"parent":0,"menu_order":0,"comment_status":"closed","ping_status":"closed","template":"","meta":{"footnotes":""},"class_list":["post-696","page","type-page","status-publish","hentry"],"_links":{"self":[{"href":"https:\/\/catinacciodolomiti.it\/de\/wp-json\/wp\/v2\/pages\/696","targetHints":{"allow":["GET"]}}],"collection":[{"href":"https:\/\/catinacciodolomiti.it\/de\/wp-json\/wp\/v2\/pages"}],"about":[{"href":"https:\/\/catinacciodolomiti.it\/de\/wp-json\/wp\/v2\/types\/page"}],"author":[{"embeddable":true,"href":"https:\/\/catinacciodolomiti.it\/de\/wp-json\/wp\/v2\/users\/1"}],"replies":[{"embeddable":true,"href":"https:\/\/catinacciodolomiti.it\/de\/wp-json\/wp\/v2\/comments?post=696"}],"version-history":[{"count":5,"href":"https:\/\/catinacciodolomiti.it\/de\/wp-json\/wp\/v2\/pages\/696\/revisions"}],"predecessor-version":[{"id":701,"href":"https:\/\/catinacciodolomiti.it\/de\/wp-json\/wp\/v2\/pages\/696\/revisions\/701"}],"wp:attachment":[{"href":"https:\/\/catinacciodolomiti.it\/de\/wp-json\/wp\/v2\/media?parent=696"}],"curies":[{"name":"wp","href":"https:\/\/api.w.org\/{rel}","templated":true}]}}