{"id":1591,"date":"2024-11-19T15:18:59","date_gmt":"2024-11-19T14:18:59","guid":{"rendered":"https:\/\/catinacciodolomiti.it\/prezzi-inverno-24-25\/"},"modified":"2025-12-04T16:49:15","modified_gmt":"2025-12-04T15:49:15","slug":"prezzi-inverno-25-26","status":"publish","type":"page","link":"https:\/\/catinacciodolomiti.it\/de\/prezzi-inverno-25-26\/","title":{"rendered":"PREISE WINTER 25\/26"},"content":{"rendered":"<section class=\"l-section wpb_row height_medium\"><div class=\"l-section-h i-cf\"><div class=\"g-cols vc_row via_grid cols_1 laptops-cols_inherit tablets-cols_inherit mobiles-cols_1 valign_top type_default stacking_default\"><div class=\"wpb_column vc_column_container\"><div class=\"vc_column-inner\"><div class=\"wpb_text_column\"><div class=\"wpb_wrapper\"><h1>PREISE SKIGEBIET ROSENGARTEN<\/h1>\n<p>LEGENDE<\/p>\n<p>GRUPPEN: (\u00fcber 20 Personen) 1 FREITAG PRO 20 BEZAHLENDE<\/p>\n<p>A\/R = HIN- UND R\u00dcCKFAHRT<br \/>A = NUR HINFAHRT<br \/>R = NUR R\u00dcCKFAHRT<\/p>\n<h5>ACHTUNG<\/h5>\n<p>F\u00fcr den Erhalt altersbasierter Gratisskip\u00e4sse oder Erm\u00e4\u00dfigungen ist die Vorlage eines g\u00fcltigen amtlichen Ausweisdokuments zwingend erforderlich. Eigenerkl\u00e4rungen zum Alter k\u00f6nnen nicht akzeptiert werden.<\/p>\n<p>\u00a0<\/p>\n<p><a href=\"https:\/\/shop.dolomitisuperski.com\/corsa-singola\" target=\"_blank\" rel=\"noopener\"><span style=\"color: #f68b20; font-size: 38.4171px; font-weight: bold; letter-spacing: 1.92086px; text-decoration-line: underline; text-transform: uppercase;\">TICKETS ONLINE KAUFEN<\/span><strong style=\"color: #0f131f; font-size: calc(22px + 1.3vw); letter-spacing: 0.05em; text-transform: uppercase;\">\u00a0<\/strong><\/a><\/p>\n<h2>PREISE WINTER 25\/26<\/h2>\n<div class=\"listinoWrapper\">\n<table style=\"height: 1710px;\" width=\"906\">\n<tbody>\n<tr>\n<td rowspan=\"2\" width=\"298\">Ticketart<\/td>\n<td width=\"164\">Adulti<\/td>\n<td width=\"178\">Junior &lt;18 anni<\/td>\n<td width=\"164\">Gruppi<\/td>\n<\/tr>\n<tr>\n<td width=\"164\">euro<\/td>\n<td width=\"178\">euro<\/td>\n<td width=\"164\">euro<\/td>\n<\/tr>\n<tr>\n<td width=\"298\">Hin- und R\u00fcckfahrt \u2013 Seilbahn Vigo-Ciampedie, auch g\u00fcltig f\u00fcr eine Hin- und R\u00fcckfahrt mit dem Sessellift Pian Pecei-Ciampedie<\/td>\n<td width=\"164\">27,00<\/td>\n<td width=\"178\">19,00<\/td>\n<td width=\"164\">22,00<\/td>\n<\/tr>\n<tr>\n<td width=\"298\">A\/R \u2013 Sessellifte von Pera di Fassa Vajolet 1+Vajolet 2+Pian Pecei-Ciampedie<\/td>\n<td width=\"164\">27,00<\/td>\n<td width=\"178\">19,00<\/td>\n<td width=\"164\">22,00<\/td>\n<\/tr>\n<tr>\n<td width=\"298\">A &#8211; Seilbahn Vigo-Ciampedie<\/td>\n<td width=\"164\">15,00<\/td>\n<td width=\"178\">10,50<\/td>\n<td width=\"164\">\u00a0<\/td>\n<\/tr>\n<tr>\n<td width=\"298\">R &#8211; Seilbahn Vigo-Ciampedie<\/td>\n<td width=\"164\">15,00<\/td>\n<td width=\"178\">10,50<\/td>\n<td width=\"164\">\u00a0<\/td>\n<\/tr>\n<tr>\n<td width=\"298\">A &#8211; 3 Sessellifte von Pera<\/td>\n<td rowspan=\"4\" width=\"164\">15,00<\/td>\n<td rowspan=\"4\" width=\"178\">15,00<\/td>\n<td rowspan=\"4\" width=\"164\">\u00a0<\/td>\n<\/tr>\n<tr>\n<td width=\"298\">Vajolet 1+Vajolet 2+ und nach Wahl:<\/td>\n<\/tr>\n<tr>\n<td width=\"298\">Pian Pecei-Ciampedie<\/td>\n<\/tr>\n<tr>\n<td width=\"298\">Pian Pecei-Pra Martin (<strong style=\"font-family: inherit; font-size: inherit; letter-spacing: 0em;\">NUR SKIFAHRER<\/strong>)<\/td>\n<\/tr>\n<tr>\n<td width=\"298\">R &#8211; 3 Sessellifte f\u00fcr Pera<\/td>\n<td width=\"164\">15,00<\/td>\n<td width=\"178\">10,50<\/td>\n<td width=\"164\">\u00a0<\/td>\n<\/tr>\n<tr>\n<td width=\"298\">A\/R Pera-Pian Pecei<br \/>Vajolet 1 + Vajolet 2<\/td>\n<td width=\"164\">18,00<\/td>\n<td width=\"178\">13,00<\/td>\n<td width=\"164\">14,50<\/td>\n<\/tr>\n<tr>\n<td width=\"298\">A &#8211; Pian Pecei 2 Tronchi<\/td>\n<td width=\"164\">12,00<\/td>\n<td width=\"178\">8,50<\/td>\n<td width=\"164\">\u00a0<\/td>\n<\/tr>\n<tr>\n<td width=\"298\">R &#8211; Pian Pecei 2 Tronchi<\/td>\n<td width=\"164\">12,00<\/td>\n<td width=\"178\">8,50<\/td>\n<td width=\"164\">\u00a0<\/td>\n<\/tr>\n<tr>\n<td width=\"298\">\u00a0<\/td>\n<td width=\"164\">\u00a0<\/td>\n<td width=\"178\">\u00a0<\/td>\n<td width=\"164\">\u00a0<\/td>\n<\/tr>\n<tr>\n<td width=\"298\"><strong>EINZELFAHRTEN SESSELLIFTE<\/strong><\/td>\n<td width=\"164\">\u00a0<\/td>\n<td width=\"178\">\u00a0<\/td>\n<td width=\"164\">\u00a0<\/td>\n<\/tr>\n<tr>\n<td width=\"298\">&#8211; Vajolet 1 (Pera-Vajolet)<\/td>\n<td width=\"164\">9,00<\/td>\n<td width=\"178\">9,00<\/td>\n<td width=\"164\">\u00a0<\/td>\n<\/tr>\n<tr>\n<td width=\"298\">&#8211; Vajolet 2 (Vajolet-Pian Pecei)<\/td>\n<td width=\"164\">9,00<\/td>\n<td width=\"178\">9,00<\/td>\n<td width=\"164\">\u00a0<\/td>\n<\/tr>\n<tr>\n<td width=\"298\">&#8211; Pian Pecei-Ciampedie<\/td>\n<td width=\"164\">7,00<\/td>\n<td width=\"178\">7,00<\/td>\n<td width=\"164\">\u00a0<\/td>\n<\/tr>\n<tr>\n<td width=\"298\">&#8211; Pian Pecei-Pra Martin<\/td>\n<td width=\"164\">8,00<\/td>\n<td width=\"178\">8,00<\/td>\n<td width=\"164\">\u00a0<\/td>\n<\/tr>\n<tr>\n<td width=\"298\">&#8211; Campo Scuola Ciampedie<\/td>\n<td width=\"164\">5,00<\/td>\n<td width=\"178\">5,00<\/td>\n<td width=\"164\">\u00a0<\/td>\n<\/tr>\n<tr>\n<td width=\"298\">&#8211; 10 corse Campo Scuola<\/td>\n<td width=\"164\">38,00<\/td>\n<td width=\"178\">38,00<\/td>\n<td width=\"164\">\u00a0<\/td>\n<\/tr>\n<tr>\n<td width=\"298\">\u00a0<\/td>\n<td width=\"164\">\u00a0<\/td>\n<td width=\"178\">\u00a0<\/td>\n<td width=\"164\">\u00a0<\/td>\n<\/tr>\n<tr>\n<td rowspan=\"2\" width=\"298\">\u00a0<\/td>\n<td width=\"164\">Vorsaison<\/td>\n<td width=\"178\">Saison<\/td>\n<td width=\"164\">Hochsaison<\/td>\n<\/tr>\n<tr>\n<td width=\"164\">04.12.2025 &#8211; 20.12.2025<\/td>\n<td width=\"178\">11.01.2026 &#8211; 31.01.2026 15.03.2026 &#8211; fine stagione<\/td>\n<td width=\"164\">21.12.2025 &#8211; 10.01.2026 01.02.2026 &#8211; 14.03.2026<\/td>\n<\/tr>\n<tr>\n<td width=\"298\">TAGESKARTE F\u00dcR SKIFAHREN<\/td>\n<td width=\"164\">\u00a0<\/td>\n<td width=\"178\">\u00a0<\/td>\n<td width=\"164\">\u00a0<\/td>\n<\/tr>\n<tr>\n<td width=\"298\">Erwachsener<\/td>\n<td width=\"164\">46,50<\/td>\n<td width=\"178\">60,00<\/td>\n<td width=\"164\">67,50<\/td>\n<\/tr>\n<tr>\n<td width=\"298\">Jungen&lt;18 (n.\/geboren\/born 2008-2017)<\/td>\n<td width=\"164\">32,50<\/td>\n<td width=\"178\">42,00<\/td>\n<td width=\"164\">47,50<\/td>\n<\/tr>\n<tr>\n<td width=\"298\">Senior&gt;65 (n.\/geboren\/born 1960)<\/td>\n<td width=\"164\">42,00<\/td>\n<td width=\"178\">54,00<\/td>\n<td width=\"164\">58,50<\/td>\n<\/tr>\n<tr>\n<td width=\"298\">VORMITTAGSSKIPASS<br \/>(bis 13.00 Uhr)<\/td>\n<td width=\"164\">\u00a0<\/td>\n<td width=\"178\">\u00a0<\/td>\n<td width=\"164\">\u00a0<\/td>\n<\/tr>\n<tr>\n<td width=\"298\">Erwachsener<\/td>\n<td width=\"164\">35,00<\/td>\n<td width=\"178\">45,50<\/td>\n<td width=\"164\">50,00<\/td>\n<\/tr>\n<tr>\n<td width=\"298\">Jungen&lt;18 (n.\/geboren\/born 2008-2017)<\/td>\n<td width=\"164\">24,50<\/td>\n<td width=\"178\">31,50<\/td>\n<td width=\"164\">35,50<\/td>\n<\/tr>\n<tr>\n<td width=\"298\">NACHMITTASSKIPASS<br \/>(ab 12.30 Uhr)<\/td>\n<td width=\"164\">\u00a0<\/td>\n<td width=\"178\">\u00a0<\/td>\n<td width=\"164\">\u00a0<\/td>\n<\/tr>\n<tr>\n<td width=\"298\">Erwachsener<\/td>\n<td width=\"164\">32,50<\/td>\n<td width=\"178\">42,00<\/td>\n<td width=\"164\">47,50<\/td>\n<\/tr>\n<tr>\n<td width=\"298\">Jungen&lt;18 (n.\/geboren\/born 2008-2017)<\/td>\n<td width=\"164\">23,00<\/td>\n<td width=\"178\">29,50<\/td>\n<td width=\"164\">33,50<\/td>\n<\/tr>\n<tr>\n<td>SKIPASS 4 h<\/td>\n<td width=\"164\">\u00a0<\/td>\n<td width=\"178\">\u00a0<\/td>\n<td width=\"164\">\u00a0<\/td>\n<\/tr>\n<tr>\n<td width=\"298\">Erwachsener<\/td>\n<td width=\"164\">46,00<\/td>\n<td width=\"178\">46,00<\/td>\n<td width=\"164\">50,00<\/td>\n<\/tr>\n<tr>\n<td width=\"298\">Jungen&lt;18 (n.\/geboren\/born 2008-2017)<\/td>\n<td width=\"164\">32,00<\/td>\n<td width=\"178\">32,00<\/td>\n<td width=\"164\">35,00<\/td>\n<\/tr>\n<tr>\n<td width=\"298\">BABY (2018-2022)<\/td>\n<td width=\"164\">24,00<\/td>\n<td width=\"178\">24,00<\/td>\n<td width=\"164\">24,00<\/td>\n<\/tr>\n<\/tbody>\n<\/table>\n<\/div>\n<\/div><\/div><\/div><\/div><\/div><\/div><\/section>\n","protected":false},"excerpt":{"rendered":"PREISE SKIGEBIET ROSENGARTEN LEGENDE GRUPPEN: (\u00fcber 20 Personen) 1 FREITAG PRO 20 BEZAHLENDE A\/R = HIN- UND R\u00dcCKFAHRTA = NUR HINFAHRTR = NUR R\u00dcCKFAHRT ACHTUNG F\u00fcr den Erhalt altersbasierter Gratisskip\u00e4sse oder Erm\u00e4\u00dfigungen ist die Vorlage eines g\u00fcltigen amtlichen Ausweisdokuments zwingend erforderlich. Eigenerkl\u00e4rungen zum Alter k\u00f6nnen nicht akzeptiert werden. \u00a0 TICKETS ONLINE KAUFEN\u00a0 PREISE WINTER 25\/26...","protected":false},"author":3,"featured_media":0,"parent":0,"menu_order":0,"comment_status":"closed","ping_status":"closed","template":"","meta":{"footnotes":""},"class_list":["post-1591","page","type-page","status-publish","hentry"],"_links":{"self":[{"href":"https:\/\/catinacciodolomiti.it\/de\/wp-json\/wp\/v2\/pages\/1591","targetHints":{"allow":["GET"]}}],"collection":[{"href":"https:\/\/catinacciodolomiti.it\/de\/wp-json\/wp\/v2\/pages"}],"about":[{"href":"https:\/\/catinacciodolomiti.it\/de\/wp-json\/wp\/v2\/types\/page"}],"author":[{"embeddable":true,"href":"https:\/\/catinacciodolomiti.it\/de\/wp-json\/wp\/v2\/users\/3"}],"replies":[{"embeddable":true,"href":"https:\/\/catinacciodolomiti.it\/de\/wp-json\/wp\/v2\/comments?post=1591"}],"version-history":[{"count":6,"href":"https:\/\/catinacciodolomiti.it\/de\/wp-json\/wp\/v2\/pages\/1591\/revisions"}],"predecessor-version":[{"id":1688,"href":"https:\/\/catinacciodolomiti.it\/de\/wp-json\/wp\/v2\/pages\/1591\/revisions\/1688"}],"wp:attachment":[{"href":"https:\/\/catinacciodolomiti.it\/de\/wp-json\/wp\/v2\/media?parent=1591"}],"curies":[{"name":"wp","href":"https:\/\/api.w.org\/{rel}","templated":true}]}}